{"id":967,"date":"2019-12-09T16:55:06","date_gmt":"2019-12-09T15:55:06","guid":{"rendered":"https:\/\/nexpert.cat\/?page_id=967"},"modified":"2024-08-07T14:44:43","modified_gmt":"2024-08-07T12:44:43","slug":"cuadros-electricos","status":"publish","type":"page","link":"https:\/\/nexpert.cat\/es\/cuadros-electricos\/","title":{"rendered":"Cuadros el\u00e9ctricos"},"content":{"rendered":"\n<figure class=\"wp-block-image\"><img decoding=\"async\" loading=\"lazy\" width=\"348\" height=\"500\" src=\"https:\/\/nexpert.cat\/wp-content\/uploads\/2019\/11\/quadre-retocat-2.png\" alt=\"\" class=\"wp-image-1013\" srcset=\"https:\/\/nexpert.cat\/wp-content\/uploads\/2019\/11\/quadre-retocat-2.png 348w, https:\/\/nexpert.cat\/wp-content\/uploads\/2019\/11\/quadre-retocat-2-209x300.png 209w\" sizes=\"(max-width: 639px) 98vw, (max-width: 1199px) 64vw, 348px\" \/><\/figure>\n\n\n\n<p>El\nmontaje de cuadros el\u00e9ctricos es la base de nuestra experiencia. En nuestro\ntaller el\u00e9ctrico podemos realizar cuadros el\u00e9ctricos con gran comodidad y con\nlas herramientas necesarias para poder llevar a cabo los trabajos con la mayor\nprecisi\u00f3n posible.<\/p>\n\n\n\n<p>El\ntaller el\u00e9ctrico dispone de herramientas y equipamiento como:<\/p>\n\n\n\n<p>El montaje de cuadros el\u00e9ctricos es la base de nuestra experiencia. En nuestro taller el\u00e9ctrico podemos realizar cuadros el\u00e9ctricos con gran comodidad y con las herramientas necesarias para llevar a cabo los trabajos con la mayor precisi\u00f3n posible.<\/p>\n\n\n\n<p>El taller el\u00e9ctrico dispone de herramientas y equipamiento como:<\/p>\n\n\n\n<ul>\n<li><strong>Mesas de montaje<\/strong>: permiten hacer trabajos en horizontal y separar el material de cada proyecto.<\/li>\n\n\n\n<li><strong>Cajas de herramientas<\/strong>: cada trabajador dispone de una caja de herramientas para realizar todas las tareas con las herramientas correspondientes.<\/li>\n\n\n\n<li><strong>Sierra<\/strong>: permite cortar canalizaciones para ubicar cables con todos los \u00e1ngulos que sean necesarios.<\/li>\n\n\n\n<li><strong>Cizalla neum\u00e1tica<\/strong>: permite el corte a medida y perforaci\u00f3n de carril DIN.<\/li>\n\n\n\n<li><strong>Almacenes m\u00f3viles de peque\u00f1o material de montaje<\/strong>:\n<ul>\n<li>Terminales<\/li>\n\n\n\n<li>Punteras<\/li>\n\n\n\n<li>Tornillos de fijaci\u00f3n<\/li>\n\n\n\n<li>Bridas<\/li>\n<\/ul>\n<\/li>\n\n\n\n<li><strong>Plegadoras de pletinas<\/strong>: permiten plegar y perforar pletinas de cobre.<\/li>\n\n\n\n<li><strong>Taladros para piezas met\u00e1licas<\/strong>: con estos equipos se pueden perforar las placas de montaje y envolventes.<\/li>\n\n\n\n<li><strong>Troqueles hidr\u00e1ulicos<\/strong>: permiten perforar, con tama\u00f1os predefinidos, envolventes met\u00e1licas y de poli\u00e9ster.<\/li>\n<\/ul>\n\n\n\n<p>Los cuadros el\u00e9ctricos que montamos son para:<\/p>\n\n\n\n<ul>\n<li><strong><a href=\"https:\/\/nexpert.cat\/es\/servicios\/potencia-y-distribucion\/\">Potencia y distribuci\u00f3n de circuitos<\/a><\/strong><\/li>\n\n\n\n<li><strong><a href=\"https:\/\/nexpert.cat\/es\/servicios\/control-industrial\/\">Control industrial<\/a><\/strong><\/li>\n<\/ul>\n","protected":false},"excerpt":{"rendered":"<p>El montaje de cuadros el\u00e9ctricos es la base de nuestra experiencia. En nuestro taller el\u00e9ctrico podemos realizar cuadros el\u00e9ctricos con gran comodidad y con las herramientas necesarias para poder llevar a cabo los trabajos con la mayor precisi\u00f3n posible. El taller el\u00e9ctrico dispone de herramientas y equipamiento como: El montaje de cuadros el\u00e9ctricos es la [&hellip;]<\/p>\n","protected":false},"author":1,"featured_media":0,"parent":0,"menu_order":0,"comment_status":"closed","ping_status":"closed","template":"","meta":[],"aioseo_notices":[],"_links":{"self":[{"href":"https:\/\/nexpert.cat\/es\/wp-json\/wp\/v2\/pages\/967"}],"collection":[{"href":"https:\/\/nexpert.cat\/es\/wp-json\/wp\/v2\/pages"}],"about":[{"href":"https:\/\/nexpert.cat\/es\/wp-json\/wp\/v2\/types\/page"}],"author":[{"embeddable":true,"href":"https:\/\/nexpert.cat\/es\/wp-json\/wp\/v2\/users\/1"}],"replies":[{"embeddable":true,"href":"https:\/\/nexpert.cat\/es\/wp-json\/wp\/v2\/comments?post=967"}],"version-history":[{"count":18,"href":"https:\/\/nexpert.cat\/es\/wp-json\/wp\/v2\/pages\/967\/revisions"}],"predecessor-version":[{"id":1324,"href":"https:\/\/nexpert.cat\/es\/wp-json\/wp\/v2\/pages\/967\/revisions\/1324"}],"wp:attachment":[{"href":"https:\/\/nexpert.cat\/es\/wp-json\/wp\/v2\/media?parent=967"}],"curies":[{"name":"wp","href":"https:\/\/api.w.org\/{rel}","templated":true}]}}