{"id":889,"date":"2019-12-09T16:16:18","date_gmt":"2019-12-09T15:16:18","guid":{"rendered":"https:\/\/nexpert.cat\/?page_id=889"},"modified":"2024-08-09T13:39:08","modified_gmt":"2024-08-09T11:39:08","slug":"oficina-tecnica","status":"publish","type":"page","link":"https:\/\/nexpert.cat\/es\/oficina-tecnica\/","title":{"rendered":"Oficina t\u00e9cnica"},"content":{"rendered":"\n<figure class=\"wp-block-image\"><img decoding=\"async\" loading=\"lazy\" width=\"825\" height=\"625\" src=\"https:\/\/nexpert.cat\/wp-content\/uploads\/2019\/10\/foto-2-1.png\" alt=\"\" class=\"wp-image-896\" srcset=\"https:\/\/nexpert.cat\/wp-content\/uploads\/2019\/10\/foto-2-1.png 825w, https:\/\/nexpert.cat\/wp-content\/uploads\/2019\/10\/foto-2-1-300x227.png 300w, https:\/\/nexpert.cat\/wp-content\/uploads\/2019\/10\/foto-2-1-768x582.png 768w, https:\/\/nexpert.cat\/wp-content\/uploads\/2019\/10\/foto-2-1-640x485.png 640w\" sizes=\"(max-width: 639px) 98vw, (max-width: 1199px) 64vw, 770px\" \/><\/figure>\n\n\n\n<p>Como Oficina T\u00e9cnica, distinguimos tres partes esenciales que deben trabajar en perfecta sincronizaci\u00f3n.<\/p>\n\n\n\n<p>La primera parte est\u00e1 formada por los profesionales que desarrollan la parte m\u00e1s t\u00e9cnica e innovadora de los proyectos. Este equipo es responsable de comunicarse con los clientes para obtener toda la informaci\u00f3n necesaria y definir al m\u00e1ximo las soluciones que garantizar\u00e1n su m\u00e1xima satisfacci\u00f3n. Adem\u00e1s, lideran la direcci\u00f3n de los trabajos en las empresas, realizando las comprobaciones y mediciones imprescindibles para alcanzar la perfecci\u00f3n y rentabilidad del proyecto.<\/p>\n\n\n\n<p>En paralelo, dentro de la oficina t\u00e9cnica se llevan a cabo las gestiones administrativas. Esta parte se dedica a negociar con el cliente un precio razonable mediante presupuestos personalizados, formalizar contratos y controlar los costos asociados. Es esencial que esta funci\u00f3n est\u00e9 en armon\u00eda con el trabajo t\u00e9cnico para garantizar que las expectativas del cliente coincidan con la ejecuci\u00f3n del proyecto.<\/p>\n\n\n\n<p>Finalmente, la direcci\u00f3n de la empresa supervisa el conjunto del proceso para asegurarse de que todo funcione a la perfecci\u00f3n. Esta \u00e1rea vela por el correcto funcionamiento del equipo, confiando en su capacidad y conocimiento de la empresa. En algunos casos, la direcci\u00f3n tambi\u00e9n se responsabiliza de la parte comercial, aportando su experiencia en el funcionamiento global de la empresa.<\/p>\n\n\n\n<p>Algunas de las principales tareas que realizamos en la oficina t\u00e9cnica son:<\/p>\n\n\n\n<ul>\n<li><a href=\"https:\/\/nexpert.cat\/es\/servicios\/diseno-de-proyectos\/\" title=\"Dise\u00f1o de proyectos\"><strong>Dise\u00f1o de proyectos<\/strong><\/a><\/li>\n\n\n\n<li><a href=\"https:\/\/nexpert.cat\/ca\/serveis\/interficie-home-maquina\/\" title=\"https:\/\/nexpert.cat\/es\/servicios\/interficie-hombre-maquina\/\"><strong>Interfaz Hombre-M\u00e1quina<\/strong><\/a><\/li>\n\n\n\n<li><a href=\"https:\/\/nexpert.cat\/es\/servicios\/programacion-de-plcs\/\" title=\"Programaci\u00f3n de PLC\"><strong>Programaci\u00f3n de PLC<\/strong><\/a><\/li>\n\n\n\n<li><a href=\"https:\/\/nexpert.cat\/es\/servicios\/scada\/\" title=\"SCADA\"><strong>SCADA<\/strong><\/a><\/li>\n\n\n\n<li><a href=\"https:\/\/nexpert.cat\/es\/servicios\/trazabilidad\/\" title=\"Trazabilidad\"><strong>Trazabilidad<\/strong><\/a><\/li>\n<\/ul>\n","protected":false},"excerpt":{"rendered":"<p>Como Oficina T\u00e9cnica, distinguimos tres partes esenciales que deben trabajar en perfecta sincronizaci\u00f3n. La primera parte est\u00e1 formada por los profesionales que desarrollan la parte m\u00e1s t\u00e9cnica e innovadora de los proyectos. Este equipo es responsable de comunicarse con los clientes para obtener toda la informaci\u00f3n necesaria y definir al m\u00e1ximo las soluciones que garantizar\u00e1n [&hellip;]<\/p>\n","protected":false},"author":1,"featured_media":0,"parent":0,"menu_order":0,"comment_status":"closed","ping_status":"closed","template":"","meta":[],"aioseo_notices":[],"_links":{"self":[{"href":"https:\/\/nexpert.cat\/es\/wp-json\/wp\/v2\/pages\/889"}],"collection":[{"href":"https:\/\/nexpert.cat\/es\/wp-json\/wp\/v2\/pages"}],"about":[{"href":"https:\/\/nexpert.cat\/es\/wp-json\/wp\/v2\/types\/page"}],"author":[{"embeddable":true,"href":"https:\/\/nexpert.cat\/es\/wp-json\/wp\/v2\/users\/1"}],"replies":[{"embeddable":true,"href":"https:\/\/nexpert.cat\/es\/wp-json\/wp\/v2\/comments?post=889"}],"version-history":[{"count":5,"href":"https:\/\/nexpert.cat\/es\/wp-json\/wp\/v2\/pages\/889\/revisions"}],"predecessor-version":[{"id":1448,"href":"https:\/\/nexpert.cat\/es\/wp-json\/wp\/v2\/pages\/889\/revisions\/1448"}],"wp:attachment":[{"href":"https:\/\/nexpert.cat\/es\/wp-json\/wp\/v2\/media?parent=889"}],"curies":[{"name":"wp","href":"https:\/\/api.w.org\/{rel}","templated":true}]}}