{"id":848,"date":"2019-12-09T16:11:37","date_gmt":"2019-12-09T15:11:37","guid":{"rendered":"https:\/\/nexpert.cat\/?page_id=848"},"modified":"2024-08-09T13:16:19","modified_gmt":"2024-08-09T11:16:19","slug":"control-de-cualidad","status":"publish","type":"page","link":"https:\/\/nexpert.cat\/es\/control-de-cualidad\/","title":{"rendered":"Control de calidad"},"content":{"rendered":"\n<figure class=\"wp-block-image\"><img decoding=\"async\" loading=\"lazy\" width=\"375\" height=\"500\" src=\"https:\/\/nexpert.cat\/wp-content\/uploads\/2019\/11\/CIMG1493-retocada-2.jpg\" alt=\"\" class=\"wp-image-993\" srcset=\"https:\/\/nexpert.cat\/wp-content\/uploads\/2019\/11\/CIMG1493-retocada-2.jpg 375w, https:\/\/nexpert.cat\/wp-content\/uploads\/2019\/11\/CIMG1493-retocada-2-225x300.jpg 225w\" sizes=\"(max-width: 639px) 98vw, (max-width: 1199px) 64vw, 375px\" \/><\/figure>\n\n\n\n<p>El control de calidad es el conjunto de programas, t\u00e9cnicas y acciones que se realizan, ya sean a trav\u00e9s de an\u00e1lisis, tests u otras herramientas de control de gesti\u00f3n disponibles para detectar defectos existentes en productos, procesos o servicios.<\/p>\n\n\n\n<p>Una vez recopilada toda la informaci\u00f3n posible, se analizan e interpretan los datos para asegurar que los productos o servicios finales est\u00e9n dise\u00f1ados y producidos para satisfacer los requisitos y especificaciones demandadas por todos los usuarios, y no solo el usuario final.<\/p>\n\n\n\n<p>Es uno de los apartados m\u00e1s complejos, ya que intervienen la precisi\u00f3n y muchos otros factores. Para ello, es necesario saber muy bien lo que se pide y escuchar lo que se solicita. Nuestro equipo es experto en precisar y entiende a la perfecci\u00f3n las demandas de los clientes.<\/p>\n\n\n\n<p>Nexpert cumple todos los requisitos de los clientes, innovando en los procesos en caso de que sea necesario.<\/p>\n\n\n\n<p>Nuestro equipo est\u00e1 capacitado para utilizar todo tipo de material en el sector del control de calidad, como, por ejemplo:<\/p>\n\n\n\n<ul>\n<li><strong>Equipos de visi\u00f3n artificial<\/strong> para detectar nivel y\/o turbidez de botellas.<\/li>\n\n\n\n<li><strong>Equipos de visi\u00f3n artificial<\/strong> para detectar ca\u00f1o roto de las botellas.<\/li>\n\n\n\n<li><strong>Sensores de nivel de l\u00edquidos<\/strong> que contengan agua.<\/li>\n\n\n\n<li><strong>Controles de producci\u00f3n <\/strong>y programas de control de trazabilidad.<\/li>\n<\/ul>\n\n\n\n<p>Podemos trabajar a nivel nacional. Ya se han realizado proyectos con la satisfacci\u00f3n de los clientes al ver el estado final de todo lo que engloba el proyecto.<\/p>\n\n\n\n<p>Podemos ver diferentes sistemas de control de calidad como, por ejemplo:<\/p>\n\n\n\n<ul>\n<li><strong><a href=\"https:\/\/nexpert.cat\/es\/servicios\/pesaje-estatico-dinamico\/\">Pasaje est\u00e1tico\/din\u00e1mico<\/a><\/strong><\/li>\n\n\n\n<li><strong><a href=\"https:\/\/nexpert.cat\/es\/servicios\/sistemas-de-medicion\/\">Sistemas de medici\u00f3n<\/a><\/strong><\/li>\n\n\n\n<li><strong><a href=\"https:\/\/nexpert.cat\/es\/servicios\/vision-artificial\/\">Visi\u00f3n artificial<\/a><\/strong><\/li>\n<\/ul>\n\n\n\n<p><\/p>\n","protected":false},"excerpt":{"rendered":"<p>El control de calidad es el conjunto de programas, t\u00e9cnicas y acciones que se realizan, ya sean a trav\u00e9s de an\u00e1lisis, tests u otras herramientas de control de gesti\u00f3n disponibles para detectar defectos existentes en productos, procesos o servicios. Una vez recopilada toda la informaci\u00f3n posible, se analizan e interpretan los datos para asegurar que [&hellip;]<\/p>\n","protected":false},"author":1,"featured_media":0,"parent":0,"menu_order":0,"comment_status":"closed","ping_status":"closed","template":"","meta":[],"aioseo_notices":[],"_links":{"self":[{"href":"https:\/\/nexpert.cat\/es\/wp-json\/wp\/v2\/pages\/848"}],"collection":[{"href":"https:\/\/nexpert.cat\/es\/wp-json\/wp\/v2\/pages"}],"about":[{"href":"https:\/\/nexpert.cat\/es\/wp-json\/wp\/v2\/types\/page"}],"author":[{"embeddable":true,"href":"https:\/\/nexpert.cat\/es\/wp-json\/wp\/v2\/users\/1"}],"replies":[{"embeddable":true,"href":"https:\/\/nexpert.cat\/es\/wp-json\/wp\/v2\/comments?post=848"}],"version-history":[{"count":14,"href":"https:\/\/nexpert.cat\/es\/wp-json\/wp\/v2\/pages\/848\/revisions"}],"predecessor-version":[{"id":1440,"href":"https:\/\/nexpert.cat\/es\/wp-json\/wp\/v2\/pages\/848\/revisions\/1440"}],"wp:attachment":[{"href":"https:\/\/nexpert.cat\/es\/wp-json\/wp\/v2\/media?parent=848"}],"curies":[{"name":"wp","href":"https:\/\/api.w.org\/{rel}","templated":true}]}}