{"id":825,"date":"2019-12-09T12:34:47","date_gmt":"2019-12-09T11:34:47","guid":{"rendered":"https:\/\/nexpert.cat\/?page_id=825"},"modified":"2024-08-07T14:30:12","modified_gmt":"2024-08-07T12:30:12","slug":"automatizacion-industrial","status":"publish","type":"page","link":"https:\/\/nexpert.cat\/es\/automatizacion-industrial\/","title":{"rendered":"Automatizaci\u00f3n Industrial"},"content":{"rendered":"\n<figure class=\"wp-block-image\"><img decoding=\"async\" loading=\"lazy\" width=\"1024\" height=\"685\" src=\"https:\/\/nexpert.cat\/wp-content\/uploads\/2019\/11\/DSC_0098-1-1024x685.jpg\" alt=\"\" class=\"wp-image-936\" srcset=\"https:\/\/nexpert.cat\/wp-content\/uploads\/2019\/11\/DSC_0098-1-1024x685.jpg 1024w, https:\/\/nexpert.cat\/wp-content\/uploads\/2019\/11\/DSC_0098-1-300x201.jpg 300w, https:\/\/nexpert.cat\/wp-content\/uploads\/2019\/11\/DSC_0098-1-768x514.jpg 768w, https:\/\/nexpert.cat\/wp-content\/uploads\/2019\/11\/DSC_0098-1-640x428.jpg 640w, https:\/\/nexpert.cat\/wp-content\/uploads\/2019\/11\/DSC_0098-1-1200x803.jpg 1200w, https:\/\/nexpert.cat\/wp-content\/uploads\/2019\/11\/DSC_0098-1-1920x1285.jpg 1920w\" sizes=\"(max-width: 639px) 98vw, (max-width: 1199px) 64vw, 770px\" \/><\/figure>\n\n\n\n<p>La automatizaci\u00f3n desempe\u00f1a un papel cada vez m\u00e1s importante en la econom\u00eda mundial y en la experiencia diaria. Con las tecnolog\u00edas necesarias, junto con las m\u00e1quinas controladoras de procesos industriales, las empresas pueden ser m\u00e1s competitivas y, al mismo tiempo, seguir creciendo y apostando por la innovaci\u00f3n.<\/p>\n\n\n\n<p>Con una trayectoria de m\u00e1s de 40 a\u00f1os, Nexpert es una empresa especialista con una gran experiencia en todos los aspectos de la integraci\u00f3n de tecnolog\u00edas de automatizaci\u00f3n. Todo este conocimiento fundamenta nuestro valor a\u00f1adido y, por este motivo, podemos ofrecer soluciones para mejorar los procesos industriales.<\/p>\n\n\n\n<p>Somos expertos en el sector del \u201cfood and beverage\u201d, lo pod\u00e9is ver en los proyectos realizados, como el <a href=\"https:\/\/nexpert.cat\/es\/servicios\/robotica-industrial\/despaletizado\/\" title=\"despaletizado\">despaletizado<\/a> y <a href=\"https:\/\/nexpert.cat\/es\/servicios\/robotica-industrial\/paletizado\/\" title=\"paletizado\">paletizado<\/a>, el manipulado de botellas y maquinaria para todo tipo de envases, y los dosificadores de elementos de protecci\u00f3n y separaci\u00f3n. Tambi\u00e9n trabajamos para una gran diversidad de empresas de muchos otros sectores, ya sea en la construcci\u00f3n de maquinaria de producci\u00f3n o en el dise\u00f1o y realizaci\u00f3n de instalaciones el\u00e9ctricas.<\/p>\n\n\n\n<p>Integramos todo tipo de elementos tecnol\u00f3gicos, ya sean robots industriales, PLC de control, interfaces de comunicaci\u00f3n, detecci\u00f3n, seguridad, controles SCADA, etc.<\/p>\n","protected":false},"excerpt":{"rendered":"<p>La automatizaci\u00f3n desempe\u00f1a un papel cada vez m\u00e1s importante en la econom\u00eda mundial y en la experiencia diaria. Con las tecnolog\u00edas necesarias, junto con las m\u00e1quinas controladoras de procesos industriales, las empresas pueden ser m\u00e1s competitivas y, al mismo tiempo, seguir creciendo y apostando por la innovaci\u00f3n. Con una trayectoria de m\u00e1s de 40 a\u00f1os, [&hellip;]<\/p>\n","protected":false},"author":1,"featured_media":0,"parent":0,"menu_order":0,"comment_status":"closed","ping_status":"closed","template":"","meta":[],"aioseo_notices":[],"_links":{"self":[{"href":"https:\/\/nexpert.cat\/es\/wp-json\/wp\/v2\/pages\/825"}],"collection":[{"href":"https:\/\/nexpert.cat\/es\/wp-json\/wp\/v2\/pages"}],"about":[{"href":"https:\/\/nexpert.cat\/es\/wp-json\/wp\/v2\/types\/page"}],"author":[{"embeddable":true,"href":"https:\/\/nexpert.cat\/es\/wp-json\/wp\/v2\/users\/1"}],"replies":[{"embeddable":true,"href":"https:\/\/nexpert.cat\/es\/wp-json\/wp\/v2\/comments?post=825"}],"version-history":[{"count":11,"href":"https:\/\/nexpert.cat\/es\/wp-json\/wp\/v2\/pages\/825\/revisions"}],"predecessor-version":[{"id":1306,"href":"https:\/\/nexpert.cat\/es\/wp-json\/wp\/v2\/pages\/825\/revisions\/1306"}],"wp:attachment":[{"href":"https:\/\/nexpert.cat\/es\/wp-json\/wp\/v2\/media?parent=825"}],"curies":[{"name":"wp","href":"https:\/\/api.w.org\/{rel}","templated":true}]}}