{"id":659,"date":"2019-04-01T17:06:10","date_gmt":"2019-04-01T15:06:10","guid":{"rendered":"http:\/\/nexpert.cat\/?page_id=659"},"modified":"2024-08-09T13:28:09","modified_gmt":"2024-08-09T11:28:09","slug":"sistemas-de-medicion","status":"publish","type":"page","link":"https:\/\/nexpert.cat\/es\/servicios\/sistemas-de-medicion\/","title":{"rendered":"Sistemas de Medici\u00f3n"},"content":{"rendered":"\n<div id=\"metaslider-id-369\" style=\"width: 100%;\" class=\"ml-slider-3-109-0 metaslider metaslider-flex metaslider-369 ml-slider ms-theme-default nav-hidden\" role=\"region\" aria-label=\"sistemes-medicio\" data-height=\"400\" data-width=\"700\">\n    <div id=\"metaslider_container_369\">\n        <div id=\"metaslider_369\">\n            <ul class='slides'>\n                <li style=\"display: block; width: 100%;\" class=\"slide-374 ms-image \" aria-roledescription=\"slide\" data-date=\"2019-04-01 17:06:59\" data-filename=\"medicio1-700x400.jpg\" data-slide-type=\"image\"><img src=\"https:\/\/nexpert.cat\/wp-content\/uploads\/2019\/04\/medicio1-700x400.jpg\" height=\"400\" width=\"700\" alt=\"\" class=\"slider-369 slide-374 msDefaultImage\" title=\"medicio1\" \/><\/li>\n                <li style=\"display: none; width: 100%;\" class=\"slide-375 ms-image \" aria-roledescription=\"slide\" data-date=\"2019-04-01 17:06:59\" data-filename=\"medicio2-700x400.jpg\" data-slide-type=\"image\"><img src=\"https:\/\/nexpert.cat\/wp-content\/uploads\/2019\/04\/medicio2-700x400.jpg\" height=\"400\" width=\"700\" alt=\"\" class=\"slider-369 slide-375 msDefaultImage\" title=\"medicio2\" \/><\/li>\n                <li style=\"display: none; width: 100%;\" class=\"slide-376 ms-image \" aria-roledescription=\"slide\" data-date=\"2019-04-01 17:06:59\" data-filename=\"medicio3-700x400.jpg\" data-slide-type=\"image\"><img src=\"https:\/\/nexpert.cat\/wp-content\/uploads\/2019\/04\/medicio3-700x400.jpg\" height=\"400\" width=\"700\" alt=\"\" class=\"slider-369 slide-376 msDefaultImage\" title=\"medicio3\" \/><\/li>\n                <li style=\"display: none; width: 100%;\" class=\"slide-377 ms-image \" aria-roledescription=\"slide\" data-date=\"2019-04-01 17:06:59\" data-filename=\"medicio42-700x400.jpg\" data-slide-type=\"image\"><img src=\"https:\/\/nexpert.cat\/wp-content\/uploads\/2019\/04\/medicio42-700x400.jpg\" height=\"400\" width=\"700\" alt=\"\" class=\"slider-369 slide-377 msDefaultImage\" title=\"medicio42\" \/><\/li>\n            <\/ul>\n        <\/div>\n        \n    <\/div>\n<\/div>\n\n\n\n<div style=\"height:40px\" aria-hidden=\"true\" class=\"wp-block-spacer\"><\/div>\n\n\n\n<p>Utilizamos tecnolog\u00eda de \u00faltima generaci\u00f3n para aplicaciones que requieren alta velocidad y precisi\u00f3n. Con los sistemas de medici\u00f3n m\u00e1s avanzados, podemos realizar inspecciones detalladas de perfiles, curvaturas, di\u00e1metros, grosores y distancias con una precisi\u00f3n excepcional, incluso con los objetos en movimiento.<\/p>\n\n\n\n<p><strong>Ejemplos de aplicaciones:<\/strong><\/p>\n\n\n\n<ul>\n<li><strong>Comprobaci\u00f3n del correcto posicionamiento de objetos:<\/strong> Garantizamos que los objetos est\u00e9n situados exactamente donde se necesitan, minimizando errores de posicionamiento.<\/li>\n\n\n\n<li><strong>Medici\u00f3n de distancias y grosores en cualquier material:<\/strong> Ofrecemos informaci\u00f3n precisa sobre las dimensiones de los materiales utilizados en los procesos productivos.<\/li>\n\n\n\n<li><strong>Control de curvatura en cualquier tipo de superficie:<\/strong> Permite verificar que las superficies curvas cumplan con las especificaciones requeridas.<\/li>\n\n\n\n<li><strong>Control de distancias y formas con alta precisi\u00f3n mediante medici\u00f3n l\u00e1ser:<\/strong> Utilizamos tecnolog\u00edas l\u00e1ser para obtener medidas extremadamente precisas de distancias y formas.<\/li>\n<\/ul>\n\n\n\n<p>Para obtener m\u00e1s informaci\u00f3n o resolver cualquier duda, no dude en contactar con nosotros o consultar el<a href=\"http:\/\/industrial.omron.es\/es\/products\/catalogue\/sensing\/measurement_sensors\/profile_2d_3d_sensors\/zg\/default.html\" target=\"_blank\" rel=\"noreferrer noopener\"> cat\u00e1logo<\/a> de sensores Omron.<\/p>\n","protected":false},"excerpt":{"rendered":"<p>Utilizamos tecnolog\u00eda de \u00faltima generaci\u00f3n para aplicaciones que requieren alta velocidad y precisi\u00f3n. Con los sistemas de medici\u00f3n m\u00e1s avanzados, podemos realizar inspecciones detalladas de perfiles, curvaturas, di\u00e1metros, grosores y distancias con una precisi\u00f3n excepcional, incluso con los objetos en movimiento. Ejemplos de aplicaciones: Para obtener m\u00e1s informaci\u00f3n o resolver cualquier duda, no dude en [&hellip;]<\/p>\n","protected":false},"author":1,"featured_media":0,"parent":617,"menu_order":0,"comment_status":"closed","ping_status":"closed","template":"","meta":[],"aioseo_notices":[],"_links":{"self":[{"href":"https:\/\/nexpert.cat\/es\/wp-json\/wp\/v2\/pages\/659"}],"collection":[{"href":"https:\/\/nexpert.cat\/es\/wp-json\/wp\/v2\/pages"}],"about":[{"href":"https:\/\/nexpert.cat\/es\/wp-json\/wp\/v2\/types\/page"}],"author":[{"embeddable":true,"href":"https:\/\/nexpert.cat\/es\/wp-json\/wp\/v2\/users\/1"}],"replies":[{"embeddable":true,"href":"https:\/\/nexpert.cat\/es\/wp-json\/wp\/v2\/comments?post=659"}],"version-history":[{"count":3,"href":"https:\/\/nexpert.cat\/es\/wp-json\/wp\/v2\/pages\/659\/revisions"}],"predecessor-version":[{"id":1444,"href":"https:\/\/nexpert.cat\/es\/wp-json\/wp\/v2\/pages\/659\/revisions\/1444"}],"up":[{"embeddable":true,"href":"https:\/\/nexpert.cat\/es\/wp-json\/wp\/v2\/pages\/617"}],"wp:attachment":[{"href":"https:\/\/nexpert.cat\/es\/wp-json\/wp\/v2\/media?parent=659"}],"curies":[{"name":"wp","href":"https:\/\/api.w.org\/{rel}","templated":true}]}}