{"id":657,"date":"2019-04-01T17:47:45","date_gmt":"2019-04-01T15:47:45","guid":{"rendered":"http:\/\/nexpert.cat\/?page_id=657"},"modified":"2024-08-09T14:38:09","modified_gmt":"2024-08-09T12:38:09","slug":"scada","status":"publish","type":"page","link":"https:\/\/nexpert.cat\/es\/servicios\/scada\/","title":{"rendered":"SCADA"},"content":{"rendered":"\n<div id=\"metaslider-id-442\" style=\"width: 100%;\" class=\"ml-slider-3-108-0 metaslider metaslider-flex metaslider-442 ml-slider ms-theme-default nav-hidden\" role=\"region\" aria-label=\"scada\" data-height=\"400\" data-width=\"700\">\n    <div id=\"metaslider_container_442\">\n        <div id=\"metaslider_442\">\n            <ul class='slides'>\n                <li style=\"display: block; width: 100%;\" class=\"slide-448 ms-image \" aria-roledescription=\"slide\" data-date=\"2019-04-01 17:47:11\" data-filename=\"scada-11-600x375-600x342.jpg\" data-slide-type=\"image\"><img src=\"https:\/\/nexpert.cat\/wp-content\/uploads\/2019\/04\/scada-11-600x375-600x342.jpg\" height=\"400\" width=\"700\" alt=\"\" class=\"slider-442 slide-448 msDefaultImage\" title=\"scada-11-600x375\" \/><\/li>\n                <li style=\"display: none; width: 100%;\" class=\"slide-446 ms-image \" aria-roledescription=\"slide\" data-date=\"2019-04-01 17:47:11\" data-filename=\"scada-2-600x375-600x342.jpg\" data-slide-type=\"image\"><img src=\"https:\/\/nexpert.cat\/wp-content\/uploads\/2019\/04\/scada-2-600x375-600x342.jpg\" height=\"400\" width=\"700\" alt=\"\" class=\"slider-442 slide-446 msDefaultImage\" title=\"scada-2-600x375\" \/><\/li>\n                <li style=\"display: none; width: 100%;\" class=\"slide-447 ms-image \" aria-roledescription=\"slide\" data-date=\"2019-04-01 17:47:11\" data-filename=\"scada-3-600x375-600x342.jpg\" data-slide-type=\"image\"><img src=\"https:\/\/nexpert.cat\/wp-content\/uploads\/2019\/04\/scada-3-600x375-600x342.jpg\" height=\"400\" width=\"700\" alt=\"\" class=\"slider-442 slide-447 msDefaultImage\" title=\"scada-3-600x375\" \/><\/li>\n            <\/ul>\n        <\/div>\n        \n    <\/div>\n<\/div>\n\n\n\n<div style=\"height:40px\" aria-hidden=\"true\" class=\"wp-block-spacer\"><\/div>\n\n\n\n<p>Un sistema SCADA (Supervisory Control and Data Acquisition) permite el control y la supervisi\u00f3n avanzada de las variables de funcionamiento de su planta industrial mediante una soluci\u00f3n totalmente personalizada. Este sistema basado en ordenador facilita la consulta de datos relativos a la producci\u00f3n, calidad y otros par\u00e1metros clave. Adem\u00e1s, ofrece la posibilidad de controlar y monitorizar los procesos desde su tel\u00e9fono m\u00f3vil, aportando una gran flexibilidad y accesibilidad.<\/p>\n\n\n\n<p><strong>\u00bfQu\u00e9 nos permite un sistema SCADA?<\/strong><\/p>\n\n\n\n<ul>\n<li><strong>Estado actual del proceso<\/strong>: permite visualizar los valores instant\u00e1neos de las variables operativas, ofreciendo una visi\u00f3n en tiempo real del rendimiento del sistema.<\/li>\n\n\n\n<li><strong>Desviaci\u00f3n o deriva del proceso<\/strong>: ofrece herramientas para analizar la evoluci\u00f3n hist\u00f3rica y acumulada del proceso, facilitando la identificaci\u00f3n de tendencias y desviaciones respecto a los valores esperados.<\/li>\n\n\n\n<li><strong>Generaci\u00f3n de alarmas<\/strong>: detecta y notifica condiciones an\u00f3malas o problemas potenciales a trav\u00e9s de alarmas configurables, permitiendo una respuesta r\u00e1pida para evitar incidencias mayores.<\/li>\n\n\n\n<li><strong>HMI (Interfases Hombre-M\u00e1quina)<\/strong>: proporciona una interfaz gr\u00e1fica amigable para los operadores, facilitando la interacci\u00f3n con el sistema y el control manual del proceso.<\/li>\n\n\n\n<li><strong>Toma de decisiones<\/strong>:\n<ul>\n<li><strong>Mediante operativa humana<\/strong>: permite a los operadores tomar decisiones basadas en la informaci\u00f3n visualizada y analizada a trav\u00e9s del sistema.<\/li>\n\n\n\n<li><strong>Autom\u00e1tica<\/strong>: implementa sistemas basados en el conocimiento o sistemas expertos para la toma de decisiones automatizada, ajustando los procesos sin necesidad de intervenci\u00f3n manual.<\/li>\n<\/ul>\n<\/li>\n<\/ul>\n\n\n\n<p>Somos especialistas en la instalaci\u00f3n de sistemas SCADA de diferentes fabricantes:<\/p>\n\n\n\n<ul>\n<li>Cx-Supervisor (Omron)<\/li>\n\n\n\n<li>WinCC (Siemens)<\/li>\n\n\n\n<li>iFix (Intellution)<\/li>\n<\/ul>\n\n\n\n<p><strong>Aplicaciones:<\/strong><\/p>\n\n\n\n<ul class=\"aplicacions-list\">\n<li> Gesti\u00f3n de la producci\u00f3n <\/li>\n\n\n\n<li> Mantenimiento: Modos de fallo, \u00edndices de mantenimiento, etc. <\/li>\n\n\n\n<li> Control de calidad: \u00cdndices de producci\u00f3n , tolerancias, control OK \/ NG <\/li>\n\n\n\n<li> control y adquisici\u00f3n de datos en procesos de fabricaci\u00f3n <\/li>\n\n\n\n<li> Controles de temperatura <\/li>\n\n\n\n<li> Salas de fermentaci\u00f3n <\/li>\n<\/ul>\n","protected":false},"excerpt":{"rendered":"<p>Un sistema SCADA (Supervisory Control and Data Acquisition) permite el control y la supervisi\u00f3n avanzada de las variables de funcionamiento de su planta industrial mediante una soluci\u00f3n totalmente personalizada. Este sistema basado en ordenador facilita la consulta de datos relativos a la producci\u00f3n, calidad y otros par\u00e1metros clave. Adem\u00e1s, ofrece la posibilidad de controlar y [&hellip;]<\/p>\n","protected":false},"author":1,"featured_media":0,"parent":617,"menu_order":0,"comment_status":"closed","ping_status":"closed","template":"","meta":[],"aioseo_notices":[],"_links":{"self":[{"href":"https:\/\/nexpert.cat\/es\/wp-json\/wp\/v2\/pages\/657"}],"collection":[{"href":"https:\/\/nexpert.cat\/es\/wp-json\/wp\/v2\/pages"}],"about":[{"href":"https:\/\/nexpert.cat\/es\/wp-json\/wp\/v2\/types\/page"}],"author":[{"embeddable":true,"href":"https:\/\/nexpert.cat\/es\/wp-json\/wp\/v2\/users\/1"}],"replies":[{"embeddable":true,"href":"https:\/\/nexpert.cat\/es\/wp-json\/wp\/v2\/comments?post=657"}],"version-history":[{"count":2,"href":"https:\/\/nexpert.cat\/es\/wp-json\/wp\/v2\/pages\/657\/revisions"}],"predecessor-version":[{"id":1454,"href":"https:\/\/nexpert.cat\/es\/wp-json\/wp\/v2\/pages\/657\/revisions\/1454"}],"up":[{"embeddable":true,"href":"https:\/\/nexpert.cat\/es\/wp-json\/wp\/v2\/pages\/617"}],"wp:attachment":[{"href":"https:\/\/nexpert.cat\/es\/wp-json\/wp\/v2\/media?parent=657"}],"curies":[{"name":"wp","href":"https:\/\/api.w.org\/{rel}","templated":true}]}}