{"id":651,"date":"2019-04-01T16:49:42","date_gmt":"2019-04-01T14:49:42","guid":{"rendered":"http:\/\/nexpert.cat\/?page_id=651"},"modified":"2024-08-09T13:09:29","modified_gmt":"2024-08-09T11:09:29","slug":"despaletizado","status":"publish","type":"page","link":"https:\/\/nexpert.cat\/es\/servicios\/robotica-industrial\/despaletizado\/","title":{"rendered":"Despaletizado"},"content":{"rendered":"\n<figure class=\"wp-block-image\"><img decoding=\"async\" loading=\"lazy\" width=\"600\" height=\"374\" src=\"http:\/\/nexpert.cat\/wp-content\/uploads\/2019\/04\/sarral2-600x375.jpg\" alt=\"\" class=\"wp-image-346\" srcset=\"https:\/\/nexpert.cat\/wp-content\/uploads\/2019\/04\/sarral2-600x375.jpg 600w, https:\/\/nexpert.cat\/wp-content\/uploads\/2019\/04\/sarral2-600x375-300x187.jpg 300w\" sizes=\"(max-width: 639px) 98vw, (max-width: 1199px) 64vw, 600px\" \/><\/figure>\n\n\n\n<p>Aplicaci\u00f3n para despaletizar palets de botellas vac\u00edas y cargar la l\u00ednea de embotellado. Este robot no solo realiza la tarea de retirar las botellas del palet, sino que tambi\u00e9n separa las placas intermedias, apil\u00e1ndolas en un palet separado. Adem\u00e1s, el sistema permite la posibilidad de retirar los palets vac\u00edos, utilizando el mismo robot para simplificar y optimizar el proceso log\u00edstico.<\/p>\n\n\n\n<p>Aplicaciones:<\/p>\n\n\n\n<ul>\n<li>Despaletizado de botellas de cava, vino, agua, y todo tipo de l\u00edneas de embotellado.<\/li>\n<\/ul>\n\n\n\n<p class=\"aplicacions-list\"><\/p>\n","protected":false},"excerpt":{"rendered":"<p>Aplicaci\u00f3n para despaletizar palets de botellas vac\u00edas y cargar la l\u00ednea de embotellado. Este robot no solo realiza la tarea de retirar las botellas del palet, sino que tambi\u00e9n separa las placas intermedias, apil\u00e1ndolas en un palet separado. Adem\u00e1s, el sistema permite la posibilidad de retirar los palets vac\u00edos, utilizando el mismo robot para simplificar [&hellip;]<\/p>\n","protected":false},"author":1,"featured_media":0,"parent":645,"menu_order":0,"comment_status":"closed","ping_status":"closed","template":"","meta":[],"aioseo_notices":[],"_links":{"self":[{"href":"https:\/\/nexpert.cat\/es\/wp-json\/wp\/v2\/pages\/651"}],"collection":[{"href":"https:\/\/nexpert.cat\/es\/wp-json\/wp\/v2\/pages"}],"about":[{"href":"https:\/\/nexpert.cat\/es\/wp-json\/wp\/v2\/types\/page"}],"author":[{"embeddable":true,"href":"https:\/\/nexpert.cat\/es\/wp-json\/wp\/v2\/users\/1"}],"replies":[{"embeddable":true,"href":"https:\/\/nexpert.cat\/es\/wp-json\/wp\/v2\/comments?post=651"}],"version-history":[{"count":2,"href":"https:\/\/nexpert.cat\/es\/wp-json\/wp\/v2\/pages\/651\/revisions"}],"predecessor-version":[{"id":1438,"href":"https:\/\/nexpert.cat\/es\/wp-json\/wp\/v2\/pages\/651\/revisions\/1438"}],"up":[{"embeddable":true,"href":"https:\/\/nexpert.cat\/es\/wp-json\/wp\/v2\/pages\/645"}],"wp:attachment":[{"href":"https:\/\/nexpert.cat\/es\/wp-json\/wp\/v2\/media?parent=651"}],"curies":[{"name":"wp","href":"https:\/\/api.w.org\/{rel}","templated":true}]}}