{"id":649,"date":"2019-04-01T13:53:01","date_gmt":"2019-04-01T11:53:01","guid":{"rendered":"http:\/\/nexpert.cat\/?page_id=649"},"modified":"2024-08-09T13:02:35","modified_gmt":"2024-08-09T11:02:35","slug":"aplicaciones-especiales","status":"publish","type":"page","link":"https:\/\/nexpert.cat\/es\/servicios\/robotica-industrial\/aplicaciones-especiales\/","title":{"rendered":"Aplicaciones Especiales"},"content":{"rendered":"\n<p>Cada tipo de producto requiere su propio proceso de fabricaci\u00f3n. La flexibilidad que ofrece la rob\u00f3tica nos permite abarcar la mayor\u00eda de aplicaciones, de manera r\u00e1pida y fiable<\/p>\n\n\n\n<h3 class=\"wp-block-heading\">Acabados personalizados<\/h3>\n\n\n\n<p>Actualmente, muchas empresas buscan diferenciarse de la competencia mediante la fabricaci\u00f3n de productos con acabados personalizados. A veces, los procesos de fabricaci\u00f3n pueden variar, exigiendo una soluci\u00f3n flexible y adaptable a los cambios. Las aplicaciones robotizadas son ideales para estas situaciones, ya que un mismo robot puede ser reconfigurado para realizar m\u00faltiples tareas simplemente cambiando el cabezal. Esta capacidad de modificaci\u00f3n y ajuste es una de nuestras grandes fortalezas.<\/p>\n\n\n\n<p><strong>Hay un robot para cada aplicaci\u00f3n<\/strong><\/p>\n\n\n\n<p>Contamos con soluciones rob\u00f3ticas espec\u00edficas para cada necesidad, asegur\u00e1ndonos de encontrar el robot ideal para su aplicaci\u00f3n particular.<\/p>\n\n\n\n<h3 class=\"wp-block-heading\">Exclusividad<\/h3>\n\n\n\n<p>Si el cliente necesita una aplicaci\u00f3n \u00fanica para conseguir un acabado del producto muy espec\u00edfico, garantizamos que no se realizar\u00e1n r\u00e9plicas de esta aplicaci\u00f3n, respetando as\u00ed la exclusividad de su proyecto.<\/p>\n","protected":false},"excerpt":{"rendered":"<p>Cada tipo de producto requiere su propio proceso de fabricaci\u00f3n. La flexibilidad que ofrece la rob\u00f3tica nos permite abarcar la mayor\u00eda de aplicaciones, de manera r\u00e1pida y fiable Acabados personalizados Actualmente, muchas empresas buscan diferenciarse de la competencia mediante la fabricaci\u00f3n de productos con acabados personalizados. A veces, los procesos de fabricaci\u00f3n pueden variar, exigiendo [&hellip;]<\/p>\n","protected":false},"author":1,"featured_media":0,"parent":645,"menu_order":0,"comment_status":"closed","ping_status":"closed","template":"","meta":[],"aioseo_notices":[],"_links":{"self":[{"href":"https:\/\/nexpert.cat\/es\/wp-json\/wp\/v2\/pages\/649"}],"collection":[{"href":"https:\/\/nexpert.cat\/es\/wp-json\/wp\/v2\/pages"}],"about":[{"href":"https:\/\/nexpert.cat\/es\/wp-json\/wp\/v2\/types\/page"}],"author":[{"embeddable":true,"href":"https:\/\/nexpert.cat\/es\/wp-json\/wp\/v2\/users\/1"}],"replies":[{"embeddable":true,"href":"https:\/\/nexpert.cat\/es\/wp-json\/wp\/v2\/comments?post=649"}],"version-history":[{"count":3,"href":"https:\/\/nexpert.cat\/es\/wp-json\/wp\/v2\/pages\/649\/revisions"}],"predecessor-version":[{"id":1435,"href":"https:\/\/nexpert.cat\/es\/wp-json\/wp\/v2\/pages\/649\/revisions\/1435"}],"up":[{"embeddable":true,"href":"https:\/\/nexpert.cat\/es\/wp-json\/wp\/v2\/pages\/645"}],"wp:attachment":[{"href":"https:\/\/nexpert.cat\/es\/wp-json\/wp\/v2\/media?parent=649"}],"curies":[{"name":"wp","href":"https:\/\/api.w.org\/{rel}","templated":true}]}}