{"id":647,"date":"2019-04-01T16:29:13","date_gmt":"2019-04-01T14:29:13","guid":{"rendered":"http:\/\/nexpert.cat\/?page_id=647"},"modified":"2024-08-09T13:03:54","modified_gmt":"2024-08-09T11:03:54","slug":"alimentacion-de-maquinas","status":"publish","type":"page","link":"https:\/\/nexpert.cat\/es\/servicios\/robotica-industrial\/alimentacion-de-maquinas\/","title":{"rendered":"Alimentaci\u00f3n de m\u00e1quinas"},"content":{"rendered":"\n<p>Uno de nuestros principales objetivos es mejorar la productividad de nuestros clientes. Para lograrlo, es fundamental minimizar al m\u00e1ximo las paradas de las m\u00e1quinas. Por esta raz\u00f3n, nos especializamos en la instalaci\u00f3n de sistemas de alimentaci\u00f3n para todo tipo de m\u00e1quinas, asegurando una operaci\u00f3n continua y eficiente.<\/p>\n\n\n\n<p>Aplicaciones:<\/p>\n\n\n\n<ul class=\"aplicacions-list\">\n<li>Alimentaci\u00f3n de heladera de cava (est\u00e1ticas y din\u00e1micas)<\/li>\n\n\n\n<li>Desencajado de productos para la alimentaci\u00f3n de la m\u00e1quina correspondiente<\/li>\n<\/ul>\n","protected":false},"excerpt":{"rendered":"<p>Uno de nuestros principales objetivos es mejorar la productividad de nuestros clientes. Para lograrlo, es fundamental minimizar al m\u00e1ximo las paradas de las m\u00e1quinas. Por esta raz\u00f3n, nos especializamos en la instalaci\u00f3n de sistemas de alimentaci\u00f3n para todo tipo de m\u00e1quinas, asegurando una operaci\u00f3n continua y eficiente. Aplicaciones:<\/p>\n","protected":false},"author":1,"featured_media":0,"parent":645,"menu_order":0,"comment_status":"closed","ping_status":"closed","template":"","meta":[],"aioseo_notices":[],"_links":{"self":[{"href":"https:\/\/nexpert.cat\/es\/wp-json\/wp\/v2\/pages\/647"}],"collection":[{"href":"https:\/\/nexpert.cat\/es\/wp-json\/wp\/v2\/pages"}],"about":[{"href":"https:\/\/nexpert.cat\/es\/wp-json\/wp\/v2\/types\/page"}],"author":[{"embeddable":true,"href":"https:\/\/nexpert.cat\/es\/wp-json\/wp\/v2\/users\/1"}],"replies":[{"embeddable":true,"href":"https:\/\/nexpert.cat\/es\/wp-json\/wp\/v2\/comments?post=647"}],"version-history":[{"count":2,"href":"https:\/\/nexpert.cat\/es\/wp-json\/wp\/v2\/pages\/647\/revisions"}],"predecessor-version":[{"id":1436,"href":"https:\/\/nexpert.cat\/es\/wp-json\/wp\/v2\/pages\/647\/revisions\/1436"}],"up":[{"embeddable":true,"href":"https:\/\/nexpert.cat\/es\/wp-json\/wp\/v2\/pages\/645"}],"wp:attachment":[{"href":"https:\/\/nexpert.cat\/es\/wp-json\/wp\/v2\/media?parent=647"}],"curies":[{"name":"wp","href":"https:\/\/api.w.org\/{rel}","templated":true}]}}