{"id":645,"date":"2019-04-01T13:05:35","date_gmt":"2019-04-01T11:05:35","guid":{"rendered":"http:\/\/nexpert.cat\/?page_id=645"},"modified":"2024-08-09T12:59:33","modified_gmt":"2024-08-09T10:59:33","slug":"robotica-industrial","status":"publish","type":"page","link":"https:\/\/nexpert.cat\/es\/servicios\/robotica-industrial\/","title":{"rendered":"Rob\u00f3tica Industrial"},"content":{"rendered":"\n<div id=\"metaslider-id-198\" style=\"width: 100%;\" class=\"ml-slider-3-107-0 metaslider metaslider-flex metaslider-198 ml-slider ms-theme-default nav-hidden\" role=\"region\" aria-label=\"Robotica\" data-height=\"350\" data-width=\"700\">\n    <div id=\"metaslider_container_198\">\n        <div id=\"metaslider_198\">\n            <ul class='slides'>\n                <li style=\"display: block; width: 100%;\" class=\"slide-199 ms-image \" aria-roledescription=\"slide\" data-date=\"2019-01-30 14:05:44\" data-filename=\"robotica-600x300.jpg\" data-slide-type=\"image\"><img src=\"https:\/\/nexpert.cat\/wp-content\/uploads\/2019\/01\/robotica-600x300.jpg\" height=\"350\" width=\"700\" alt=\"\" class=\"slider-198 slide-199 msDefaultImage\" title=\"robotica\" \/><\/li>\n                <li style=\"display: none; width: 100%;\" class=\"slide-200 ms-image \" aria-roledescription=\"slide\" data-date=\"2019-01-30 14:06:02\" data-filename=\"IMGP4004-650x325.jpg\" data-slide-type=\"image\"><img src=\"https:\/\/nexpert.cat\/wp-content\/uploads\/2019\/01\/IMGP4004-650x325.jpg\" height=\"350\" width=\"700\" alt=\"\" class=\"slider-198 slide-200 msDefaultImage\" title=\"IMGP4004\" \/><\/li>\n            <\/ul>\n        <\/div>\n        \n    <\/div>\n<\/div>\n\n\n\n<div style=\"height:40px\" aria-hidden=\"true\" class=\"wp-block-spacer\"><\/div>\n\n\n\n<p>Ante un entorno cada vez m\u00e1s competitivo, tenemos la obligaci\u00f3n de ayudar a las empresas a mejorar de forma eficiente sus procesos productivos. La rob\u00f3tica ofrece soluciones innovadoras y fiables. Colaboramos con nuestros clientes para implantarlas de manera eficaz y rentable, con proyectos adaptados a las necesidades espec\u00edficas de cada uno de ellos. Por eso desde hace m\u00e1s de 20 a\u00f1os en Nexpert S.L. tenemos un departamento exclusivo dedicado al campo de la rob\u00f3tica.<\/p>\n\n\n\n<p>Realizamos todo tipo de proyectos llave en mano: Instalaci\u00f3n del robot, cabezal, cerrado de seguridad, e instalaci\u00f3n de los cuadros de potencia y control, con la interfaz hombre-m\u00e1quina correspondiente.<\/p>\n\n\n\n<p>La rob\u00f3tica nos permite ofrecer todo tipo de aplicaciones, donde las m\u00e1s estandarizadas que tenemos son:<br><\/p>\n\n\n\n<ul class=\"aplicacions-list\">\n<li><strong><a href=\"\/servicios\/robotica-industrial\/aplicaciones-especiales\/\" title=\"\">APLICACIONES ESPECIALES<\/a><\/strong><a href=\"\/servicios\/robotica\/aplicaciones-especiales\/\"><br><\/a>Todo tipo de aplicaciones personalizadas para acabados especiales de cada cliente con total exclusividad.<\/li>\n<\/ul>\n\n\n\n<ul class=\"aplicacions-list\">\n<li><strong><a href=\"\/servicios\/robotica-industrial\/alimentacion-de-maquinas\/\">ALIMENTACI\u00d3N DE M\u00c1QUINAS<\/a><\/strong><br>Alimentaci\u00f3n de heladoras est\u00e1ticas, capsuladoras, tapadoras, etc.<\/li>\n<\/ul>\n\n\n\n<ul class=\"aplicacions-list\">\n<li><strong><a href=\"http:\/\/nexpert.cat\/serveis\/robotica-industrial\/manipulacio-pickplace\/\">MANIPULACI\u00d3N DE BOTELLAS<\/a><\/strong><a href=\"\/servicios\/robotica\/manipulacion-botellas\/\"><br><\/a>Traspaso de botellas en bandejas y jaulas.<\/li>\n<\/ul>\n\n\n\n<ul class=\"aplicacions-list\">\n<li><strong><a href=\"\/servicios\/robotica-industrial\/despaletizado\/\">DESPALETIZADO<\/a><\/strong><a href=\"\/servicios\/robotica\/despaletizado-botellas\/\"><br><\/a>Despaletizado de productos y botellas para alimentar l\u00edneas de producci\u00f3n.<\/li>\n<\/ul>\n\n\n\n<ul class=\"aplicacions-list\">\n<li><strong><a href=\"\/servicios\/robotica-industrial\/paletizado\/\">PALETIZADO<\/a><\/strong><a href=\"\/servicios\/robotica\/paletizado\/\"><br><\/a>Paletizado de productos y cajas de todas las dimensiones y pesos.<\/li>\n<\/ul>\n","protected":false},"excerpt":{"rendered":"<p>Ante un entorno cada vez m\u00e1s competitivo, tenemos la obligaci\u00f3n de ayudar a las empresas a mejorar de forma eficiente sus procesos productivos. La rob\u00f3tica ofrece soluciones innovadoras y fiables. Colaboramos con nuestros clientes para implantarlas de manera eficaz y rentable, con proyectos adaptados a las necesidades espec\u00edficas de cada uno de ellos. Por eso [&hellip;]<\/p>\n","protected":false},"author":1,"featured_media":0,"parent":617,"menu_order":0,"comment_status":"closed","ping_status":"closed","template":"","meta":[],"aioseo_notices":[],"_links":{"self":[{"href":"https:\/\/nexpert.cat\/es\/wp-json\/wp\/v2\/pages\/645"}],"collection":[{"href":"https:\/\/nexpert.cat\/es\/wp-json\/wp\/v2\/pages"}],"about":[{"href":"https:\/\/nexpert.cat\/es\/wp-json\/wp\/v2\/types\/page"}],"author":[{"embeddable":true,"href":"https:\/\/nexpert.cat\/es\/wp-json\/wp\/v2\/users\/1"}],"replies":[{"embeddable":true,"href":"https:\/\/nexpert.cat\/es\/wp-json\/wp\/v2\/comments?post=645"}],"version-history":[{"count":3,"href":"https:\/\/nexpert.cat\/es\/wp-json\/wp\/v2\/pages\/645\/revisions"}],"predecessor-version":[{"id":1432,"href":"https:\/\/nexpert.cat\/es\/wp-json\/wp\/v2\/pages\/645\/revisions\/1432"}],"up":[{"embeddable":true,"href":"https:\/\/nexpert.cat\/es\/wp-json\/wp\/v2\/pages\/617"}],"wp:attachment":[{"href":"https:\/\/nexpert.cat\/es\/wp-json\/wp\/v2\/media?parent=645"}],"curies":[{"name":"wp","href":"https:\/\/api.w.org\/{rel}","templated":true}]}}