{"id":641,"date":"2019-04-01T18:15:04","date_gmt":"2019-04-01T16:15:04","guid":{"rendered":"http:\/\/nexpert.cat\/?page_id=641"},"modified":"2024-08-09T14:44:48","modified_gmt":"2024-08-09T12:44:48","slug":"potencia-y-distribucion","status":"publish","type":"page","link":"https:\/\/nexpert.cat\/es\/servicios\/potencia-y-distribucion\/","title":{"rendered":"Potencia y distribuci\u00f3n"},"content":{"rendered":"\n<div id=\"metaslider-id-468\" style=\"width: 100%;\" class=\"ml-slider-3-108-0 metaslider metaslider-flex metaslider-468 ml-slider ms-theme-default nav-hidden\" role=\"region\" aria-label=\"potencia-distribucio\" data-height=\"400\" data-width=\"700\">\n    <div id=\"metaslider_container_468\">\n        <div id=\"metaslider_468\">\n            <ul class='slides'>\n                <li style=\"display: block; width: 100%;\" class=\"slide-472 ms-image \" aria-roledescription=\"slide\" data-date=\"2019-04-01 18:16:04\" data-filename=\"DSC02726-600x375-600x342.jpg\" data-slide-type=\"image\"><img src=\"https:\/\/nexpert.cat\/wp-content\/uploads\/2019\/04\/DSC02726-600x375-600x342.jpg\" height=\"400\" width=\"700\" alt=\"\" class=\"slider-468 slide-472 msDefaultImage\" title=\"DSC02726-600x375\" \/><\/li>\n                <li style=\"display: none; width: 100%;\" class=\"slide-473 ms-image \" aria-roledescription=\"slide\" data-date=\"2019-04-01 18:16:04\" data-filename=\"potencia-3-600x375-600x342.jpg\" data-slide-type=\"image\"><img src=\"https:\/\/nexpert.cat\/wp-content\/uploads\/2019\/04\/potencia-3-600x375-600x342.jpg\" height=\"400\" width=\"700\" alt=\"\" class=\"slider-468 slide-473 msDefaultImage\" title=\"potencia-3-600x375\" \/><\/li>\n                <li style=\"display: none; width: 100%;\" class=\"slide-474 ms-image \" aria-roledescription=\"slide\" data-date=\"2019-04-01 18:16:04\" data-filename=\"quadre-potencia-2-600x375-600x342.jpg\" data-slide-type=\"image\"><img src=\"https:\/\/nexpert.cat\/wp-content\/uploads\/2019\/04\/quadre-potencia-2-600x375-600x342.jpg\" height=\"400\" width=\"700\" alt=\"\" class=\"slider-468 slide-474 msDefaultImage\" title=\"quadre-potencia-2-600x375\" \/><\/li>\n            <\/ul>\n        <\/div>\n        \n    <\/div>\n<\/div>\n\n\n\n<div style=\"height:40px\" aria-hidden=\"true\" class=\"wp-block-spacer\"><\/div>\n\n\n\n<p>Disponemos de un amplio taller donde realizamos el montaje de todo tipo de cuadros el\u00e9ctricos.<\/p>\n\n\n\n<p>Nuestros cuadros el\u00e9ctricos cubren una gama completa que se integra de manera eficaz en la protecci\u00f3n y control de los sistemas el\u00e9ctricos para aplicaciones dom\u00e9sticas, comerciales e industriales.<\/p>\n\n\n\n<p>Cada cuadro el\u00e9ctrico que montamos incorpora el <strong>marcado CE<\/strong>, confirmando que ha superado las estrictas verificaciones establecidas para obtenerlo.<\/p>\n\n\n\n<ul class=\"aplicacions-list\">\n<li>Instalaciones de gran potencia<\/li>\n\n\n\n<li>Medida de energ\u00eda activa<\/li>\n\n\n\n<li>Compensaci\u00f3n de energ\u00eda reactiva<\/li>\n<\/ul>\n","protected":false},"excerpt":{"rendered":"<p>Disponemos de un amplio taller donde realizamos el montaje de todo tipo de cuadros el\u00e9ctricos. Nuestros cuadros el\u00e9ctricos cubren una gama completa que se integra de manera eficaz en la protecci\u00f3n y control de los sistemas el\u00e9ctricos para aplicaciones dom\u00e9sticas, comerciales e industriales. Cada cuadro el\u00e9ctrico que montamos incorpora el marcado CE, confirmando que ha [&hellip;]<\/p>\n","protected":false},"author":1,"featured_media":0,"parent":617,"menu_order":0,"comment_status":"closed","ping_status":"closed","template":"","meta":[],"aioseo_notices":[],"_links":{"self":[{"href":"https:\/\/nexpert.cat\/es\/wp-json\/wp\/v2\/pages\/641"}],"collection":[{"href":"https:\/\/nexpert.cat\/es\/wp-json\/wp\/v2\/pages"}],"about":[{"href":"https:\/\/nexpert.cat\/es\/wp-json\/wp\/v2\/types\/page"}],"author":[{"embeddable":true,"href":"https:\/\/nexpert.cat\/es\/wp-json\/wp\/v2\/users\/1"}],"replies":[{"embeddable":true,"href":"https:\/\/nexpert.cat\/es\/wp-json\/wp\/v2\/comments?post=641"}],"version-history":[{"count":2,"href":"https:\/\/nexpert.cat\/es\/wp-json\/wp\/v2\/pages\/641\/revisions"}],"predecessor-version":[{"id":1459,"href":"https:\/\/nexpert.cat\/es\/wp-json\/wp\/v2\/pages\/641\/revisions\/1459"}],"up":[{"embeddable":true,"href":"https:\/\/nexpert.cat\/es\/wp-json\/wp\/v2\/pages\/617"}],"wp:attachment":[{"href":"https:\/\/nexpert.cat\/es\/wp-json\/wp\/v2\/media?parent=641"}],"curies":[{"name":"wp","href":"https:\/\/api.w.org\/{rel}","templated":true}]}}