{"id":634,"date":"2019-04-01T18:23:13","date_gmt":"2019-04-01T16:23:13","guid":{"rendered":"http:\/\/nexpert.cat\/?page_id=634"},"modified":"2024-08-09T14:48:18","modified_gmt":"2024-08-09T12:48:18","slug":"naves-industriales","status":"publish","type":"page","link":"https:\/\/nexpert.cat\/es\/servicios\/naves-industriales\/","title":{"rendered":"Naves Industriales"},"content":{"rendered":"\n<div id=\"metaslider-id-494\" style=\"width: 100%;\" class=\"ml-slider-3-107-0 metaslider metaslider-flex metaslider-494 ml-slider ms-theme-default nav-hidden\" role=\"region\" aria-label=\"naus industrials\" data-height=\"400\" data-width=\"700\">\n    <div id=\"metaslider_container_494\">\n        <div id=\"metaslider_494\">\n            <ul class='slides'>\n                <li style=\"display: block; width: 100%;\" class=\"slide-498 ms-image \" aria-roledescription=\"slide\" data-date=\"2019-04-01 18:24:05\" data-filename=\"DSC02907-600x375-600x342.jpg\" data-slide-type=\"image\"><img src=\"https:\/\/nexpert.cat\/wp-content\/uploads\/2019\/04\/DSC02907-600x375-600x342.jpg\" height=\"400\" width=\"700\" alt=\"\" class=\"slider-494 slide-498 msDefaultImage\" title=\"DSC02907-600x375\" \/><\/li>\n                <li style=\"display: none; width: 100%;\" class=\"slide-499 ms-image \" aria-roledescription=\"slide\" data-date=\"2019-04-01 18:24:05\" data-filename=\"naus-industrial2-600x375-600x342.jpg\" data-slide-type=\"image\"><img src=\"https:\/\/nexpert.cat\/wp-content\/uploads\/2019\/04\/naus-industrial2-600x375-600x342.jpg\" height=\"400\" width=\"700\" alt=\"\" class=\"slider-494 slide-499 msDefaultImage\" title=\"naus-industrial2-600x375\" \/><\/li>\n                <li style=\"display: none; width: 100%;\" class=\"slide-500 ms-image \" aria-roledescription=\"slide\" data-date=\"2019-04-01 18:24:05\" data-filename=\"naus-industrials-1-600x375-600x342.jpg\" data-slide-type=\"image\"><img src=\"https:\/\/nexpert.cat\/wp-content\/uploads\/2019\/04\/naus-industrials-1-600x375-600x342.jpg\" height=\"400\" width=\"700\" alt=\"\" class=\"slider-494 slide-500 msDefaultImage\" title=\"naus-industrials-1-600x375\" \/><\/li>\n            <\/ul>\n        <\/div>\n        \n    <\/div>\n<\/div>\n\n\n\n<div style=\"height:40px\" aria-hidden=\"true\" class=\"wp-block-spacer\"><\/div>\n\n\n\n<p><strong>Efectuamos el montaje el\u00e9ctrico de las instalaciones necesarias para el funcionamiento de naves industriales<\/strong>, incluyendo entrada de l\u00ednea, distribuci\u00f3n, alumbrado, red inform\u00e1tica, etc.<\/p>\n\n\n\n<p>En <strong>Nexpert, S.L.<\/strong> contamos con un equipo t\u00e9cnico especializado y profesional para resolver los cada vez m\u00e1s amplios requerimientos del sector el\u00e9ctrico y de nuestros clientes. Disponemos de un equipo t\u00e9cnico para estudiar y proyectar todo tipo de instalaciones, utilizando las herramientas y equipos m\u00e1s modernos, tanto en el proceso y control como en la gesti\u00f3n de la oficina t\u00e9cnica y almac\u00e9n.<\/p>\n\n\n\n<p>Adem\u00e1s, con una <strong>buena gesti\u00f3n de la energ\u00eda<\/strong> en mente, realizamos estudios e instalaciones para mejorar la eficiencia energ\u00e9tica de las plantas de fabricaci\u00f3n, incluyendo controles de alumbrado, monitoreo de consumos de energ\u00eda, y control de arranques y paradas de motores de gran potencia, entre otros.<\/p>\n\n\n\n<p><strong>Aplicaciones:<\/strong><\/p>\n\n\n\n<ul class=\"aplicacions-list\">\n<li> Instalaciones de todo tipo en plantas de fabricaci\u00f3n <\/li>\n\n\n\n<li> Acometida, alumbrado, potencia, comunicaciones industriales <\/li>\n\n\n\n<li> Salas la mejora de eficiencia energ\u00e9tica <\/li>\n<\/ul>\n","protected":false},"excerpt":{"rendered":"<p>Efectuamos el montaje el\u00e9ctrico de las instalaciones necesarias para el funcionamiento de naves industriales, incluyendo entrada de l\u00ednea, distribuci\u00f3n, alumbrado, red inform\u00e1tica, etc. En Nexpert, S.L. contamos con un equipo t\u00e9cnico especializado y profesional para resolver los cada vez m\u00e1s amplios requerimientos del sector el\u00e9ctrico y de nuestros clientes. Disponemos de un equipo t\u00e9cnico para [&hellip;]<\/p>\n","protected":false},"author":1,"featured_media":0,"parent":617,"menu_order":0,"comment_status":"closed","ping_status":"closed","template":"","meta":[],"aioseo_notices":[],"_links":{"self":[{"href":"https:\/\/nexpert.cat\/es\/wp-json\/wp\/v2\/pages\/634"}],"collection":[{"href":"https:\/\/nexpert.cat\/es\/wp-json\/wp\/v2\/pages"}],"about":[{"href":"https:\/\/nexpert.cat\/es\/wp-json\/wp\/v2\/types\/page"}],"author":[{"embeddable":true,"href":"https:\/\/nexpert.cat\/es\/wp-json\/wp\/v2\/users\/1"}],"replies":[{"embeddable":true,"href":"https:\/\/nexpert.cat\/es\/wp-json\/wp\/v2\/comments?post=634"}],"version-history":[{"count":5,"href":"https:\/\/nexpert.cat\/es\/wp-json\/wp\/v2\/pages\/634\/revisions"}],"predecessor-version":[{"id":1462,"href":"https:\/\/nexpert.cat\/es\/wp-json\/wp\/v2\/pages\/634\/revisions\/1462"}],"up":[{"embeddable":true,"href":"https:\/\/nexpert.cat\/es\/wp-json\/wp\/v2\/pages\/617"}],"wp:attachment":[{"href":"https:\/\/nexpert.cat\/es\/wp-json\/wp\/v2\/media?parent=634"}],"curies":[{"name":"wp","href":"https:\/\/api.w.org\/{rel}","templated":true}]}}