{"id":630,"date":"2019-04-01T18:26:16","date_gmt":"2019-04-01T16:26:16","guid":{"rendered":"http:\/\/nexpert.cat\/?page_id=630"},"modified":"2024-08-08T13:51:30","modified_gmt":"2024-08-08T11:51:30","slug":"integracion-de-maquinaria","status":"publish","type":"page","link":"https:\/\/nexpert.cat\/es\/servicios\/integracion-de-maquinaria\/","title":{"rendered":"Integraci\u00f3n de maquinaria"},"content":{"rendered":"\n<div id=\"metaslider-id-506\" style=\"width: 100%;\" class=\"ml-slider-3-108-0 metaslider metaslider-flex metaslider-506 ml-slider ms-theme-default nav-hidden\" role=\"region\" aria-label=\"integracio maquinaria\" data-height=\"400\" data-width=\"700\">\n    <div id=\"metaslider_container_506\">\n        <div id=\"metaslider_506\">\n            <ul class='slides'>\n                <li style=\"display: block; width: 100%;\" class=\"slide-513 ms-image \" aria-roledescription=\"slide\" data-date=\"2019-04-01 19:18:30\" data-filename=\"1326442597_0-600x375-600x342.jpg\" data-slide-type=\"image\"><img src=\"https:\/\/nexpert.cat\/wp-content\/uploads\/2019\/04\/1326442597_0-600x375-600x342.jpg\" height=\"400\" width=\"700\" alt=\"\" class=\"slider-506 slide-513 msDefaultImage\" title=\"1326442597_0-600x375\" \/><\/li>\n                <li style=\"display: none; width: 100%;\" class=\"slide-514 ms-image \" aria-roledescription=\"slide\" data-date=\"2019-04-01 19:18:30\" data-filename=\"integracio-2-600x375-600x342.jpg\" data-slide-type=\"image\"><img src=\"https:\/\/nexpert.cat\/wp-content\/uploads\/2019\/04\/integracio-2-600x375-600x342.jpg\" height=\"400\" width=\"700\" alt=\"\" class=\"slider-506 slide-514 msDefaultImage\" title=\"integracio-2-600x375\" \/><\/li>\n                <li style=\"display: none; width: 100%;\" class=\"slide-515 ms-image \" aria-roledescription=\"slide\" data-date=\"2019-04-01 19:18:30\" data-filename=\"integracio-3-600x375-600x342.jpg\" data-slide-type=\"image\"><img src=\"https:\/\/nexpert.cat\/wp-content\/uploads\/2019\/04\/integracio-3-600x375-600x342.jpg\" height=\"400\" width=\"700\" alt=\"\" class=\"slider-506 slide-515 msDefaultImage\" title=\"integracio-3-600x375\" \/><\/li>\n                <li style=\"display: none; width: 100%;\" class=\"slide-516 ms-image \" aria-roledescription=\"slide\" data-date=\"2019-04-01 19:18:30\" data-filename=\"integracio-4-600x375-600x342.jpg\" data-slide-type=\"image\"><img src=\"https:\/\/nexpert.cat\/wp-content\/uploads\/2019\/04\/integracio-4-600x375-600x342.jpg\" height=\"400\" width=\"700\" alt=\"\" class=\"slider-506 slide-516 msDefaultImage\" title=\"integracio-4-600x375\" \/><\/li>\n                <li style=\"display: none; width: 100%;\" class=\"slide-517 ms-image \" aria-roledescription=\"slide\" data-date=\"2019-04-01 19:18:30\" data-filename=\"integracio-5-600x375-600x342.jpg\" data-slide-type=\"image\"><img src=\"https:\/\/nexpert.cat\/wp-content\/uploads\/2019\/04\/integracio-5-600x375-600x342.jpg\" height=\"400\" width=\"700\" alt=\"\" class=\"slider-506 slide-517 msDefaultImage\" title=\"integracio-5-600x375\" \/><\/li>\n                <li style=\"display: none; width: 100%;\" class=\"slide-518 ms-image \" aria-roledescription=\"slide\" data-date=\"2019-04-01 19:18:30\" data-filename=\"integracio-6-600x375-600x342.jpg\" data-slide-type=\"image\"><img src=\"https:\/\/nexpert.cat\/wp-content\/uploads\/2019\/04\/integracio-6-600x375-600x342.jpg\" height=\"400\" width=\"700\" alt=\"\" class=\"slider-506 slide-518 msDefaultImage\" title=\"integracio-6-600x375\" \/><\/li>\n            <\/ul>\n        <\/div>\n        \n    <\/div>\n<\/div>\n\n\n\n<div style=\"height:40px\" aria-hidden=\"true\" class=\"wp-block-spacer\"><\/div>\n\n\n\n<p>Realizamos el proyecto de electrificaci\u00f3n y automatizaci\u00f3n para todo tipo de m\u00e1quinas, adapt\u00e1ndonos a las necesidades del cliente y de la l\u00ednea donde se integrar\u00e1n.<\/p>\n\n\n\n<p>Tambi\u00e9n llevamos a cabo el estudio y la modificaci\u00f3n el\u00e9ctrica correspondiente a la maquinaria actual del cliente para asegurar el cumplimiento de las normativas de seguridad CE vigentes.<\/p>\n\n\n\n<ul>\n<li> Barreras de infrarrojo y esc\u00e1neres de seguridad. <\/li>\n\n\n\n<li> Balizas luminosas. <\/li>\n\n\n\n<li> Cerraduras de seguridad. <\/li>\n\n\n\n<li> Control de apertura de puertas de acceso a la m\u00e1quina. <\/li>\n\n\n\n<li> Controladores de seguridad para cuadros de control de maquinaria.<\/li>\n<\/ul>\n\n\n\n<p>Aplicaciones:<\/p>\n\n\n\n<ul class=\"aplicacions-list\">\n<li> Control de movimiento de motores y servomotores.<\/li>\n\n\n\n<li> Sistemas de detecci\u00f3n, control y accionamientos.<\/li>\n\n\n\n<li> Neum\u00e1tica.<\/li>\n\n\n\n<li> Automatizaci\u00f3n de maquinaria. <\/li>\n\n\n\n<li> Modificaci\u00f3n de maquinaria para cumplir la normativa de seguridad actual.<\/li>\n<\/ul>\n","protected":false},"excerpt":{"rendered":"<p>Realizamos el proyecto de electrificaci\u00f3n y automatizaci\u00f3n para todo tipo de m\u00e1quinas, adapt\u00e1ndonos a las necesidades del cliente y de la l\u00ednea donde se integrar\u00e1n. Tambi\u00e9n llevamos a cabo el estudio y la modificaci\u00f3n el\u00e9ctrica correspondiente a la maquinaria actual del cliente para asegurar el cumplimiento de las normativas de seguridad CE vigentes. Aplicaciones:<\/p>\n","protected":false},"author":1,"featured_media":0,"parent":617,"menu_order":0,"comment_status":"closed","ping_status":"closed","template":"","meta":[],"aioseo_notices":[],"_links":{"self":[{"href":"https:\/\/nexpert.cat\/es\/wp-json\/wp\/v2\/pages\/630"}],"collection":[{"href":"https:\/\/nexpert.cat\/es\/wp-json\/wp\/v2\/pages"}],"about":[{"href":"https:\/\/nexpert.cat\/es\/wp-json\/wp\/v2\/types\/page"}],"author":[{"embeddable":true,"href":"https:\/\/nexpert.cat\/es\/wp-json\/wp\/v2\/users\/1"}],"replies":[{"embeddable":true,"href":"https:\/\/nexpert.cat\/es\/wp-json\/wp\/v2\/comments?post=630"}],"version-history":[{"count":3,"href":"https:\/\/nexpert.cat\/es\/wp-json\/wp\/v2\/pages\/630\/revisions"}],"predecessor-version":[{"id":1342,"href":"https:\/\/nexpert.cat\/es\/wp-json\/wp\/v2\/pages\/630\/revisions\/1342"}],"up":[{"embeddable":true,"href":"https:\/\/nexpert.cat\/es\/wp-json\/wp\/v2\/pages\/617"}],"wp:attachment":[{"href":"https:\/\/nexpert.cat\/es\/wp-json\/wp\/v2\/media?parent=630"}],"curies":[{"name":"wp","href":"https:\/\/api.w.org\/{rel}","templated":true}]}}