{"id":626,"date":"2019-04-01T17:38:04","date_gmt":"2019-04-01T15:38:04","guid":{"rendered":"http:\/\/nexpert.cat\/?page_id=626"},"modified":"2024-08-09T14:26:13","modified_gmt":"2024-08-09T12:26:13","slug":"diseno-de-proyectos","status":"publish","type":"page","link":"https:\/\/nexpert.cat\/es\/servicios\/diseno-de-proyectos\/","title":{"rendered":"Dise\u00f1o de proyectos"},"content":{"rendered":"\n<div id=\"metaslider-id-403\" style=\"width: 100%;\" class=\"ml-slider-3-108-0 metaslider metaslider-flex metaslider-403 ml-slider ms-theme-default nav-hidden\" role=\"region\" aria-label=\"disseny-projectes\" data-height=\"400\" data-width=\"700\">\n    <div id=\"metaslider_container_403\">\n        <div id=\"metaslider_403\">\n            <ul class='slides'>\n                <li style=\"display: block; width: 100%;\" class=\"slide-409 ms-image \" aria-roledescription=\"slide\" data-date=\"2019-04-01 17:37:34\" data-filename=\"CAVAPALET36M4-600x375-600x342.jpg\" data-slide-type=\"image\"><img src=\"https:\/\/nexpert.cat\/wp-content\/uploads\/2019\/04\/CAVAPALET36M4-600x375-600x342.jpg\" height=\"400\" width=\"700\" alt=\"\" class=\"slider-403 slide-409 msDefaultImage\" title=\"CAVAPALET36M4-600x375\" \/><\/li>\n                <li style=\"display: none; width: 100%;\" class=\"slide-410 ms-image \" aria-roledescription=\"slide\" data-date=\"2019-04-01 17:37:34\" data-filename=\"dibuixesquema-600x375-600x342.jpg\" data-slide-type=\"image\"><img src=\"https:\/\/nexpert.cat\/wp-content\/uploads\/2019\/04\/dibuixesquema-600x375-600x342.jpg\" height=\"400\" width=\"700\" alt=\"\" class=\"slider-403 slide-410 msDefaultImage\" title=\"dibuixesquema-600x375\" \/><\/li>\n                <li style=\"display: none; width: 100%;\" class=\"slide-411 ms-image \" aria-roledescription=\"slide\" data-date=\"2019-04-01 17:37:34\" data-filename=\"fanuc-3d-600x375-600x342.jpg\" data-slide-type=\"image\"><img src=\"https:\/\/nexpert.cat\/wp-content\/uploads\/2019\/04\/fanuc-3d-600x375-600x342.jpg\" height=\"400\" width=\"700\" alt=\"\" class=\"slider-403 slide-411 msDefaultImage\" title=\"fanuc-3d-600x375\" \/><\/li>\n                <li style=\"display: none; width: 100%;\" class=\"slide-412 ms-image \" aria-roledescription=\"slide\" data-date=\"2019-04-01 17:37:34\" data-filename=\"planol-cavapal7000-600x375-600x342.jpg\" data-slide-type=\"image\"><img src=\"https:\/\/nexpert.cat\/wp-content\/uploads\/2019\/04\/planol-cavapal7000-600x375-600x342.jpg\" height=\"400\" width=\"700\" alt=\"\" class=\"slider-403 slide-412 msDefaultImage\" title=\"planol-cavapal7000-600x375\" \/><\/li>\n                <li style=\"display: none; width: 100%;\" class=\"slide-413 ms-image \" aria-roledescription=\"slide\" data-date=\"2019-04-01 17:37:34\" data-filename=\"project-600x375-600x342.jpg\" data-slide-type=\"image\"><img src=\"https:\/\/nexpert.cat\/wp-content\/uploads\/2019\/04\/project-600x375-600x342.jpg\" height=\"400\" width=\"700\" alt=\"\" class=\"slider-403 slide-413 msDefaultImage\" title=\"project-600x375\" \/><\/li>\n            <\/ul>\n        <\/div>\n        \n    <\/div>\n<\/div>\n\n\n\n<div style=\"height:40px\" aria-hidden=\"true\" class=\"wp-block-spacer\"><\/div>\n\n\n\n<p><strong>Realizamos el dise\u00f1o completo de todas las fases de un proyecto.<\/strong><\/p>\n\n\n\n<p>El cliente solo tiene que comunicar su necesidad, y nuestro equipo se dedicar\u00e1 a identificar e implementar las soluciones automatizadas m\u00e1s innovadoras y actuales. Nos encargamos de todo el proceso, desde el an\u00e1lisis inicial hasta la finalizaci\u00f3n del proyecto, asegur\u00e1ndonos de que cada detalle cumpla con los est\u00e1ndares de calidad y eficiencia.<\/p>\n\n\n\n<ul class=\"aplicacions-list\">\n<li> Estudio de viabilidad, preferencias y requerimientos de la propuesta del cliente.<\/li>\n\n\n\n<li> Presupuestos. <\/li>\n\n\n\n<li> Dibujo de esquemas el\u00e9ctricos.<\/li>\n\n\n\n<li> Programaci\u00f3n de PLC.<\/li>\n\n\n\n<li> Dise\u00f1o de interfaces hombre-m\u00e1quina: pantallas t\u00e1ctiles, displays, etc. <\/li>\n\n\n\n<li> Dise\u00f1o y programaci\u00f3n de sistemas SCADA.<\/li>\n\n\n\n<li> Proyectos de rob\u00f3tica, visi\u00f3n artificial y sistemas de trazabilidad.<\/li>\n<\/ul>\n\n\n\n<p><\/p>\n","protected":false},"excerpt":{"rendered":"<p>Realizamos el dise\u00f1o completo de todas las fases de un proyecto. El cliente solo tiene que comunicar su necesidad, y nuestro equipo se dedicar\u00e1 a identificar e implementar las soluciones automatizadas m\u00e1s innovadoras y actuales. Nos encargamos de todo el proceso, desde el an\u00e1lisis inicial hasta la finalizaci\u00f3n del proyecto, asegur\u00e1ndonos de que cada detalle [&hellip;]<\/p>\n","protected":false},"author":1,"featured_media":0,"parent":617,"menu_order":0,"comment_status":"closed","ping_status":"closed","template":"","meta":[],"aioseo_notices":[],"_links":{"self":[{"href":"https:\/\/nexpert.cat\/es\/wp-json\/wp\/v2\/pages\/626"}],"collection":[{"href":"https:\/\/nexpert.cat\/es\/wp-json\/wp\/v2\/pages"}],"about":[{"href":"https:\/\/nexpert.cat\/es\/wp-json\/wp\/v2\/types\/page"}],"author":[{"embeddable":true,"href":"https:\/\/nexpert.cat\/es\/wp-json\/wp\/v2\/users\/1"}],"replies":[{"embeddable":true,"href":"https:\/\/nexpert.cat\/es\/wp-json\/wp\/v2\/comments?post=626"}],"version-history":[{"count":3,"href":"https:\/\/nexpert.cat\/es\/wp-json\/wp\/v2\/pages\/626\/revisions"}],"predecessor-version":[{"id":1449,"href":"https:\/\/nexpert.cat\/es\/wp-json\/wp\/v2\/pages\/626\/revisions\/1449"}],"up":[{"embeddable":true,"href":"https:\/\/nexpert.cat\/es\/wp-json\/wp\/v2\/pages\/617"}],"wp:attachment":[{"href":"https:\/\/nexpert.cat\/es\/wp-json\/wp\/v2\/media?parent=626"}],"curies":[{"name":"wp","href":"https:\/\/api.w.org\/{rel}","templated":true}]}}