{"id":623,"date":"2019-04-01T18:18:04","date_gmt":"2019-04-01T16:18:04","guid":{"rendered":"http:\/\/nexpert.cat\/?page_id=623"},"modified":"2024-08-09T14:46:33","modified_gmt":"2024-08-09T12:46:33","slug":"control-industrial","status":"publish","type":"page","link":"https:\/\/nexpert.cat\/es\/servicios\/control-industrial\/","title":{"rendered":"Control Industrial"},"content":{"rendered":"\n<div id=\"metaslider-id-479\" style=\"width: 100%;\" class=\"ml-slider-3-107-0 metaslider metaslider-flex metaslider-479 ml-slider ms-theme-default nav-hidden\" role=\"region\" aria-label=\"control industrial\" data-height=\"400\" data-width=\"700\">\n    <div id=\"metaslider_container_479\">\n        <div id=\"metaslider_479\">\n            <ul class='slides'>\n                <li style=\"display: block; width: 100%;\" class=\"slide-484 ms-image \" aria-roledescription=\"slide\" data-date=\"2019-04-01 18:19:23\" data-filename=\"CIMG0693-600x375-600x342.jpg\" data-slide-type=\"image\"><img src=\"https:\/\/nexpert.cat\/wp-content\/uploads\/2019\/04\/CIMG0693-600x375-600x342.jpg\" height=\"400\" width=\"700\" alt=\"\" class=\"slider-479 slide-484 msDefaultImage\" title=\"CIMG0693-600x375\" \/><\/li>\n                <li style=\"display: none; width: 100%;\" class=\"slide-485 ms-image \" aria-roledescription=\"slide\" data-date=\"2019-04-01 18:19:23\" data-filename=\"DSC02851-600x375-600x342.jpg\" data-slide-type=\"image\"><img src=\"https:\/\/nexpert.cat\/wp-content\/uploads\/2019\/04\/DSC02851-600x375-600x342.jpg\" height=\"400\" width=\"700\" alt=\"\" class=\"slider-479 slide-485 msDefaultImage\" title=\"DSC02851-600x375\" \/><\/li>\n                <li style=\"display: none; width: 100%;\" class=\"slide-486 ms-image \" aria-roledescription=\"slide\" data-date=\"2019-04-01 18:19:23\" data-filename=\"quadre-control-linia-1-600x375-600x342.jpg\" data-slide-type=\"image\"><img src=\"https:\/\/nexpert.cat\/wp-content\/uploads\/2019\/04\/quadre-control-linia-1-600x375-600x342.jpg\" height=\"400\" width=\"700\" alt=\"\" class=\"slider-479 slide-486 msDefaultImage\" title=\"quadre-control-linia-1-600x375\" \/><\/li>\n                <li style=\"display: none; width: 100%;\" class=\"slide-487 ms-image \" aria-roledescription=\"slide\" data-date=\"2019-04-01 18:19:23\" data-filename=\"quadre-premses-600x375-600x342.jpg\" data-slide-type=\"image\"><img src=\"https:\/\/nexpert.cat\/wp-content\/uploads\/2019\/04\/quadre-premses-600x375-600x342.jpg\" height=\"400\" width=\"700\" alt=\"\" class=\"slider-479 slide-487 msDefaultImage\" title=\"quadre-premses-600x375\" \/><\/li>\n            <\/ul>\n        <\/div>\n        \n    <\/div>\n<\/div>\n\n\n\n<div style=\"height:40px\" aria-hidden=\"true\" class=\"wp-block-spacer\"><\/div>\n\n\n\n<p>Con m\u00e1s de 30 a\u00f1os de experiencia en el campo de la automatizaci\u00f3n, somos especialistas en la regulaci\u00f3n y control de sistemas autom\u00e1ticos. Nuestra experiencia nos permite dise\u00f1ar y construir cuadros el\u00e9ctricos de control adaptados a las necesidades espec\u00edficas de cada proyecto e industria.<\/p>\n\n\n\n<p>Nuestras aplicaciones incluyen:<\/p>\n\n\n\n<ul class=\"aplicacions-list\">\n<li> Maniobra con aut\u00f3matas industriales <\/li>\n\n\n\n<li> Control de movimiento: variadores de frecuencia, servomotores, y velocidades de l\u00edneas.<\/li>\n\n\n\n<li> Control de temperatura y fermentaci\u00f3n: preparaci\u00f3n de materias primas, funcionamiento integrado con bombas, caudal\u00edmetros y electrov\u00e1lvulas.<\/li>\n\n\n\n<li> Control de producci\u00f3n \/ SCADA: HMI, pantallas t\u00e1ctiles, SCADA en ordenador, salvamento de datos e integraci\u00f3n con redes de oficina.<\/li>\n\n\n\n<li> Integraci\u00f3n de maquinaria y adaptaci\u00f3n a la normativa vigente.<\/li>\n\n\n\n<li> Control centralizado de sistemas de alumbrado, riego, calefacci\u00f3n, etc. <\/li>\n\n\n\n<li> Control de las instalaciones para una mejor eficiencia energ\u00e9tica.<\/li>\n<\/ul>\n","protected":false},"excerpt":{"rendered":"<p>Con m\u00e1s de 30 a\u00f1os de experiencia en el campo de la automatizaci\u00f3n, somos especialistas en la regulaci\u00f3n y control de sistemas autom\u00e1ticos. Nuestra experiencia nos permite dise\u00f1ar y construir cuadros el\u00e9ctricos de control adaptados a las necesidades espec\u00edficas de cada proyecto e industria. Nuestras aplicaciones incluyen:<\/p>\n","protected":false},"author":1,"featured_media":0,"parent":617,"menu_order":0,"comment_status":"closed","ping_status":"closed","template":"","meta":[],"aioseo_notices":[],"_links":{"self":[{"href":"https:\/\/nexpert.cat\/es\/wp-json\/wp\/v2\/pages\/623"}],"collection":[{"href":"https:\/\/nexpert.cat\/es\/wp-json\/wp\/v2\/pages"}],"about":[{"href":"https:\/\/nexpert.cat\/es\/wp-json\/wp\/v2\/types\/page"}],"author":[{"embeddable":true,"href":"https:\/\/nexpert.cat\/es\/wp-json\/wp\/v2\/users\/1"}],"replies":[{"embeddable":true,"href":"https:\/\/nexpert.cat\/es\/wp-json\/wp\/v2\/comments?post=623"}],"version-history":[{"count":6,"href":"https:\/\/nexpert.cat\/es\/wp-json\/wp\/v2\/pages\/623\/revisions"}],"predecessor-version":[{"id":1461,"href":"https:\/\/nexpert.cat\/es\/wp-json\/wp\/v2\/pages\/623\/revisions\/1461"}],"up":[{"embeddable":true,"href":"https:\/\/nexpert.cat\/es\/wp-json\/wp\/v2\/pages\/617"}],"wp:attachment":[{"href":"https:\/\/nexpert.cat\/es\/wp-json\/wp\/v2\/media?parent=623"}],"curies":[{"name":"wp","href":"https:\/\/api.w.org\/{rel}","templated":true}]}}