{"id":617,"date":"2019-01-24T13:23:15","date_gmt":"2019-01-24T12:23:15","guid":{"rendered":"http:\/\/nexpert.cat\/?page_id=617"},"modified":"2024-08-09T12:19:36","modified_gmt":"2024-08-09T10:19:36","slug":"servicios","status":"publish","type":"page","link":"https:\/\/nexpert.cat\/es\/servicios\/","title":{"rendered":"Servicios Nexpert"},"content":{"rendered":"\n<p class=\"width: 50%\">En Nexpert ofrecemos todo tipo de soluciones de ingenier\u00eda, automatizaci\u00f3n y rob\u00f3tica. <br> Nuestro equipo de profesionales estudia las nuevas tendencias y la tecnolog\u00eda m\u00e1s avanzada para ofrecer un servicio actualizado y adaptado a cada cliente.<\/p>\n\n\n\n<hr class=\"wp-block-separator has-css-opacity\"\/>\n\n\n\n<a name=\"robotica\"><\/a>\n\n\n\n<div class=\"wp-block-columns has-2-columns is-layout-flex wp-container-3\">\n<div class=\"wp-block-column is-layout-flow\">\n<h3 class=\"wp-block-heading\"><a href=\"https:\/\/nexpert.cat\/es\/servicios\/robotica-industrial\/\">Rob\u00f3tica&nbsp;Industrial<\/a><\/h3>\n\n\n\n<p>Realizamos proyectos de robotizaci\u00f3n llave en mano, abarcando todas las fases del proceso: desde la instalaci\u00f3n del robot y el cabezal, hasta el cerramiento de seguridad. Tambi\u00e9n nos encargamos de la instalaci\u00f3n de los cuadros de potencia y control, as\u00ed como de la interfaz hombre-m\u00e1quina correspondiente.<\/p>\n\n\n\n<div class=\"wp-block-button\">\n<img decoding=\"async\" src=\"\/wp-content\/themes\/FoundationPress\/src\/assets\/images\/logo-nexrobotics.png\" width=\"120px\" style=\"width: 180px; margin-right: 10px;\">\n<a class=\"wp-block-button__link\" href=\"\/es\/servicios\/robotica-industrial\">Conozca NexRobotics<\/a><\/div>\n<\/div>\n\n\n\n<div class=\"wp-block-column is-layout-flow\">\n<div id=\"metaslider-id-198\" style=\"width: 100%;\" class=\"ml-slider-3-109-0 metaslider metaslider-flex metaslider-198 ml-slider ms-theme-default nav-hidden\" role=\"region\" aria-label=\"Robotica\" data-height=\"350\" data-width=\"700\">\n    <div id=\"metaslider_container_198\">\n        <div id=\"metaslider_198\">\n            <ul class='slides'>\n                <li style=\"display: block; width: 100%;\" class=\"slide-199 ms-image \" aria-roledescription=\"slide\" data-date=\"2019-01-30 14:05:44\" data-filename=\"robotica-600x300.jpg\" data-slide-type=\"image\"><img src=\"https:\/\/nexpert.cat\/wp-content\/uploads\/2019\/01\/robotica-600x300.jpg\" height=\"350\" width=\"700\" alt=\"\" class=\"slider-198 slide-199 msDefaultImage\" title=\"robotica\" \/><\/li>\n                <li style=\"display: none; width: 100%;\" class=\"slide-200 ms-image \" aria-roledescription=\"slide\" data-date=\"2019-01-30 14:06:02\" data-filename=\"IMGP4004-650x325.jpg\" data-slide-type=\"image\"><img src=\"https:\/\/nexpert.cat\/wp-content\/uploads\/2019\/01\/IMGP4004-650x325.jpg\" height=\"350\" width=\"700\" alt=\"\" class=\"slider-198 slide-200 msDefaultImage\" title=\"IMGP4004\" \/><\/li>\n            <\/ul>\n        <\/div>\n        \n    <\/div>\n<\/div>\n\n\n\n<p><\/p>\n<\/div>\n<\/div>\n\n\n\n<ul class=\"submenu-servei\">\n<li><a href=\"\/es\/servicios\/robotica-industrial\/aplicaciones-especiales\/\">APLICACIONES ESPECIALES<\/a><\/li>\n\n\n\n<li><a href=\"\/es\/servicios\/robotica-industrial\/alimentacion-de-maquinas\/\">ALIMENTACI\u00d3N DE M\u00c1QUINAS<\/a><\/li>\n\n\n\n<li><a href=\"\/es\/servicios\/robotica-industrial\/manipulacion-pickplace\/\">MANIPULACI\u00d3N DE BOTELLAS<\/a><\/li>\n\n\n\n<li><a href=\"\/es\/servicios\/robotica-industrial\/despaletizado\/\">DESPALETIZADO<\/a><\/li>\n\n\n\n<li><a href=\"\/es\/servicios\/robotica-industrial\/paletizado\/\">PALETIZADO<\/a><\/li>\n<\/ul>\n\n\n\n<hr class=\"wp-block-separator has-css-opacity\"\/>\n\n\n\n<a name=\"control-qualitat\"><\/a>\n\n\n\n<div class=\"wp-block-columns has-2-columns is-layout-flex wp-container-6\">\n<div class=\"wp-block-column is-layout-flow\">\n<h3 class=\"wp-block-heading\"><a href=\"https:\/\/nexpert.cat\/es\/?page_id=848\">Control&nbsp;de&nbsp;calidad<\/a><\/h3>\n\n\n\n<p>Las diversas necesidades en el control de calidad requieren sistemas de control especializados. En Nexpert, le ofrecemos las soluciones que necesita.<\/p>\n\n\n\n<p>Contamos con aplicaciones de <strong>visi\u00f3n artificial<\/strong>, sistemas de medici\u00f3n, pesaje est\u00e1tico y din\u00e1mico, entre otros.<\/p>\n<\/div>\n\n\n\n<div class=\"wp-block-column is-layout-flow\">\n<div id=\"metaslider-id-248\" style=\"width: 100%;\" class=\"ml-slider-3-109-0 metaslider metaslider-flex metaslider-248 ml-slider ms-theme-default nav-hidden nav-hidden\" role=\"region\" aria-label=\"Control Qualitat\" data-height=\"350\" data-width=\"700\">\n    <div id=\"metaslider_container_248\">\n        <div id=\"metaslider_248\">\n            <ul class='slides'>\n                <li style=\"display: block; width: 100%;\" class=\"slide-252 ms-image \" aria-roledescription=\"slide\" data-date=\"2019-01-31 12:08:03\" data-filename=\"F270_Vision_Sensor_250_x_250-600x300.jpg\" data-slide-type=\"image\"><img src=\"https:\/\/nexpert.cat\/wp-content\/uploads\/2019\/01\/F270_Vision_Sensor_250_x_250-600x300.jpg\" height=\"350\" width=\"700\" alt=\"\" class=\"slider-248 slide-252 msDefaultImage\" title=\"F270_Vision_Sensor_(250_x_250)\" \/><\/li>\n                <li style=\"display: none; width: 100%;\" class=\"slide-253 ms-image \" aria-roledescription=\"slide\" data-date=\"2019-01-31 12:08:03\" data-filename=\"CIMG0699-450x225.jpg\" data-slide-type=\"image\"><img src=\"https:\/\/nexpert.cat\/wp-content\/uploads\/2019\/01\/CIMG0699-450x225.jpg\" height=\"350\" width=\"700\" alt=\"\" class=\"slider-248 slide-253 msDefaultImage\" title=\"CIMG0699\" \/><\/li>\n                <li style=\"display: none; width: 100%;\" class=\"slide-254 ms-image \" aria-roledescription=\"slide\" data-date=\"2019-01-31 12:08:03\" data-filename=\"vision_inside_1-450x225.jpg\" data-slide-type=\"image\"><img src=\"https:\/\/nexpert.cat\/wp-content\/uploads\/2019\/01\/vision_inside_1-450x225.jpg\" height=\"350\" width=\"700\" alt=\"\" class=\"slider-248 slide-254 msDefaultImage\" title=\"vision_inside_1\" \/><\/li>\n            <\/ul>\n        <\/div>\n        \n    <\/div>\n<\/div>\n<\/div>\n<\/div>\n\n\n\n<ul class=\"menu submenu-servei\"><li><a href=\"\/es\/servicios\/vision-artificial\/\">VISI\u00d3N ARTIFICIAL<\/a><\/li><li><a href=\"\/es\/servicios\/sistemas-de-medicion\/\">SISTEMAS DE MEDICI\u00d3N<\/a><\/li><li><a href=\"\/es\/servicios\/pesaje-estatico-dinamico\/\">PESAJE EST\u00c1TICO Y DIN\u00c1MICO<\/a><\/li><\/ul>\n\n\n\n<hr class=\"wp-block-separator has-css-opacity\"\/>\n\n\n\n<a name=\"oficina-tecnica\"><\/a>\n\n\n\n<div class=\"wp-block-columns has-2-columns is-layout-flex wp-container-9\">\n<div class=\"wp-block-column is-layout-flow\">\n<h3 class=\"wp-block-heading\"><a href=\"https:\/\/nexpert.cat\/oficina-tecnica\/\">Oficina&nbsp;t\u00e9cnica<\/a><\/h3>\n\n\n\n<p>Nuestra oficina t\u00e9cnica est\u00e1 formada por especialistas con amplia experiencia en todos los aspectos de las <strong>tecnolog\u00edas de automatizaci\u00f3n<\/strong>.<\/p>\n\n\n\n<p>Desarrollamos todas las fases del dise\u00f1o de un proyecto, desde el dibujo de esquemas el\u00e9ctricos, la programaci\u00f3n de PLC, el dise\u00f1o de interfaces hombre-m\u00e1quina como pantallas t\u00e1ctiles y displays, hasta el dise\u00f1o y la programaci\u00f3n de sistemas SCADA para el control, gesti\u00f3n y monitorizaci\u00f3n de l\u00edneas de producci\u00f3n completas. Tambi\u00e9n trabajamos en proyectos de rob\u00f3tica, visi\u00f3n artificial, sistemas de trazabilidad e investigaci\u00f3n I+D+i.<\/p>\n<\/div>\n\n\n\n<div class=\"wp-block-column is-layout-flow\">\n<div id=\"metaslider-id-260\" style=\"width: 100%;\" class=\"ml-slider-3-109-0 metaslider metaslider-flex metaslider-260 ml-slider ms-theme-default nav-hidden nav-hidden nav-hidden\" role=\"region\" aria-label=\"Oficina T\u00e9cnica\" data-height=\"350\" data-width=\"700\">\n    <div id=\"metaslider_container_260\">\n        <div id=\"metaslider_260\">\n            <ul class='slides'>\n                <li style=\"display: block; width: 100%;\" class=\"slide-267 ms-image \" aria-roledescription=\"slide\" data-date=\"2019-01-31 12:27:38\" data-filename=\"CAVAPALET7000M1-700x350.jpg\" data-slide-type=\"image\"><img src=\"https:\/\/nexpert.cat\/wp-content\/uploads\/2019\/01\/CAVAPALET7000M1-700x350.jpg\" height=\"350\" width=\"700\" alt=\"\" class=\"slider-260 slide-267 msDefaultImage\" title=\"CAVAPALET7000\" \/><\/li>\n                <li style=\"display: none; width: 100%;\" class=\"slide-268 ms-image \" aria-roledescription=\"slide\" data-date=\"2019-01-31 12:27:38\" data-filename=\"CADKitViewer-screen13-700x350.jpg\" data-slide-type=\"image\"><img src=\"https:\/\/nexpert.cat\/wp-content\/uploads\/2019\/01\/CADKitViewer-screen13-700x350.jpg\" height=\"350\" width=\"700\" alt=\"\" class=\"slider-260 slide-268 msDefaultImage\" title=\"CADKitViewer-screen13\" \/><\/li>\n                <li style=\"display: none; width: 100%;\" class=\"slide-269 ms-image \" aria-roledescription=\"slide\" data-date=\"2019-01-31 12:27:38\" data-filename=\"interface-home-m\u00e0quina-PANTALLES-700x350.jpg\" data-slide-type=\"image\"><img src=\"https:\/\/nexpert.cat\/wp-content\/uploads\/2019\/01\/interface-home-m\u00e0quina-PANTALLES-700x350.jpg\" height=\"350\" width=\"700\" alt=\"\" class=\"slider-260 slide-269 msDefaultImage\" title=\"interface home-m\u00e0quina PANTALLES\" \/><\/li>\n                <li style=\"display: none; width: 100%;\" class=\"slide-270 ms-image \" aria-roledescription=\"slide\" data-date=\"2019-01-31 12:27:38\" data-filename=\"programa-PLC-700x350.jpg\" data-slide-type=\"image\"><img src=\"https:\/\/nexpert.cat\/wp-content\/uploads\/2019\/01\/programa-PLC-700x350.jpg\" height=\"350\" width=\"700\" alt=\"\" class=\"slider-260 slide-270 msDefaultImage\" title=\"programa PLC\" \/><\/li>\n                <li style=\"display: none; width: 100%;\" class=\"slide-271 ms-image \" aria-roledescription=\"slide\" data-date=\"2019-01-31 12:27:38\" data-filename=\"SCADA-2-477x238.jpg\" data-slide-type=\"image\"><img src=\"https:\/\/nexpert.cat\/wp-content\/uploads\/2019\/01\/SCADA-2-477x238.jpg\" height=\"350\" width=\"700\" alt=\"\" class=\"slider-260 slide-271 msDefaultImage\" title=\"SCADA 2\" \/><\/li>\n                <li style=\"display: none; width: 100%;\" class=\"slide-272 ms-image \" aria-roledescription=\"slide\" data-date=\"2019-01-31 12:27:38\" data-filename=\"tra\u00e7abilitat-700x350.jpg\" data-slide-type=\"image\"><img src=\"https:\/\/nexpert.cat\/wp-content\/uploads\/2019\/01\/tra\u00e7abilitat-700x350.jpg\" height=\"350\" width=\"700\" alt=\"\" class=\"slider-260 slide-272 msDefaultImage\" title=\"tra\u00e7abilitat\" \/><\/li>\n            <\/ul>\n        <\/div>\n        \n    <\/div>\n<\/div>\n\n\n\n<div style=\"height:30px\" aria-hidden=\"true\" class=\"wp-block-spacer\"><\/div>\n\n\n\n<p>Disponemos de un amplio espacio para atender a nuestros clientes y llevar a cabo c\u00f3modamente todos los pasos necesarios para el dise\u00f1o de los proyectos.<\/p>\n<\/div>\n<\/div>\n\n\n\n<ul class=\"menu submenu-servei\"><li><a href=\"\/es\/servicios\/diseno-de-proyectos\/\">DISE\u00d1O DE PROYECTOS<\/a><\/li><li><a href=\"\/es\/servicios\/programacion-de-plcs\/\">PROGRAMACI\u00d3N DE PLC\u2019S<\/a><\/li><li><a href=\"\/es\/servicios\/interficie-hombre-maquina\/\">INTERF\u00cdCIE HOMBRE-M\u00c1QUINA<\/a><\/li><li><a href=\"\/es\/servicios\/scada\/\">SCADA<\/a><\/li><li><a href=\"\/es\/servicios\/trazabilidad\/\">TRAZABILIDAD<\/a><\/li><\/ul>\n\n\n\n<hr class=\"wp-block-separator has-css-opacity\"\/>\n\n\n\n<a name=\"quadres-electrics\"><\/a>\n\n\n\n<div class=\"wp-block-columns has-2-columns is-layout-flex wp-container-12\">\n<div class=\"wp-block-column is-layout-flow\">\n<h3 class=\"wp-block-heading\"><a href=\"https:\/\/nexpert.cat\/cuadros-electricos\/\">Cuadros&nbsp;el\u00e9ctricos<\/a><\/h3>\n\n\n\n<p>Dise\u00f1o y montaje de cuadros el\u00e9ctricos de potencia, distribuci\u00f3n, control y dom\u00f3tica, entre otros.<\/p>\n\n\n\n<ul>\n<li><a href=\"https:\/\/nexpert.cat\/es\/servicios\/potencia-y-distribucion\/\">POTENCIA Y DISTRIBUCI\u00d3N<\/a><\/li>\n\n\n\n<li><a href=\"https:\/\/nexpert.cat\/es\/servicios\/control-industrial\/\">CONTROL INDUSTRIAL<\/a><\/li>\n<\/ul>\n<\/div>\n\n\n\n<div class=\"wp-block-column is-layout-flow\">\n<figure class=\"wp-block-image size-large\"><img decoding=\"async\" loading=\"lazy\" width=\"496\" height=\"716\" src=\"https:\/\/nexpert.cat\/wp-content\/uploads\/2019\/12\/Quadres-el\u00e8ctrics.png\" alt=\"\" class=\"wp-image-1111\" srcset=\"https:\/\/nexpert.cat\/wp-content\/uploads\/2019\/12\/Quadres-el\u00e8ctrics.png 496w, https:\/\/nexpert.cat\/wp-content\/uploads\/2019\/12\/Quadres-el\u00e8ctrics-208x300.png 208w\" sizes=\"(max-width: 639px) 98vw, (max-width: 1199px) 64vw, 496px\" \/><\/figure>\n<\/div>\n<\/div>\n\n\n\n<hr class=\"wp-block-separator has-css-opacity\"\/>\n\n\n\n<a name=\"muntatges-electrics\"><\/a>\n\n\n\n<div class=\"wp-block-columns has-2-columns is-layout-flex wp-container-15\">\n<div class=\"wp-block-column is-layout-flow\">\n<h3 class=\"wp-block-heading\"><a href=\"https:\/\/nexpert.cat\/es\/montajes-electricos\/\">Montajes&nbsp;el\u00e9ctricos<\/a><\/h3>\n\n\n\n<p>Instalaci\u00f3n de acometidas, alumbrado, red y potencia de naves industriales, integraci\u00f3n y automatizaci\u00f3n de maquinaria, entre otros.<\/p>\n<\/div>\n\n\n\n<div class=\"wp-block-column is-layout-flow\">\n<figure class=\"wp-block-image size-large\"><img decoding=\"async\" loading=\"lazy\" width=\"444\" height=\"400\" src=\"https:\/\/nexpert.cat\/wp-content\/uploads\/2019\/12\/Muntatges-el\u00e8ctrics.png\" alt=\"\" class=\"wp-image-1113\" srcset=\"https:\/\/nexpert.cat\/wp-content\/uploads\/2019\/12\/Muntatges-el\u00e8ctrics.png 444w, https:\/\/nexpert.cat\/wp-content\/uploads\/2019\/12\/Muntatges-el\u00e8ctrics-300x270.png 300w\" sizes=\"(max-width: 639px) 98vw, (max-width: 1199px) 64vw, 444px\" \/><\/figure>\n\n\n\n<ul class=\"menu vertical submenu-servei\">\n<li><a href=\"\/es\/servicios\/naves-industriales\/\">NAVES INDUSTRIALES<\/a><\/li>\n\n\n\n<li><a href=\"\/es\/servicios\/integracion-de-maquinaria\/\">INTEGRACI\u00d3N DE MAQUINARIA<\/a><\/li>\n<\/ul>\n<\/div>\n<\/div>\n\n\n\n<hr class=\"wp-block-separator has-css-opacity\"\/>\n\n\n\n<a name=\"formacio\"><\/a>\n\n\n\n<div class=\"wp-block-columns has-2-columns is-layout-flex wp-container-18\">\n<div class=\"wp-block-column is-layout-flow\">\n<h3 class=\"wp-block-heading\"><a href=\"https:\/\/nexpert.cat\/es\/automatizacion-industrial\/\">Automatizaci\u00f3n Industrial<\/a><\/h3>\n\n\n\n<p>La automatizaci\u00f3n desempe\u00f1a un papel cada vez m\u00e1s importante en la econom\u00eda mundial y en la experiencia diaria. Al contar con las tecnolog\u00edas necesarias, junto con m\u00e1quinas controladoras y procesos industriales, las empresas pueden ser m\u00e1s competitivas y, al mismo tiempo, seguir creciendo y apostando por la innovaci\u00f3n.<\/p>\n\n\n<\/div>\n\n\n\n<div class=\"wp-block-column is-layout-flow\">\n<figure class=\"wp-block-image size-large\"><img decoding=\"async\" loading=\"lazy\" width=\"1024\" height=\"685\" src=\"https:\/\/nexpert.cat\/wp-content\/uploads\/2019\/12\/Automatitzaci\u00f3-industrial-1-1024x685.jpg\" alt=\"\" class=\"wp-image-1052\" srcset=\"https:\/\/nexpert.cat\/wp-content\/uploads\/2019\/12\/Automatitzaci\u00f3-industrial-1-1024x685.jpg 1024w, https:\/\/nexpert.cat\/wp-content\/uploads\/2019\/12\/Automatitzaci\u00f3-industrial-1-300x201.jpg 300w, https:\/\/nexpert.cat\/wp-content\/uploads\/2019\/12\/Automatitzaci\u00f3-industrial-1-768x514.jpg 768w, https:\/\/nexpert.cat\/wp-content\/uploads\/2019\/12\/Automatitzaci\u00f3-industrial-1-1536x1028.jpg 1536w, https:\/\/nexpert.cat\/wp-content\/uploads\/2019\/12\/Automatitzaci\u00f3-industrial-1-2048x1371.jpg 2048w, https:\/\/nexpert.cat\/wp-content\/uploads\/2019\/12\/Automatitzaci\u00f3-industrial-1-640x428.jpg 640w, https:\/\/nexpert.cat\/wp-content\/uploads\/2019\/12\/Automatitzaci\u00f3-industrial-1-1200x803.jpg 1200w, https:\/\/nexpert.cat\/wp-content\/uploads\/2019\/12\/Automatitzaci\u00f3-industrial-1-1920x1285.jpg 1920w\" sizes=\"(max-width: 639px) 98vw, (max-width: 1199px) 64vw, 770px\" \/><\/figure>\n\n\n\n<p><\/p>\n<\/div>\n<\/div>\n\n\n\n<div class=\"wp-block-columns has-2-columns is-layout-flex wp-container-21\">\n<div class=\"wp-block-column is-layout-flow\">\n<h3 class=\"wp-block-heading\"><a href=\"https:\/\/nexpert.cat\/es\/servicios\/formacion\/\">Formaci\u00f3n<\/a><\/h3>\n\n\n\n<p>Ofrecemos cursos de formaci\u00f3n para realizar tareas de programaci\u00f3n de aut\u00f3matas, variadores de frecuencia, visi\u00f3n artificial, entre otros.<\/p>\n\n\n\n<p>Ofrecemos a nuestros clientes <strong>programas de formaci\u00f3n<\/strong> con las tecnolog\u00edas que implantamos, impartidos por nuestros t\u00e9cnicos o con el apoyo de profesionales de Omron, en los diversos aspectos con los que trabajamos: aut\u00f3matas programables, visi\u00f3n artificial, variadores, etc.<\/p>\n<\/div>\n\n\n\n<div class=\"wp-block-column is-layout-flow\">\n<figure class=\"wp-block-image size-large\"><img decoding=\"async\" loading=\"lazy\" width=\"800\" height=\"408\" src=\"https:\/\/nexpert.cat\/wp-content\/uploads\/2019\/12\/formacio_opt.jpg\" alt=\"\" class=\"wp-image-1115\" srcset=\"https:\/\/nexpert.cat\/wp-content\/uploads\/2019\/12\/formacio_opt.jpg 800w, https:\/\/nexpert.cat\/wp-content\/uploads\/2019\/12\/formacio_opt-300x153.jpg 300w, https:\/\/nexpert.cat\/wp-content\/uploads\/2019\/12\/formacio_opt-768x392.jpg 768w, https:\/\/nexpert.cat\/wp-content\/uploads\/2019\/12\/formacio_opt-640x326.jpg 640w\" sizes=\"(max-width: 639px) 98vw, (max-width: 1199px) 64vw, 770px\" \/><\/figure>\n\n\n\n<div class=\"wp-block-button\">\n<br><br>\n<a class=\"wp-block-button__link\" href=\"\/es\/servicios\/formacion\">M\u00e1s sobre Formaci\u00f3n<\/a><\/div>\n\n\n\n<p>Disponemos de un aula de formaci\u00f3n equipada con todo lo necesario: maletas de demostraciones, proyector, ordenadores, etc.<\/p>\n<\/div>\n<\/div>\n","protected":false},"excerpt":{"rendered":"<p>En Nexpert ofrecemos todo tipo de soluciones de ingenier\u00eda, automatizaci\u00f3n y rob\u00f3tica. Nuestro equipo de profesionales estudia las nuevas tendencias y la tecnolog\u00eda m\u00e1s avanzada para ofrecer un servicio actualizado y adaptado a cada cliente. Rob\u00f3tica&nbsp;Industrial Realizamos proyectos de robotizaci\u00f3n llave en mano, abarcando todas las fases del proceso: desde la instalaci\u00f3n del robot y [&hellip;]<\/p>\n","protected":false},"author":1,"featured_media":0,"parent":0,"menu_order":0,"comment_status":"closed","ping_status":"closed","template":"page-templates\/serveis.php","meta":[],"aioseo_notices":[],"_links":{"self":[{"href":"https:\/\/nexpert.cat\/es\/wp-json\/wp\/v2\/pages\/617"}],"collection":[{"href":"https:\/\/nexpert.cat\/es\/wp-json\/wp\/v2\/pages"}],"about":[{"href":"https:\/\/nexpert.cat\/es\/wp-json\/wp\/v2\/types\/page"}],"author":[{"embeddable":true,"href":"https:\/\/nexpert.cat\/es\/wp-json\/wp\/v2\/users\/1"}],"replies":[{"embeddable":true,"href":"https:\/\/nexpert.cat\/es\/wp-json\/wp\/v2\/comments?post=617"}],"version-history":[{"count":25,"href":"https:\/\/nexpert.cat\/es\/wp-json\/wp\/v2\/pages\/617\/revisions"}],"predecessor-version":[{"id":1406,"href":"https:\/\/nexpert.cat\/es\/wp-json\/wp\/v2\/pages\/617\/revisions\/1406"}],"wp:attachment":[{"href":"https:\/\/nexpert.cat\/es\/wp-json\/wp\/v2\/media?parent=617"}],"curies":[{"name":"wp","href":"https:\/\/api.w.org\/{rel}","templated":true}]}}