{"id":615,"date":"2019-01-18T19:59:31","date_gmt":"2019-01-18T18:59:31","guid":{"rendered":"http:\/\/nexpert.cat\/?page_id=615"},"modified":"2024-08-08T13:10:09","modified_gmt":"2024-08-08T11:10:09","slug":"politica-de-privacidad","status":"publish","type":"page","link":"https:\/\/nexpert.cat\/es\/politica-de-privacidad\/","title":{"rendered":"Pol\u00edtica de privacidad"},"content":{"rendered":"<p>POL\u00cdTICA DE PRIVACIDAD<\/p>\n<p>Raz\u00f3n social: NEXPERT SL(en adelante \u00bbEL TITULAR\u00bb)<br \/>\nNIF: B59366781<br \/>\nDomicilio en: C\/Portugal, 1 \u2013 P.l. Can Ferrer II<br \/>\nTel\u00e9fono: 93 891 29 03<br \/>\nMail: nexpert@nexpert.cat<\/p>\n<p>1. INFORMACI\u00d3N Y CONSENTIMIENTO.<\/p>\n<p>Mediante la aceptaci\u00f3n de la presente Pol\u00edtica de Privacidad, el Usuario queda informado y presta su consentimiento libre, informado, espec\u00edfico e inequ\u00edvoco para que los datos personales que facilite a trav\u00e9s de la p\u00e1gina Web ubicada en la URL www.nexpert.cat (en adelante, el \u201cSitio Web\u201d) sean tratados por NEXPERT SL<\/p>\n<p>2. OBLIGATORIEDAD DE FACILITAR LOS DATOS.<\/p>\n<p>Los datos solicitados en los formularios de la Web son con car\u00e1cter general, obligatorios (salvo que en el campo requerido se especifique lo contrario) para cumplir con las finalidades establecidas. Por lo tanto, si no se facilitan los mismos o no se facilitan correctamente no podr\u00e1n atenderse las mismas, sin perjuicio de que podr\u00e1 visualizar libremente el contenido del Sitio Web.<br \/>\n3. \u00bfCON QU\u00c9 FINALIDAD TRATAR\u00c1 NEXPERT SL LOS DATOS PERSONALES DEL USUARIO Y DURANTE CU\u00c1NTO TIEMPO?<\/p>\n<p>Los datos personales facilitados a trav\u00e9s del Sitio Web ser\u00e1n tratados por NEXPERT SL conforme a las siguientes finalidades:<br \/>\n\u2022 Gestionar, tramitar y dar respuesta a peticiones, solicitudes, incidencias o consultas del Usuario, cuando este facilite sus datos a trav\u00e9s del formulario \u201cContacto\u201d. Los datos del Usuario ser\u00e1n conservados con ese fin hasta que \u00e9ste se oponga o revoque su consentimiento.<br \/>\n\u2022 Remitir peri\u00f3dicamente a los Usuarios, incluso por medios electr\u00f3nicos, comunicaciones comerciales, relacionadas con productos, servicios, promociones, ofertas, eventos o noticias que puedan resultar de su inter\u00e9s, si el Usuario da su consentimiento marcando la casilla de verificaci\u00f3n correspondiente, o en su caso, se oponga o revoque su consentimiento.<br \/>\n\u2022 Mantener informado al Usuario sobre las novedades de NEXPERT SL en sus perfiles en las Redes Sociales, si el Usuario se hace seguidor de NEXPERT SL en sus perfiles. El Usuario que no desee seguir recibiendo comunicaciones comerciales sobre NEXPERT SL en las Redes Sociales debe dejar de seguir sus perfiles.<br \/>\n4. \u00bfQU\u00c9 DATOS DEL USUARIO TRATAR\u00c1 NEXPERT SL?<\/p>\n<p>NEXPERT SL tratar\u00e1 las siguientes categor\u00edas de datos del Usuario:<br \/>\n\u2022 Datos identificativos<br \/>\n\u2022 Datos de contacto .<br \/>\n\u2022 Datos acad\u00e9micos y profesionales.<\/p>\n<p>5. \u00bfCU\u00c1L ES LA LEGITIMACI\u00d3N DEL TRATAMIENTO DE LOS DATOS DEL USUARIO?<\/p>\n<p>El tratamiento de los datos del Usuario por parte de NEXPERT SL est\u00e1 basado en el consentimiento que se le solicita y que puede retirar en cualquier momento. No obstante, en caso de retirar su consentimiento, ello no afectar\u00e1 a la licitud de los tratamientos efectuados con anterioridad.<br \/>\nLos consentimientos obtenidos para las finalidades mencionadas son independientes por lo que el Usuario podr\u00e1 revocar solo uno de ellos no afectando a los dem\u00e1s.<\/p>\n<p>6. \u00bfA QU\u00c9 DESTINATARIOS SE COMUNICAR\u00c1N LOS DATOS DEL USUARIO?<\/p>\n<p>Los datos no ser\u00e1n comunicados a terceros salvo en los casos en que exista una obligaci\u00f3n legal o sea necesario para cumplir con la finalidad del tratamiento.<\/p>\n<p>Los datos del Usuario podr\u00e1n ser comunicados a otras empresas participadas y de NEXPERT SL que prestan sus servicios en diferentes \u00e1reas de negocio, con la finalidad de que sean tratados por \u00e9stas para remitirte comunicaciones comerciales, incluso por medios electr\u00f3nicos, sobre productos y servicios que puedan resultar de su inter\u00e9s, si nos autoriza marcando la casilla habilitada al efecto en los formularios de la p\u00e1gina Web.<\/p>\n<p>7. RESPONSABILIDAD DEL USUARIO.<\/p>\n<p>El Usuario:<br \/>\n\u2022 Garantiza que los datos que facilita a NEXPERT SL son verdaderos, exactos, completos y actualizados. A estos efectos, el Usuario responde de la veracidad de todos los datos que comunique y mantendr\u00e1 convenientemente actualizada la informaci\u00f3n facilitada, de tal forma que responda a su situaci\u00f3n real.<br \/>\n\u2022 Ser\u00e1 responsable de las informaciones falsas o inexactas que proporcione a trav\u00e9s del Sitio Web y de los da\u00f1os y perjuicios, directos o indirectos, que ello cause a NEXPERT SL o a terceros.<\/p>\n<p>8. COMUNICACIONES COMERCIALES Y PROMOCIONALES.<\/p>\n<p>Una de las finalidades para las que NEXPERT SL trata los datos personales proporcionados por parte de los Usuarios es para remitirles comunicaciones electr\u00f3nicas con informaci\u00f3n relativa a productos, servicios, promociones, ofertas, eventos o noticias relevantes para los Usuarios. Siempre que se realice alguna comunicaci\u00f3n de este tipo, \u00e9sta ser\u00e1 dirigida \u00fanica y exclusivamente a aquellos Usuarios que hubieran dado previamente su consentimiento para la recepci\u00f3n de las mismas.<br \/>\nEn caso de que el Usuario desee dejar de recibir comunicaciones comerciales o promocionales por parte de NEXPERT SL puede solictar la baja del servicio enviando un email a la siguiente direcci\u00f3n de correo electr\u00f3nico: nexpert@nexpert.cat<\/p>\n<p>9. EJERCICIO DE DERECHOS.<\/p>\n<p>El Usuario puede enviar un escrito a NEXPERT SL con la Referencia \u201cProtecci\u00f3n de Datos\u201d a la direcci\u00f3n de correo electr\u00f3nico nexpert@nexpert.cat, adjuntando fotocopia de su documento de identidad, en cualquier momento y de manera gratuita, para:<br \/>\n\u2022 Revocar los consentimientos otorgados.<br \/>\n\u2022 Acceso. Puede solicitar el acceso a la informaci\u00f3n personal que conservamos sobre usted.<br \/>\n\u2022 Rectificaci\u00f3n. Puede solicitar que corrijamos, modifiquemos o suprimamos cualquier informaci\u00f3n incompleta, desactualizada o inexacta.<br \/>\n\u2022 Supresi\u00f3n. Puede solicitar la supresi\u00f3n de su informaci\u00f3n personal, cuando, entre otros motivos, los datos ya no sean necesarios para los fines que fueron recogidos.<br \/>\n\u2022 Oposici\u00f3n. Tambi\u00e9n puede oponerse al tratamiento de su informaci\u00f3n personal basados en inter\u00e9s leg\u00edtimo.<br \/>\n\u2022 Limitaci\u00f3n del tratamiento. Obtener de NEXPERT SL la limitaci\u00f3n del tratamiento de los datos cuando se cumpla alguna de las condiciones previstas en la normativa de protecci\u00f3n de datos.<br \/>\n\u2022 Portabilidad de sus datos. Derecho a que le entreguen sus datos para que pueda trasmitirlos a otro responsable.<br \/>\n\u2022 Reclamaci\u00f3n. Tambi\u00e9n tiene derecho a poner una reclamaci\u00f3n ante la Agencia Espa\u00f1ola de Protecci\u00f3n de Datos (http:\/\/www.agpd.es), cuando el interesado considere que NEXPERT SL ha vulnerado los derechos que le son reconocidos por la normativa aplicable en protecci\u00f3n de datos.<\/p>\n<p>10. MEDIDAS DE SEGURIDAD.<\/p>\n<p>NEXPERT SL tratar\u00e1 los datos del Usuario en todo momento de forma absolutamente confidencial y guardando el preceptivo deber de secreto respecto de los mismos, de conformidad con lo previsto en la normativa de aplicaci\u00f3n, adoptando al efecto las medidas de \u00edndole t\u00e9cnica y organizativas necesarias que garanticen la seguridad de sus datos y eviten su alteraci\u00f3n, p\u00e9rdida, tratamiento o acceso no autorizado, habida cuenta del estado de la tecnolog\u00eda, la naturaleza de los datos almacenados y los riesgos a que est\u00e1n expuestos.<\/p>\n","protected":false},"excerpt":{"rendered":"<p>POL\u00cdTICA DE PRIVACIDAD Raz\u00f3n social: NEXPERT SL(en adelante \u00bbEL TITULAR\u00bb) NIF: B59366781 Domicilio en: C\/Portugal, 1 \u2013 P.l. Can Ferrer II Tel\u00e9fono: 93 891 29 03 Mail: nexpert@nexpert.cat 1. INFORMACI\u00d3N Y CONSENTIMIENTO. Mediante la aceptaci\u00f3n de la presente Pol\u00edtica de Privacidad, el Usuario queda informado y presta su consentimiento libre, informado, espec\u00edfico e inequ\u00edvoco para [&hellip;]<\/p>\n","protected":false},"author":1,"featured_media":0,"parent":0,"menu_order":0,"comment_status":"closed","ping_status":"closed","template":"","meta":[],"aioseo_notices":[],"_links":{"self":[{"href":"https:\/\/nexpert.cat\/es\/wp-json\/wp\/v2\/pages\/615"}],"collection":[{"href":"https:\/\/nexpert.cat\/es\/wp-json\/wp\/v2\/pages"}],"about":[{"href":"https:\/\/nexpert.cat\/es\/wp-json\/wp\/v2\/types\/page"}],"author":[{"embeddable":true,"href":"https:\/\/nexpert.cat\/es\/wp-json\/wp\/v2\/users\/1"}],"replies":[{"embeddable":true,"href":"https:\/\/nexpert.cat\/es\/wp-json\/wp\/v2\/comments?post=615"}],"version-history":[{"count":1,"href":"https:\/\/nexpert.cat\/es\/wp-json\/wp\/v2\/pages\/615\/revisions"}],"predecessor-version":[{"id":616,"href":"https:\/\/nexpert.cat\/es\/wp-json\/wp\/v2\/pages\/615\/revisions\/616"}],"wp:attachment":[{"href":"https:\/\/nexpert.cat\/es\/wp-json\/wp\/v2\/media?parent=615"}],"curies":[{"name":"wp","href":"https:\/\/api.w.org\/{rel}","templated":true}]}}