{"id":611,"date":"2019-02-07T16:56:48","date_gmt":"2019-02-07T15:56:48","guid":{"rendered":"http:\/\/nexpert.cat\/?page_id=611"},"modified":"2024-08-07T13:24:41","modified_gmt":"2024-08-07T11:24:41","slug":"distribucion","status":"publish","type":"page","link":"https:\/\/nexpert.cat\/es\/distribucion\/","title":{"rendered":"Integraci\u00f3n"},"content":{"rendered":"\n<h3 class=\"wp-block-heading\">Con las mejores marcas siempre a su servicio.<\/h3>\n\n\n\n<div class=\"wp-block-columns has-2-columns is-layout-flex wp-container-3\">\n<div class=\"wp-block-column is-layout-flow\" style=\"flex-basis:2500px\">\n<p style=\"font-size:15px\">Suministramos todo tipo de material relacionado con la <a href=\"https:\/\/nexpert.cat\/es\/automatizacion-industrial\/\" title=\"automatizaci\u00f3n de maquinaria\">automatizaci\u00f3n de maquinaria<\/a> y su integraci\u00f3n.<br>Siguiendo nuestra filosof\u00eda de asegurar la m\u00e1xima calidad de su producci\u00f3n, en Nexpert S. L. tratamos con las mejores marcas del sector. Es por eso que somos Integration Partner oficiales de la marca OMRON, fabricante l\u00edder y de s\u00f3lida experiencia en sistemas de automatizaci\u00f3n industrial.<\/p>\n<\/div>\n\n\n\n<div class=\"wp-block-column is-layout-flow\" style=\"flex-basis:2500px\">\n<figure class=\"wp-block-image size-full is-resized\"><img decoding=\"async\" loading=\"lazy\" src=\"https:\/\/nexpert.cat\/wp-content\/uploads\/2024\/08\/integration_partner.png\" alt=\"\" class=\"wp-image-1281\" width=\"169\" height=\"169\" srcset=\"https:\/\/nexpert.cat\/wp-content\/uploads\/2024\/08\/integration_partner.png 443w, https:\/\/nexpert.cat\/wp-content\/uploads\/2024\/08\/integration_partner-300x300.png 300w, https:\/\/nexpert.cat\/wp-content\/uploads\/2024\/08\/integration_partner-150x150.png 150w\" sizes=\"(max-width: 639px) 98vw, (max-width: 1199px) 64vw, 169px\" \/><\/figure>\n<\/div>\n<\/div>\n\n\n\n<p><\/p>\n\n\n\n<h4 class=\"wp-block-heading\">Conozca toda la gama de productos OMRON<\/h4>\n\n\n\n<h5 class=\"wp-block-heading\"><a href=\"http:\/\/industrial.omron.es\/es\/products\/catalogue\/automation_systems\/default.html\" target=\"_blank\" rel=\"noreferrer noopener\" aria-label=\" (se abre en uns nueva pesta\u00f1a)\">SISTEMAS DE CONTROL<\/a><\/h5>\n\n\n\n<p>Controladores para la automatizaci\u00f3n de m\u00e1quinas, aut\u00f3matas programables, pantallas de interfaz HMI, etc.<\/p>\n\n\n\n<h5 class=\"wp-block-heading\"><a href=\"http:\/\/industrial.omron.es\/es\/products\/catalogue\/motion_and_drives\/default.html\" target=\"_blank\" rel=\"noreferrer noopener\" aria-label=\" (se abre en una nueva pesta\u00f1a)\">CONTROL DE VELOCIDAD Y POSICI\u00d3N<\/a><\/h5>\n\n\n\n<p>Todo tipo de control. Estos le ayudar\u00e1n a controlar su aplicaci\u00f3n de la forma m\u00e1s flexible y con total fiabilidad. Tratamos con <em>servodrives<\/em>, variadores de frecuencia, vea toda la <a href=\"https:\/\/industrial.omron.es\/es\/products\/motion-and-drives\" title=\"gama de productos relacionados\">gama de productos relacionados<\/a>.<\/p>\n\n\n\n<h5 class=\"wp-block-heading\"><a href=\"http:\/\/industrial.omron.es\/es\/products\/catalogue\/sensing\/default.html\" target=\"_blank\" rel=\"noreferrer noopener\" aria-label=\" (se abre en una nueva pesta\u00f1a)\">DETECCI\u00d3N<\/a><\/h5>\n\n\n\n<p>Lo m\u00e1s importante, su producci\u00f3n: el concepto Never-Fail de OMRON consiste en asegurar una m\u00e1xima fiabilidad y que su producto salga expedido con cero defectos. Contamos con componentes para la detecci\u00f3n, medici\u00f3n y control de calidad mediante sistemas de visi\u00f3n artificial.<\/p>\n\n\n\n<h5 class=\"wp-block-heading\"><a href=\"http:\/\/industrial.omron.es\/es\/products\/catalogue\/safety\/default.html\" target=\"_blank\" rel=\"noreferrer noopener\" aria-label=\" (se abre en una nueva pesta\u00f1a)\">SEGURIDAD<\/a><\/h5>\n\n\n\n<p>Por otra parte, trabajamos con la \u00faltima tecnolog\u00eda de detecci\u00f3n y control para garantizar una seguridad \u00f3ptima en m\u00e1quinas y equipos, as\u00ed como proteger un entorno de trabajo seguro. Productos autorizados disponibles en todas las categor\u00edas de seguridad necesarias.<\/p>\n\n\n\n<h5 class=\"wp-block-heading\"><a href=\"http:\/\/industrial.omron.es\/es\/products\/catalogue\/control_components\/default.html\" target=\"_blank\" rel=\"noreferrer noopener\" aria-label=\" (se abre en una nueva pesta\u00f1a)\">COMPONENTES DE CONTROL<\/a><\/h5>\n\n\n\n<p>OMRON lleva m\u00e1s de medio siglo de experiencia cubriendo las necesidades de sus clientes en cuanto a componentes de control. Se trata de los m\u00e1s f\u00e1ciles de usar y con <em>displays <\/em>n\u00edtidos que favorecen una r\u00e1pida lectura: controladores de temperatura, temporizadores&#8230;<\/p>\n\n\n\n<h5 class=\"wp-block-heading\"><a href=\"http:\/\/industrial.omron.es\/es\/products\/catalogue\/switching_components\/default.html\" target=\"_blank\" rel=\"noreferrer noopener\" aria-label=\" (se abre en una nueva pesta\u00f1a)\">CONMUTACI\u00d3N<\/a><\/h5>\n\n\n\n<p>Elementos de conmutaci\u00f3n mec\u00e1nica, el\u00e9ctrica o de operador: rel\u00e9s industriales electromec\u00e1nicos de m\u00e1xima fiabilidad, rel\u00e9s de estado s\u00f3lido para aplicaciones de alta frecuencia de conmutaci\u00f3n, y todo tipo de aparamenta de baja tensi\u00f3n.<\/p>\n","protected":false},"excerpt":{"rendered":"<p>Con las mejores marcas siempre a su servicio. Suministramos todo tipo de material relacionado con la automatizaci\u00f3n de maquinaria y su integraci\u00f3n.Siguiendo nuestra filosof\u00eda de asegurar la m\u00e1xima calidad de su producci\u00f3n, en Nexpert S. L. tratamos con las mejores marcas del sector. Es por eso que somos Integration Partner oficiales de la marca OMRON, [&hellip;]<\/p>\n","protected":false},"author":1,"featured_media":1134,"parent":0,"menu_order":0,"comment_status":"closed","ping_status":"closed","template":"","meta":[],"aioseo_notices":[],"_links":{"self":[{"href":"https:\/\/nexpert.cat\/es\/wp-json\/wp\/v2\/pages\/611"}],"collection":[{"href":"https:\/\/nexpert.cat\/es\/wp-json\/wp\/v2\/pages"}],"about":[{"href":"https:\/\/nexpert.cat\/es\/wp-json\/wp\/v2\/types\/page"}],"author":[{"embeddable":true,"href":"https:\/\/nexpert.cat\/es\/wp-json\/wp\/v2\/users\/1"}],"replies":[{"embeddable":true,"href":"https:\/\/nexpert.cat\/es\/wp-json\/wp\/v2\/comments?post=611"}],"version-history":[{"count":11,"href":"https:\/\/nexpert.cat\/es\/wp-json\/wp\/v2\/pages\/611\/revisions"}],"predecessor-version":[{"id":1297,"href":"https:\/\/nexpert.cat\/es\/wp-json\/wp\/v2\/pages\/611\/revisions\/1297"}],"wp:featuredmedia":[{"embeddable":true,"href":"https:\/\/nexpert.cat\/es\/wp-json\/wp\/v2\/media\/1134"}],"wp:attachment":[{"href":"https:\/\/nexpert.cat\/es\/wp-json\/wp\/v2\/media?parent=611"}],"curies":[{"name":"wp","href":"https:\/\/api.w.org\/{rel}","templated":true}]}}