{"id":598,"date":"2019-01-25T14:03:11","date_gmt":"2019-01-25T13:03:11","guid":{"rendered":"http:\/\/nexpert.cat\/?page_id=598"},"modified":"2024-08-09T12:11:56","modified_gmt":"2024-08-09T10:11:56","slug":"empresa","status":"publish","type":"page","link":"https:\/\/nexpert.cat\/es\/empresa\/","title":{"rendered":"Empresa"},"content":{"rendered":"\n<div class=\"wp-block-columns has-2-columns is-layout-flex wp-container-3\">\n<div class=\"wp-block-column is-layout-flow\">\n<p>Fundada en 1979, Nexpert S.L. es una empresa especializada en la automatizaci\u00f3n y el control de procesos industriales.<\/p>\n\n\n\n<p>Ubicada en Sant Sadurn\u00ed d&#8217;Anoia, somos Integration Partners oficiales de la marca OMRON.<\/p>\n\n\n\n<p><\/p>\n<\/div>\n\n\n\n<div class=\"wp-block-column is-layout-flow\">\n<p>La constante evoluci\u00f3n de los mercados hace que las empresas tengan que ser cada vez m\u00e1s competitivas. Nuestro equipo de profesionales estudia las nuevas tendencias y la tecnolog\u00eda m\u00e1s vanguardista para ofrecer a los clientes un servicio que los har\u00e1 m\u00e1s competitivos.<br><\/p>\n<\/div>\n<\/div>\n\n\n\n<div id=\"metaslider-id-279\" style=\"width: 100%;\" class=\"ml-slider-3-108-0 metaslider metaslider-flex metaslider-279 ml-slider has-dots-nav ms-theme-default\" role=\"region\" aria-label=\"Empresa\" data-height=\"350\" data-width=\"700\">\n    <div id=\"metaslider_container_279\">\n        <div id=\"metaslider_279\" class=\"flexslider\">\n            <ul class='slides'>\n                <li style=\"display: block; width: 100%;\" class=\"slide-280 ms-image \" aria-roledescription=\"slide\" data-date=\"2019-01-31 12:34:35\" data-filename=\"13-204327-700x350.jpg\" data-slide-type=\"image\"><img src=\"https:\/\/nexpert.cat\/wp-content\/uploads\/2019\/01\/13-204327-700x350.jpg\" height=\"350\" width=\"700\" alt=\"\" class=\"slider-279 slide-280 msDefaultImage\" title=\"13-204327\" \/><\/li>\n                <li style=\"display: none; width: 100%;\" class=\"slide-281 ms-image \" aria-roledescription=\"slide\" data-date=\"2019-01-31 12:34:35\" data-filename=\"IMG_0069-700x350.jpg\" data-slide-type=\"image\"><img src=\"https:\/\/nexpert.cat\/wp-content\/uploads\/2019\/01\/IMG_0069-700x350.jpg\" height=\"350\" width=\"700\" alt=\"\" class=\"slider-279 slide-281 msDefaultImage\" title=\"IMG_0069\" \/><\/li>\n                <li style=\"display: none; width: 100%;\" class=\"slide-282 ms-image \" aria-roledescription=\"slide\" data-date=\"2019-01-31 12:34:36\" data-filename=\"slider1-700x350.jpg\" data-slide-type=\"image\"><img src=\"https:\/\/nexpert.cat\/wp-content\/uploads\/2019\/01\/slider1-700x350.jpg\" height=\"350\" width=\"700\" alt=\"\" class=\"slider-279 slide-282 msDefaultImage\" title=\"slider1\" \/><\/li>\n                <li style=\"display: none; width: 100%;\" class=\"slide-287 ms-image \" aria-roledescription=\"slide\" data-date=\"2019-01-31 12:44:22\" data-filename=\"DSC_0010-600x300.jpg\" data-slide-type=\"image\"><img src=\"https:\/\/nexpert.cat\/wp-content\/uploads\/2019\/01\/DSC_0010-600x300.jpg\" height=\"350\" width=\"700\" alt=\"\" class=\"slider-279 slide-287 msDefaultImage\" title=\"DSC_0010\" \/><\/li>\n                <li style=\"display: none; width: 100%;\" class=\"slide-286 ms-image \" aria-roledescription=\"slide\" data-date=\"2019-01-31 12:44:22\" data-filename=\"CIMG0616-600x300.jpg\" data-slide-type=\"image\"><img src=\"https:\/\/nexpert.cat\/wp-content\/uploads\/2019\/01\/CIMG0616-600x300.jpg\" height=\"350\" width=\"700\" alt=\"\" class=\"slider-279 slide-286 msDefaultImage\" title=\"CIMG0616\" \/><\/li>\n                <li style=\"display: none; width: 100%;\" class=\"slide-288 ms-image \" aria-roledescription=\"slide\" data-date=\"2019-01-31 12:44:23\" data-filename=\"DSC_0438-600x300.jpg\" data-slide-type=\"image\"><img src=\"https:\/\/nexpert.cat\/wp-content\/uploads\/2019\/01\/DSC_0438-600x300.jpg\" height=\"350\" width=\"700\" alt=\"\" class=\"slider-279 slide-288 msDefaultImage\" title=\"DSC_0438\" \/><\/li>\n            <\/ul>\n        <\/div>\n        \n    <\/div>\n<\/div>\n\n\n\n<p>Desde el a\u00f1o 2002, estamos ubicados en un nuevo edificio situado en el pol\u00edgono industrial Can Ferrer II, en las afueras de Sant Sadurn\u00ed d&#8217;Anoia con un total de 1840 m\u00b2 que se reparten:<\/p>\n\n\n\n<ul class=\"llista-instalacions\">\n<li>Almac\u00e9n y recepci\u00f3n (400m\u00b2)<\/li>\n\n\n\n<li>Taller de montaje (520m\u00b2)<\/li>\n\n\n\n<li>Oficina t\u00e9cnica, contabilidad, aula de formaci\u00f3n y sala de presentaciones (400m\u00b2)<\/li>\n\n\n\n<li>Aparcamiento y zona ajardinada (520m\u00b2)<\/li>\n<\/ul>\n\n\n\n<hr class=\"wp-block-separator has-css-opacity\"\/>\n\n\n\n<h3 class=\"wp-block-heading\">Actividades<\/h3>\n\n\n\n<p>Entre nuestras principales <a href=\"https:\/\/nexpert.cat\/es\/servicios\/\" title=\"actividades\">actividades<\/a> encontramos todo tipo de soluciones automatizadas, entre las que destacan:<\/p>\n\n\n\n<ul>\n<li> Dise\u00f1o y montaje de cuadros el\u00e9ctricos de potencia y control.<\/li>\n\n\n\n<li> Programaci\u00f3n de PLC y sistemas SCADA.<\/li>\n\n\n\n<li> Regulaci\u00f3n y control de l\u00edneas de fabricaci\u00f3n. <\/li>\n\n\n\n<li> Sistemas de trazabilidad.<\/li>\n\n\n\n<li> Aplicaciones de control de calidad.<\/li>\n\n\n\n<li> Sistemas de seguridad en la maquinaria.<\/li>\n\n\n\n<li> Adaptaci\u00f3n de instalaciones para la mejora de la eficiencia energ\u00e9tica. <\/li>\n\n\n\n<li> Rob\u00f3tica industrial.<\/li>\n\n\n\n<li> Adaptaci\u00f3n de maquinaria para el cumplimiento de la normativa vigente.<\/li>\n<\/ul>\n\n\n\n<hr class=\"wp-block-separator has-css-opacity\"\/>\n\n\n\n<h3 class=\"wp-block-heading\">Calidad<\/h3>\n\n\n\n<p>La Direcci\u00f3n de Nexpert, S.L. es consciente de la necesidad de satisfacer y cumplir las exigencias del cliente a trav\u00e9s del suministro de productos y servicios de calidad para lograr su confianza.<\/p>\n\n\n\n<p>Para ello, debe contar con:<\/p>\n\n\n\n<ul>\n<li>Personal t\u00e9cnicamente competente, responsable y debidamente formado.<\/li>\n\n\n\n<li>Medios materiales adecuados al proceso productivo.<\/li>\n\n\n\n<li>Documentaci\u00f3n t\u00e9cnica adecuada, actualizada y archivada correctamente para una r\u00e1pida localizaci\u00f3n.<\/li>\n<\/ul>\n\n\n\n<p>Esto se completar\u00e1 con:<\/p>\n\n\n\n<ul>\n<li>Definici\u00f3n correcta y precisa de los procedimientos a seguir en todos los departamentos.<\/li>\n\n\n\n<li>Definici\u00f3n clara de las responsabilidades, funciones y relaciones entre todo el personal que realiza, dirige y verifica cualquier trabajo que incida en la calidad.<\/li>\n\n\n\n<li>An\u00e1lisis de las desviaciones producidas para aprender de ellas y evitar su repetici\u00f3n.<\/li>\n\n\n\n<li>Atenci\u00f3n a la satisfacci\u00f3n de las necesidades y expectativas del cliente.<\/li>\n\n\n\n<li>Definici\u00f3n y satisfacci\u00f3n de todos los requisitos aplicables a nuestros productos y servicios.<\/li>\n\n\n\n<li>Enfoque hacia la mejora continua de los procesos.<\/li>\n\n\n\n<li>Definici\u00f3n de objetivos anuales para la empresa y su seguimiento.<\/li>\n<\/ul>\n\n\n\n<p>Para alcanzar los objetivos y mantener implantado el sistema, la Direcci\u00f3n de <strong>Nexpert, S.L. <\/strong>delega en la persona responsable de <strong>Gesti\u00f3n de Calidad<\/strong> la responsabilidad de:<\/p>\n\n\n\n<ul>\n<li>Asegurar que se definan, implanten y mantengan los procesos necesarios para el sistema de gesti\u00f3n de la calidad.<\/li>\n\n\n\n<li>Informar a la Direcci\u00f3n sobre el desarrollo del sistema de gesti\u00f3n de la calidad y cualquier necesidad de mejora.<\/li>\n\n\n\n<li>Asegurar que se promueva la conciencia de los requisitos del cliente en todos los niveles de la organizaci\u00f3n.<\/li>\n\n\n\n<li>Verificar el correcto cumplimiento de la pol\u00edtica y los objetivos establecidos.<\/li>\n<\/ul>\n\n\n\n<p>Para el cumplimiento de esta pol\u00edtica, es imprescindible la colaboraci\u00f3n de todo el personal de la empresa, que debe conocerla, cumplirla y estar convencido de la necesidad de <strong>optimizar el servicio al cliente <\/strong>a trav\u00e9s de un constante esfuerzo de mejora.<\/p>\n","protected":false},"excerpt":{"rendered":"<p>Fundada en 1979, Nexpert S.L. es una empresa especializada en la automatizaci\u00f3n y el control de procesos industriales. Ubicada en Sant Sadurn\u00ed d&#8217;Anoia, somos Integration Partners oficiales de la marca OMRON. La constante evoluci\u00f3n de los mercados hace que las empresas tengan que ser cada vez m\u00e1s competitivas. Nuestro equipo de profesionales estudia las nuevas [&hellip;]<\/p>\n","protected":false},"author":1,"featured_media":0,"parent":0,"menu_order":0,"comment_status":"closed","ping_status":"closed","template":"","meta":[],"aioseo_notices":[],"_links":{"self":[{"href":"https:\/\/nexpert.cat\/es\/wp-json\/wp\/v2\/pages\/598"}],"collection":[{"href":"https:\/\/nexpert.cat\/es\/wp-json\/wp\/v2\/pages"}],"about":[{"href":"https:\/\/nexpert.cat\/es\/wp-json\/wp\/v2\/types\/page"}],"author":[{"embeddable":true,"href":"https:\/\/nexpert.cat\/es\/wp-json\/wp\/v2\/users\/1"}],"replies":[{"embeddable":true,"href":"https:\/\/nexpert.cat\/es\/wp-json\/wp\/v2\/comments?post=598"}],"version-history":[{"count":12,"href":"https:\/\/nexpert.cat\/es\/wp-json\/wp\/v2\/pages\/598\/revisions"}],"predecessor-version":[{"id":1402,"href":"https:\/\/nexpert.cat\/es\/wp-json\/wp\/v2\/pages\/598\/revisions\/1402"}],"wp:attachment":[{"href":"https:\/\/nexpert.cat\/es\/wp-json\/wp\/v2\/media?parent=598"}],"curies":[{"name":"wp","href":"https:\/\/api.w.org\/{rel}","templated":true}]}}