{"id":594,"date":"2019-01-18T19:59:31","date_gmt":"2019-01-18T18:59:31","guid":{"rendered":"http:\/\/nexpert.cat\/?page_id=594"},"modified":"2024-08-21T14:08:20","modified_gmt":"2024-08-21T12:08:20","slug":"home","status":"publish","type":"page","link":"https:\/\/nexpert.cat\/es\/","title":{"rendered":"Home"},"content":{"rendered":"\n<section class=\" row benefits\">\n\t<header id=\"presentation\">\n\t\t<img decoding=\"async\" src=\"\/wp-content\/uploads\/2019\/10\/logo_nexpert_new_350px.png\" alt=\"nexpert logo\" style=\"width: 300px; margin: 1.5rem auto; \">\n\t\t<h3>M\u00e1s de 45 a\u00f1os ofreciendo el mejor servicio a nuestros clientes.<\/h3>\n\t\t<h4>Automatizaci\u00f3n que mejora la productividad.<\/h4>\n\t\t<p class=\"txt-benefits\">En un entorno cada vez m\u00e1s competitivo, ayudamos a las empresas a mejorar de forma eficiente sus procesos productivos. <br> Nuestro equipo de profesionales estudia las nuevas tendencias y la tecnolog\u00eda m\u00e1s vanguardista para ofrecer a nuestros clientes las soluciones m\u00e1s actuales y un servicio de calidad.<\/p>\n\t<\/header>\n\n\t<div class=\"destacat-home\">\n\t\t<img decoding=\"async\" src=\"\/wp-content\/themes\/FoundationPress\/dist\/assets\/images\/industry-2.svg\" alt=\"robotica industrial\">\n\t\t<a href=\"\/es\/servicios\/robotica-industrial\"><h3>Rob\u00f3tica Industrial<\/h3><\/a>\n\t\t<img decoding=\"async\" src=\"\/wp-content\/themes\/FoundationPress\/dist\/assets\/images\/logo-nexrobotics.png\" alt=\"robotica industrial nexrobotics\" style=\"width: 70%; margin-top: 0; padding-top: 0;\">\n\t\t<p>El departamento Nexrobotics cuenta con m\u00e1s de 20 a\u00f1os de experiencia aportando soluciones mediante la rob\u00f3tica industrial. Ofrecemos todo tipo de proyectos llave en mano.<\/p>\n\t<\/div>\n\n\t<div class=\"destacat-home\">\n\t\t<img decoding=\"async\" src=\"\/wp-content\/themes\/FoundationPress\/dist\/assets\/images\/industry-3.svg\" alt=\"automatizaci\u00f3n industrial\">\n\t\t<a href=\"\/es\/servicios\"><h3>Automatizaci\u00f3n Industrial<\/h3><\/a>\n\t\t<p>Somos especialistas con una gran experiencia en todos los aspectos de las tecnolog\u00edas de la automatizaci\u00f3n. M\u00e1s de 45 a\u00f1os ofreciendo soluciones para mejorar los procesos industriales.<\/p>\n\n\t<\/div>\n\n\t<div class=\"destacat-home\">\n\t\t<img decoding=\"async\" src=\"\/wp-content\/themes\/FoundationPress\/dist\/assets\/images\/industry.svg\" alt=\"productos Omron\">\n\t\t<a href=\"\/es\/distribucion\"><h3>Integration Partner<\/h3><\/a>\n\t\t<img decoding=\"async\" src=\"\/wp-content\/themes\/FoundationPress\/dist\/assets\/images\/OMRON_Logo.svg\" alt=\"productes Omron\" style=\"margin-top: 0; padding-top: 0;\">\n\t\t<p>Somos Integration Partner Oficial OMRON. Conozca la amplia gama de productos Omron de Control y Automatizaci\u00f3n.<\/p>\n\t<\/div>\n\n\t<div class=\"destacat-home\">\n\t\t<img decoding=\"async\" src=\"\/wp-content\/themes\/FoundationPress\/dist\/assets\/images\/people.svg\" alt=\"formaci\u00f3n\">\n\t\t<a href=\"\/es\/servicios\/formacion\"><h3>Formaci\u00f3n<\/h3><\/a>\n\t\t<p>Ofrecemos a nuestros clientes programas de formaci\u00f3n a medida para todos los niveles, con las tecnolog\u00edas que implantamos, ejercidos por nuestros t\u00e9cnicos o bien con el apoyo de profesionales de OMRON en los diversos aspectos con los que trabajamos.<\/p>\n\t<\/div>\n\n<\/section>\n\n<div class=\"section-divider\"><hr><\/div>\n\n<section class=\"row benefits moore-services\">\n\n\t<header>\n\t\t<h3>M\u00e1s servicios que prestamos a nuestros clientes<\/h3>\n\t\t<p class=\"txt-benefits\"> Cons\u00faltanos y te informaremos de todos nuestros servicios o desc\u00e1rgate nuestro <a href=\"#\" class=\"link\"> cat\u00e1logo <\/a>. <\/p>\n\t<\/header>\n\n\t<div class=\"destacat-home\">\n\t\t<img decoding=\"async\" class=\"img-moore-services\" src=\"\/wp-content\/themes\/FoundationPress\/dist\/assets\/images\/camera.svg\" alt=\"control calidad\">\n\t\t<a href=\"control-de-cualidad\"><h3>Control de Calidad<\/h3><\/a>\n\t<\/div>\n\n\t<div class=\"destacat-home\">\n\t\t<img decoding=\"async\" class=\"img-moore-services\" src=\"\/wp-content\/themes\/FoundationPress\/dist\/assets\/images\/quadres-electrics.svg\" alt=\"cuadros electricos\">\n\t\t<a href=\"cuadros-electricos\"> <h3>Cuadros El\u00e9ctricos<\/h3><\/a>\n\t<\/div>\n\n\t<div class=\"destacat-home\">\n\t\t<img decoding=\"async\" class=\"img-moore-services\" src=\"\/wp-content\/themes\/FoundationPress\/dist\/assets\/images\/muntatges-electrics.svg\" alt=\"montajes el\u00e9ctricos\">\n\t\t<a href=\"montajes-electricos\"><h3>Montajes El\u00e9ctricos<\/h3><\/a>\n\t<\/div>\n\n\t<div class=\"destacat-home\">\n\t\t<img decoding=\"async\" class=\"img-moore-services\" src=\"\/wp-content\/themes\/FoundationPress\/dist\/assets\/images\/oficina-tecnica.svg\" alt=\"oficina t\u00e9cnica\">\n\t\t<a href=\"oficina-tecnica\"><h3>Oficina T\u00e9cnica<\/h3><\/a>\n\t<\/div>\n\n\t<div class=\"why-foundation\">\n\t\t<a href=\"\/es\/servicios\">Te contamos todo los servicios que ofrecemos \u2192<\/a>\n\t<\/div>\n\n<\/section>\n\n<div class=\"section-divider\"><hr><\/div>\n\n<header class=\"mt-3\">\n <h4 class=\"text-center\">Servicio de proximidad<\/h4>\n<\/header>\n","protected":false},"excerpt":{"rendered":"<p>M\u00e1s de 45 a\u00f1os ofreciendo el mejor servicio a nuestros clientes. Automatizaci\u00f3n que mejora la productividad. En un entorno cada vez m\u00e1s competitivo, ayudamos a las empresas a mejorar de forma eficiente sus procesos productivos. Nuestro equipo de profesionales estudia las nuevas tendencias y la tecnolog\u00eda m\u00e1s vanguardista para ofrecer a nuestros clientes las soluciones [&hellip;]<\/p>\n","protected":false},"author":1,"featured_media":0,"parent":0,"menu_order":0,"comment_status":"closed","ping_status":"closed","template":"page-templates\/front.php","meta":[],"aioseo_notices":[],"_links":{"self":[{"href":"https:\/\/nexpert.cat\/es\/wp-json\/wp\/v2\/pages\/594"}],"collection":[{"href":"https:\/\/nexpert.cat\/es\/wp-json\/wp\/v2\/pages"}],"about":[{"href":"https:\/\/nexpert.cat\/es\/wp-json\/wp\/v2\/types\/page"}],"author":[{"embeddable":true,"href":"https:\/\/nexpert.cat\/es\/wp-json\/wp\/v2\/users\/1"}],"replies":[{"embeddable":true,"href":"https:\/\/nexpert.cat\/es\/wp-json\/wp\/v2\/comments?post=594"}],"version-history":[{"count":22,"href":"https:\/\/nexpert.cat\/es\/wp-json\/wp\/v2\/pages\/594\/revisions"}],"predecessor-version":[{"id":1470,"href":"https:\/\/nexpert.cat\/es\/wp-json\/wp\/v2\/pages\/594\/revisions\/1470"}],"wp:attachment":[{"href":"https:\/\/nexpert.cat\/es\/wp-json\/wp\/v2\/media?parent=594"}],"curies":[{"name":"wp","href":"https:\/\/api.w.org\/{rel}","templated":true}]}}