{"id":972,"date":"2019-12-09T16:55:06","date_gmt":"2019-12-09T15:55:06","guid":{"rendered":"https:\/\/nexpert.cat\/?page_id=972"},"modified":"2024-08-09T14:42:31","modified_gmt":"2024-08-09T12:42:31","slug":"quadres-electrics","status":"publish","type":"page","link":"https:\/\/nexpert.cat\/ca\/quadres-electrics\/","title":{"rendered":"Quadres el\u00e8ctrics"},"content":{"rendered":"\n<figure class=\"wp-block-image\"><img decoding=\"async\" loading=\"lazy\" width=\"348\" height=\"500\" src=\"https:\/\/nexpert.cat\/wp-content\/uploads\/2019\/11\/quadre-retocat-2-1.png\" alt=\"\" class=\"wp-image-1016\" srcset=\"https:\/\/nexpert.cat\/wp-content\/uploads\/2019\/11\/quadre-retocat-2-1.png 348w, https:\/\/nexpert.cat\/wp-content\/uploads\/2019\/11\/quadre-retocat-2-1-209x300.png 209w\" sizes=\"(max-width: 639px) 98vw, (max-width: 1199px) 64vw, 348px\" \/><\/figure>\n\n\n\n<p>El muntatge de quadres el\u00e8ctrics \u00e9s un pilar fonamental de la nostra experi\u00e8ncia. Al nostre taller el\u00e8ctric, comptem amb la infraestructura i les eines necess\u00e0ries per realitzar aquests treballs amb gran comoditat i precisi\u00f3.<\/p>\n\n\n\n<p>El taller est\u00e0 equipat amb una gamma completa d&#8217;eines i equipaments que inclouen<\/p>\n\n\n\n<ul>\n<li><strong>Taules de muntatge<\/strong>: permeten fer treballs en horitzontal i separar el material de cada projecte.<\/li>\n\n\n\n<li><strong>Caixa d\u2019eines<\/strong>: cada treballador disposa d\u2019una caixa d\u2019eines per poder realitzar totes les tasques amb les eines corresponents.<\/li>\n\n\n\n<li><strong>Serra<\/strong>: permet tallar canalitzacions per ubicar cables amb tots els angles que siguin necessaris.<\/li>\n\n\n\n<li><strong>Cisalla pneum\u00e0tica<\/strong>: permet el tall a mida i perforaci\u00f3 de carril DIN.<\/li>\n\n\n\n<li><strong>Magatzems m\u00f2bils de petit material de muntatge<\/strong>:\n<ul>\n<li>Terminals<\/li>\n\n\n\n<li>Punteres<\/li>\n\n\n\n<li>Cargols\nde fixaci\u00f3<\/li>\n\n\n\n<li>Brides<\/li>\n<\/ul>\n<\/li>\n\n\n\n<li><strong>Plegadores de pletines<\/strong>: permeten plegar i perforar pletines de coure.<\/li>\n\n\n\n<li><strong>Taladres per peces met\u00e0l\u00b7liques<\/strong>: amb aquests equipaments es poden perforar les plaques de muntatge i envolvents.<\/li>\n\n\n\n<li><strong>Troquel\u00b7ladors hidr\u00e0ulics<\/strong>: permeten perforar, amb mides predefinides, envolvents met\u00e0l\u00b7lics i de poli\u00e8ster.<\/li>\n<\/ul>\n\n\n\n<p>Els\nquadres el\u00e8ctrics que muntem s\u00f3n per:<\/p>\n\n\n\n<ul>\n<li><strong><a href=\"https:\/\/nexpert.cat\/ca\/serveis\/potencia-i-distribucio\/\">Pot\u00e8ncia i distribuci\u00f3 de circuits<\/a><\/strong><\/li>\n\n\n\n<li><strong><a href=\"https:\/\/nexpert.cat\/ca\/serveis\/control-industrial\/\">Control industrial<\/a><\/strong><\/li>\n<\/ul>\n","protected":false},"excerpt":{"rendered":"<p>El muntatge de quadres el\u00e8ctrics \u00e9s un pilar fonamental de la nostra experi\u00e8ncia. Al nostre taller el\u00e8ctric, comptem amb la infraestructura i les eines necess\u00e0ries per realitzar aquests treballs amb gran comoditat i precisi\u00f3. El taller est\u00e0 equipat amb una gamma completa d&#8217;eines i equipaments que inclouen Els quadres el\u00e8ctrics que muntem s\u00f3n per:<\/p>\n","protected":false},"author":1,"featured_media":0,"parent":0,"menu_order":0,"comment_status":"closed","ping_status":"closed","template":"","meta":[],"aioseo_notices":[],"_links":{"self":[{"href":"https:\/\/nexpert.cat\/ca\/wp-json\/wp\/v2\/pages\/972"}],"collection":[{"href":"https:\/\/nexpert.cat\/ca\/wp-json\/wp\/v2\/pages"}],"about":[{"href":"https:\/\/nexpert.cat\/ca\/wp-json\/wp\/v2\/types\/page"}],"author":[{"embeddable":true,"href":"https:\/\/nexpert.cat\/ca\/wp-json\/wp\/v2\/users\/1"}],"replies":[{"embeddable":true,"href":"https:\/\/nexpert.cat\/ca\/wp-json\/wp\/v2\/comments?post=972"}],"version-history":[{"count":9,"href":"https:\/\/nexpert.cat\/ca\/wp-json\/wp\/v2\/pages\/972\/revisions"}],"predecessor-version":[{"id":1458,"href":"https:\/\/nexpert.cat\/ca\/wp-json\/wp\/v2\/pages\/972\/revisions\/1458"}],"wp:attachment":[{"href":"https:\/\/nexpert.cat\/ca\/wp-json\/wp\/v2\/media?parent=972"}],"curies":[{"name":"wp","href":"https:\/\/api.w.org\/{rel}","templated":true}]}}