{"id":945,"date":"2019-12-09T17:04:46","date_gmt":"2019-12-09T16:04:46","guid":{"rendered":"https:\/\/nexpert.cat\/?page_id=945"},"modified":"2024-08-09T10:15:22","modified_gmt":"2024-08-09T08:15:22","slug":"muntatges-electrics","status":"publish","type":"page","link":"https:\/\/nexpert.cat\/ca\/muntatges-electrics\/","title":{"rendered":"Muntatges el\u00e8ctrics"},"content":{"rendered":"\n<figure class=\"wp-block-image\"><img decoding=\"async\" loading=\"lazy\" width=\"444\" height=\"400\" src=\"https:\/\/nexpert.cat\/wp-content\/uploads\/2019\/11\/Captura-retocada.png\" alt=\"\" class=\"wp-image-1001\" srcset=\"https:\/\/nexpert.cat\/wp-content\/uploads\/2019\/11\/Captura-retocada.png 444w, https:\/\/nexpert.cat\/wp-content\/uploads\/2019\/11\/Captura-retocada-300x270.png 300w\" sizes=\"(max-width: 639px) 98vw, (max-width: 1199px) 64vw, 444px\" \/><\/figure>\n\n\n\n<p>L\u2019apartat de muntatges el\u00e8ctrics abasta un ampli ventall de solucions, les quals estem en condicions d\u2019oferir amb alta especialitzaci\u00f3. Som experts en muntatges el\u00e8ctrics industrials, una \u00e0rea en la qual comptem amb una \u00e0mplia experi\u00e8ncia. Entre els diversos muntatges que podem realitzar, destaquen:<\/p>\n\n\n\n<ul>\n<li>Integraci\u00f3\nde robots.<\/li>\n\n\n\n<li>Fabricaci\u00f3\nde maquinaria a mida.<\/li>\n\n\n\n<li>Sistemes\nde comunicaci\u00f3.<\/li>\n\n\n\n<li>Alimentaci\u00f3\ni protecci\u00f3 de tota mena d\u2019equipament el\u00e8ctric.<\/li>\n\n\n\n<li>Controls\nde l\u00ednies de protecci\u00f3 i instal\u00b7lacions generals.<\/li>\n<\/ul>\n\n\n\n<p>El\nvalor afegit de Nexpert resideix en el know-how dels professionals que hi\ntreballen, un equip amb una dilatada experi\u00e8ncia especialitzat en donar\nresposta a totes les inquietuds i necessitats de les industries que ens envolten.\nPer dur a terme la integraci\u00f3 de totes aquestes solucions, ens desplacem a les\ninstal\u00b7lacions del client per poder realitzar muntatges el\u00e8ctrics de tot tipus\nde magnitud que siguin necessaris.<\/p>\n\n\n\n<p>Integrat\na la nostra empresa disposem de taller tant el\u00e8ctric com mec\u00e0nic. La majoria de\nprojectes que dissenyem, tamb\u00e9 amb robots, s\u00f3n creats en el mateix taller i els\nclients poden despla\u00e7ar-se a la nostra empresa per veure l\u2019evoluci\u00f3 del\nprojecte, i en el cas de que tingui alguna consulta o alguna idea per millorar\nel projecte, es poden fer totes les proves al propi taller. Un cop el muntatge\nhagi finalitzat, si el client d\u00f3na el seu vist i plau, es pot passar a integrar\na la seva empresa tal i com est\u00e0 muntada al taller.<\/p>\n\n\n\n<p>Fer\nproves al nostre taller \u00e9s molt \u00fatil per fer els c\u00e0lculs de temps en el proc\u00e9s\no incl\u00fas per comprovar moviments o espai dels elements emprats en el projecte i\naix\u00ed prendre les mesures correctores que siguin necess\u00e0ries.<\/p>\n\n\n\n<p>Principalment\ntreballem en dos apartats:<\/p>\n\n\n\n<ul>\n<li><strong><a href=\"https:\/\/nexpert.cat\/ca\/serveis\/naus-industrials\/\">NAUS INDUSTRIALS<\/a><\/strong><\/li>\n\n\n\n<li><strong><a href=\"https:\/\/nexpert.cat\/ca\/serveis\/integracio-de-maquinaria\/\">INTEGRACI\u00d3 DE MAQUIN\u00c0RIA<\/a><\/strong><\/li>\n<\/ul>\n","protected":false},"excerpt":{"rendered":"<p>L\u2019apartat de muntatges el\u00e8ctrics abasta un ampli ventall de solucions, les quals estem en condicions d\u2019oferir amb alta especialitzaci\u00f3. Som experts en muntatges el\u00e8ctrics industrials, una \u00e0rea en la qual comptem amb una \u00e0mplia experi\u00e8ncia. Entre els diversos muntatges que podem realitzar, destaquen: El valor afegit de Nexpert resideix en el know-how dels professionals que [&hellip;]<\/p>\n","protected":false},"author":1,"featured_media":0,"parent":0,"menu_order":0,"comment_status":"closed","ping_status":"closed","template":"","meta":[],"aioseo_notices":[],"_links":{"self":[{"href":"https:\/\/nexpert.cat\/ca\/wp-json\/wp\/v2\/pages\/945"}],"collection":[{"href":"https:\/\/nexpert.cat\/ca\/wp-json\/wp\/v2\/pages"}],"about":[{"href":"https:\/\/nexpert.cat\/ca\/wp-json\/wp\/v2\/types\/page"}],"author":[{"embeddable":true,"href":"https:\/\/nexpert.cat\/ca\/wp-json\/wp\/v2\/users\/1"}],"replies":[{"embeddable":true,"href":"https:\/\/nexpert.cat\/ca\/wp-json\/wp\/v2\/comments?post=945"}],"version-history":[{"count":9,"href":"https:\/\/nexpert.cat\/ca\/wp-json\/wp\/v2\/pages\/945\/revisions"}],"predecessor-version":[{"id":1359,"href":"https:\/\/nexpert.cat\/ca\/wp-json\/wp\/v2\/pages\/945\/revisions\/1359"}],"wp:attachment":[{"href":"https:\/\/nexpert.cat\/ca\/wp-json\/wp\/v2\/media?parent=945"}],"curies":[{"name":"wp","href":"https:\/\/api.w.org\/{rel}","templated":true}]}}