{"id":869,"date":"2019-12-09T16:16:18","date_gmt":"2019-12-09T15:16:18","guid":{"rendered":"https:\/\/nexpert.cat\/?page_id=869"},"modified":"2024-08-09T10:17:34","modified_gmt":"2024-08-09T08:17:34","slug":"oficina-tecnica","status":"publish","type":"page","link":"https:\/\/nexpert.cat\/ca\/oficina-tecnica\/","title":{"rendered":"Oficina t\u00e8cnica"},"content":{"rendered":"\n<figure class=\"wp-block-image\"><img decoding=\"async\" loading=\"lazy\" width=\"825\" height=\"625\" src=\"https:\/\/nexpert.cat\/wp-content\/uploads\/2019\/10\/foto-2.png\" alt=\"\" class=\"wp-image-893\" srcset=\"https:\/\/nexpert.cat\/wp-content\/uploads\/2019\/10\/foto-2.png 825w, https:\/\/nexpert.cat\/wp-content\/uploads\/2019\/10\/foto-2-300x227.png 300w, https:\/\/nexpert.cat\/wp-content\/uploads\/2019\/10\/foto-2-768x582.png 768w, https:\/\/nexpert.cat\/wp-content\/uploads\/2019\/10\/foto-2-640x485.png 640w\" sizes=\"(max-width: 639px) 98vw, (max-width: 1199px) 64vw, 770px\" \/><\/figure>\n\n\n\n<p>Com a Oficina T\u00e8cnica, distingim tres parts essencials que han de treballar en perfecta sincronitzaci\u00f3.<\/p>\n\n\n\n<p>La primera part est\u00e0 formada pels professionals que desenvolupen la part m\u00e9s t\u00e8cnica i innovadora dels projectes. Aquest equip \u00e9s responsable de comunicar-se amb els clients per obtenir tota la informaci\u00f3 necess\u00e0ria i definir al m\u00e0xim les solucions que garantiran la seva m\u00e0xima satisfacci\u00f3. A m\u00e9s, lideren la direcci\u00f3 dels treballs a les empreses, realitzant les comprovacions i mesures imprescindibles per assolir la perfecci\u00f3 i rendibilitat del projecte.<\/p>\n\n\n\n<p>En paral\u00b7lel, dins de l\u2019oficina t\u00e8cnica es realitzen les gestions administratives. Aquesta part es dedica a negociar amb el client un preu raonable mitjan\u00e7ant pressupostos personalitzats, formalitzar contractes i controlar els costos associats. \u00c9s essencial que aquesta funci\u00f3 estigui en harmonia amb el treball t\u00e8cnic per garantir que les expectatives del client coincideixin amb l\u2019execuci\u00f3 del projecte.<\/p>\n\n\n\n<p>Finalment, la direcci\u00f3 de l\u2019empresa supervisa el conjunt del proc\u00e9s per assegurar-se que tot funcioni a la perfecci\u00f3. Aquesta \u00e0rea vetlla pel correcte funcionament de l\u2019equip, confiant en la seva capacitat i coneixement de l\u2019empresa. En alguns casos, la direcci\u00f3 tamb\u00e9 es responsabilitza de la part comercial, aportant la seva experi\u00e8ncia en el funcionament global de l\u2019empresa.<\/p>\n\n\n\n<p>Algunes de les principals tasques que realitzem a l\u2019oficina t\u00e8cnica s\u00f3n:<\/p>\n\n\n\n<ul>\n<li><strong><a href=\"https:\/\/nexpert.cat\/serveis\/disseny-de-projectes\/\">Disseny de projectes<\/a><\/strong><\/li>\n\n\n\n<li><strong><a href=\"https:\/\/nexpert.cat\/ca\/serveis\/interficie-home-maquina\/\">Interf\u00edcie Home-M\u00e0quina<\/a><\/strong><\/li>\n\n\n\n<li><strong><a href=\"https:\/\/nexpert.cat\/ca\/serveis\/programacio-de-plcs\/\">Programaci\u00f3 de PLC\u2019s<\/a><\/strong><\/li>\n\n\n\n<li><strong><a href=\"https:\/\/nexpert.cat\/ca\/serveis\/scada\/\">SCADA<\/a><\/strong><\/li>\n\n\n\n<li><strong><a href=\"https:\/\/nexpert.cat\/ca\/serveis\/tracabilitat\/\">Tra\u00e7abilitat<\/a><\/strong><\/li>\n<\/ul>\n\n\n\n<p><\/p>\n","protected":false},"excerpt":{"rendered":"<p>Com a Oficina T\u00e8cnica, distingim tres parts essencials que han de treballar en perfecta sincronitzaci\u00f3. La primera part est\u00e0 formada pels professionals que desenvolupen la part m\u00e9s t\u00e8cnica i innovadora dels projectes. Aquest equip \u00e9s responsable de comunicar-se amb els clients per obtenir tota la informaci\u00f3 necess\u00e0ria i definir al m\u00e0xim les solucions que garantiran [&hellip;]<\/p>\n","protected":false},"author":1,"featured_media":0,"parent":0,"menu_order":0,"comment_status":"closed","ping_status":"closed","template":"","meta":[],"aioseo_notices":[],"_links":{"self":[{"href":"https:\/\/nexpert.cat\/ca\/wp-json\/wp\/v2\/pages\/869"}],"collection":[{"href":"https:\/\/nexpert.cat\/ca\/wp-json\/wp\/v2\/pages"}],"about":[{"href":"https:\/\/nexpert.cat\/ca\/wp-json\/wp\/v2\/types\/page"}],"author":[{"embeddable":true,"href":"https:\/\/nexpert.cat\/ca\/wp-json\/wp\/v2\/users\/1"}],"replies":[{"embeddable":true,"href":"https:\/\/nexpert.cat\/ca\/wp-json\/wp\/v2\/comments?post=869"}],"version-history":[{"count":8,"href":"https:\/\/nexpert.cat\/ca\/wp-json\/wp\/v2\/pages\/869\/revisions"}],"predecessor-version":[{"id":1360,"href":"https:\/\/nexpert.cat\/ca\/wp-json\/wp\/v2\/pages\/869\/revisions\/1360"}],"wp:attachment":[{"href":"https:\/\/nexpert.cat\/ca\/wp-json\/wp\/v2\/media?parent=869"}],"curies":[{"name":"wp","href":"https:\/\/api.w.org\/{rel}","templated":true}]}}