{"id":856,"date":"2019-12-09T16:11:37","date_gmt":"2019-12-09T15:11:37","guid":{"rendered":"https:\/\/nexpert.cat\/?page_id=856"},"modified":"2024-08-09T09:26:43","modified_gmt":"2024-08-09T07:26:43","slug":"control-de-qualitat","status":"publish","type":"page","link":"https:\/\/nexpert.cat\/ca\/control-de-qualitat\/","title":{"rendered":"Control de qualitat"},"content":{"rendered":"\n<figure class=\"wp-block-image\"><img decoding=\"async\" loading=\"lazy\" width=\"375\" height=\"500\" src=\"https:\/\/nexpert.cat\/wp-content\/uploads\/2019\/11\/CIMG1493-retocada-1.jpg\" alt=\"\" class=\"wp-image-990\" srcset=\"https:\/\/nexpert.cat\/wp-content\/uploads\/2019\/11\/CIMG1493-retocada-1.jpg 375w, https:\/\/nexpert.cat\/wp-content\/uploads\/2019\/11\/CIMG1493-retocada-1-225x300.jpg 225w\" sizes=\"(max-width: 639px) 98vw, (max-width: 1199px) 64vw, 375px\" \/><\/figure>\n\n\n<p>El <strong>control de qualitat<\/strong> \u00e9s el conjunt de programes, t\u00e8cniques i accions que es realitzen, ja sigui a trav\u00e9s d&#8217;an\u00e0lisis, tests o altres eines de control de gesti\u00f3 disponibles, per tal de detectar defectes existents en productes, processos o serveis.<\/p>\n<p>Un cop recopilada tota la informaci\u00f3 possible, s&#8217;analitza i s&#8217;interpreten les dades per assegurar que els productes o serveis finals estiguin dissenyats i es produeixin per tal de satisfer els requisits i especificacions demanades per tots els usuaris, i no nom\u00e9s l&#8217;usuari final.<\/p>\n<p>\u00c9s un dels apartats m\u00e9s complexos, ja que hi intervenen la precisi\u00f3 i molts altres factors. Per aconseguir-ho, \u00e9s necessari saber molt b\u00e9 el que es demana i escoltar atentament les necessitats dels clients. El nostre equip \u00e9s expert a precisar i entendre a la perfecci\u00f3 les demandes dels clients.<\/p>\n<p>A Nexpert aconseguim complir tots els requisits dels clients, innovant en els processos si \u00e9s necessari.<\/p>\n<p>El nostre equip est\u00e0 capacitat per utilitzar tot tipus de material en el sector del control de qualitat, com per exemple:<\/p>\n<ul>\n<li><strong>Equips de visi\u00f3 artificial<\/strong> per detectar el nivell i\/o la turbidesa de les ampolles.<\/li>\n<li><strong>Equips de visi\u00f3 artificial<\/strong> per detectar brocs trencats de les ampolles.<\/li>\n<li><strong>Equips sensors de nivell<\/strong> de l\u00edquids que continguin aigua.<\/li>\n<li><strong>Controls de producci\u00f3<\/strong>, programes de control de tra\u00e7abilitat.<\/li>\n<\/ul>\n<p>Podem treballar a nivell nacional. Ja hem realitzat projectes que han estat rebuts amb agra\u00efment per part dels clients, especialment quan veuen l\u2019estat final de tot el que engloba el projecte.<\/p>\n<p>Podem veure diferents sistemes de control de qualitat, com ara:<\/p>\n<ul>\n<li><strong><a href=\"https:\/\/nexpert.cat\/ca\/serveis\/pesatge-estatic-dinamic\/\">PESATGE EST\u00c0TIC\/DIN\u00c0MIC<\/a><\/strong><\/li>\n<li><strong><a href=\"https:\/\/nexpert.cat\/ca\/serveis\/sistemes-de-medicio\/\">SISTEMES DE MEDICI\u00d3<\/a><\/strong><\/li>\n<li><strong><a href=\"https:\/\/nexpert.cat\/ca\/serveis\/visio-artificial\/\">VISI\u00d3 ARTIFICIAL<\/a><\/strong><\/li>\n<\/ul>","protected":false},"excerpt":{"rendered":"<p>El control de qualitat \u00e9s el conjunt de programes, t\u00e8cniques i accions que es realitzen, ja sigui a trav\u00e9s d&#8217;an\u00e0lisis, tests o altres eines de control de gesti\u00f3 disponibles, per tal de detectar defectes existents en productes, processos o serveis. Un cop recopilada tota la informaci\u00f3 possible, s&#8217;analitza i s&#8217;interpreten les dades per assegurar que [&hellip;]<\/p>\n","protected":false},"author":1,"featured_media":0,"parent":0,"menu_order":0,"comment_status":"closed","ping_status":"closed","template":"","meta":[],"aioseo_notices":[],"_links":{"self":[{"href":"https:\/\/nexpert.cat\/ca\/wp-json\/wp\/v2\/pages\/856"}],"collection":[{"href":"https:\/\/nexpert.cat\/ca\/wp-json\/wp\/v2\/pages"}],"about":[{"href":"https:\/\/nexpert.cat\/ca\/wp-json\/wp\/v2\/types\/page"}],"author":[{"embeddable":true,"href":"https:\/\/nexpert.cat\/ca\/wp-json\/wp\/v2\/users\/1"}],"replies":[{"embeddable":true,"href":"https:\/\/nexpert.cat\/ca\/wp-json\/wp\/v2\/comments?post=856"}],"version-history":[{"count":21,"href":"https:\/\/nexpert.cat\/ca\/wp-json\/wp\/v2\/pages\/856\/revisions"}],"predecessor-version":[{"id":1353,"href":"https:\/\/nexpert.cat\/ca\/wp-json\/wp\/v2\/pages\/856\/revisions\/1353"}],"wp:attachment":[{"href":"https:\/\/nexpert.cat\/ca\/wp-json\/wp\/v2\/media?parent=856"}],"curies":[{"name":"wp","href":"https:\/\/api.w.org\/{rel}","templated":true}]}}