{"id":503,"date":"2019-04-01T18:26:16","date_gmt":"2019-04-01T16:26:16","guid":{"rendered":"http:\/\/nexpert.cat\/?page_id=503"},"modified":"2024-08-09T14:49:45","modified_gmt":"2024-08-09T12:49:45","slug":"integracio-de-maquinaria","status":"publish","type":"page","link":"https:\/\/nexpert.cat\/ca\/serveis\/integracio-de-maquinaria\/","title":{"rendered":"Integraci\u00f3 de maquin\u00e0ria"},"content":{"rendered":"\n<div id=\"metaslider-id-506\" style=\"width: 100%;\" class=\"ml-slider-3-107-0 metaslider metaslider-flex metaslider-506 ml-slider ms-theme-default nav-hidden\" role=\"region\" aria-label=\"integracio maquinaria\" data-height=\"400\" data-width=\"700\">\n    <div id=\"metaslider_container_506\">\n        <div id=\"metaslider_506\">\n            <ul class='slides'>\n                <li style=\"display: block; width: 100%;\" class=\"slide-513 ms-image \" aria-roledescription=\"slide\" data-date=\"2019-04-01 19:18:30\" data-filename=\"1326442597_0-600x375-600x342.jpg\" data-slide-type=\"image\"><img src=\"https:\/\/nexpert.cat\/wp-content\/uploads\/2019\/04\/1326442597_0-600x375-600x342.jpg\" height=\"400\" width=\"700\" alt=\"\" class=\"slider-506 slide-513 msDefaultImage\" title=\"1326442597_0-600x375\" \/><\/li>\n                <li style=\"display: none; width: 100%;\" class=\"slide-514 ms-image \" aria-roledescription=\"slide\" data-date=\"2019-04-01 19:18:30\" data-filename=\"integracio-2-600x375-600x342.jpg\" data-slide-type=\"image\"><img src=\"https:\/\/nexpert.cat\/wp-content\/uploads\/2019\/04\/integracio-2-600x375-600x342.jpg\" height=\"400\" width=\"700\" alt=\"\" class=\"slider-506 slide-514 msDefaultImage\" title=\"integracio-2-600x375\" \/><\/li>\n                <li style=\"display: none; width: 100%;\" class=\"slide-515 ms-image \" aria-roledescription=\"slide\" data-date=\"2019-04-01 19:18:30\" data-filename=\"integracio-3-600x375-600x342.jpg\" data-slide-type=\"image\"><img src=\"https:\/\/nexpert.cat\/wp-content\/uploads\/2019\/04\/integracio-3-600x375-600x342.jpg\" height=\"400\" width=\"700\" alt=\"\" class=\"slider-506 slide-515 msDefaultImage\" title=\"integracio-3-600x375\" \/><\/li>\n                <li style=\"display: none; width: 100%;\" class=\"slide-516 ms-image \" aria-roledescription=\"slide\" data-date=\"2019-04-01 19:18:30\" data-filename=\"integracio-4-600x375-600x342.jpg\" data-slide-type=\"image\"><img src=\"https:\/\/nexpert.cat\/wp-content\/uploads\/2019\/04\/integracio-4-600x375-600x342.jpg\" height=\"400\" width=\"700\" alt=\"\" class=\"slider-506 slide-516 msDefaultImage\" title=\"integracio-4-600x375\" \/><\/li>\n                <li style=\"display: none; width: 100%;\" class=\"slide-517 ms-image \" aria-roledescription=\"slide\" data-date=\"2019-04-01 19:18:30\" data-filename=\"integracio-5-600x375-600x342.jpg\" data-slide-type=\"image\"><img src=\"https:\/\/nexpert.cat\/wp-content\/uploads\/2019\/04\/integracio-5-600x375-600x342.jpg\" height=\"400\" width=\"700\" alt=\"\" class=\"slider-506 slide-517 msDefaultImage\" title=\"integracio-5-600x375\" \/><\/li>\n                <li style=\"display: none; width: 100%;\" class=\"slide-518 ms-image \" aria-roledescription=\"slide\" data-date=\"2019-04-01 19:18:30\" data-filename=\"integracio-6-600x375-600x342.jpg\" data-slide-type=\"image\"><img src=\"https:\/\/nexpert.cat\/wp-content\/uploads\/2019\/04\/integracio-6-600x375-600x342.jpg\" height=\"400\" width=\"700\" alt=\"\" class=\"slider-506 slide-518 msDefaultImage\" title=\"integracio-6-600x375\" \/><\/li>\n            <\/ul>\n        <\/div>\n        \n    <\/div>\n<\/div>\n\n\n\n<div style=\"height:40px\" aria-hidden=\"true\" class=\"wp-block-spacer\"><\/div>\n\n\n\n<p>Realitzem el projecte d\u2019electrificaci\u00f3 i automatitzaci\u00f3 per a tot tipus de m\u00e0quines, adaptant-nos a les necessitats del client i de la l\u00ednia on s\u2019integraran.<\/p>\n\n\n\n<p>Tamb\u00e9 duem a terme l\u2019estudi i la modificaci\u00f3 el\u00e8ctrica corresponent a la maquin\u00e0ria actual del client per assegurar el compliment de les normatives de seguretat CE vigents.<\/p>\n\n\n\n<ul>\n<li>Barreres d\u2019infraroig i esc\u00e0ners de seguretat.<\/li>\n\n\n\n<li>Balises lluminoses.<\/li>\n\n\n\n<li>Tancats de seguretat.<\/li>\n\n\n\n<li>Control d\u2019obertura de portes d\u2019acc\u00e9s a la m\u00e0quina.<\/li>\n\n\n\n<li>Controladors de seguretat per a quadres de control de maquin\u00e0ria.<\/li>\n<\/ul>\n\n\n\n<p>Aplicacions:<\/p>\n\n\n\n<ul class=\"aplicacions-list\">\n<li>Control de moviment de motors i servomotors.<\/li>\n\n\n\n<li>Sistemes de detecci\u00f3, control i accionaments.<\/li>\n\n\n\n<li>Neum\u00e0tica.<\/li>\n\n\n\n<li>Automatitzaci\u00f3 de maquin\u00e0ria.<\/li>\n\n\n\n<li>Modificaci\u00f3 de maquin\u00e0ria per complir la normativa de seguretat actual.<\/li>\n<\/ul>\n","protected":false},"excerpt":{"rendered":"<p>Realitzem el projecte d\u2019electrificaci\u00f3 i automatitzaci\u00f3 per a tot tipus de m\u00e0quines, adaptant-nos a les necessitats del client i de la l\u00ednia on s\u2019integraran. Tamb\u00e9 duem a terme l\u2019estudi i la modificaci\u00f3 el\u00e8ctrica corresponent a la maquin\u00e0ria actual del client per assegurar el compliment de les normatives de seguretat CE vigents. Aplicacions:<\/p>\n","protected":false},"author":1,"featured_media":0,"parent":37,"menu_order":0,"comment_status":"closed","ping_status":"closed","template":"","meta":[],"aioseo_notices":[],"_links":{"self":[{"href":"https:\/\/nexpert.cat\/ca\/wp-json\/wp\/v2\/pages\/503"}],"collection":[{"href":"https:\/\/nexpert.cat\/ca\/wp-json\/wp\/v2\/pages"}],"about":[{"href":"https:\/\/nexpert.cat\/ca\/wp-json\/wp\/v2\/types\/page"}],"author":[{"embeddable":true,"href":"https:\/\/nexpert.cat\/ca\/wp-json\/wp\/v2\/users\/1"}],"replies":[{"embeddable":true,"href":"https:\/\/nexpert.cat\/ca\/wp-json\/wp\/v2\/comments?post=503"}],"version-history":[{"count":4,"href":"https:\/\/nexpert.cat\/ca\/wp-json\/wp\/v2\/pages\/503\/revisions"}],"predecessor-version":[{"id":1463,"href":"https:\/\/nexpert.cat\/ca\/wp-json\/wp\/v2\/pages\/503\/revisions\/1463"}],"up":[{"embeddable":true,"href":"https:\/\/nexpert.cat\/ca\/wp-json\/wp\/v2\/pages\/37"}],"wp:attachment":[{"href":"https:\/\/nexpert.cat\/ca\/wp-json\/wp\/v2\/media?parent=503"}],"curies":[{"name":"wp","href":"https:\/\/api.w.org\/{rel}","templated":true}]}}