{"id":492,"date":"2019-04-01T18:23:13","date_gmt":"2019-04-01T16:23:13","guid":{"rendered":"http:\/\/nexpert.cat\/?page_id=492"},"modified":"2024-08-09T10:46:38","modified_gmt":"2024-08-09T08:46:38","slug":"naus-industrials","status":"publish","type":"page","link":"https:\/\/nexpert.cat\/ca\/serveis\/naus-industrials\/","title":{"rendered":"Naus Industrials"},"content":{"rendered":"\n<div id=\"metaslider-id-494\" style=\"width: 100%;\" class=\"ml-slider-3-107-0 metaslider metaslider-flex metaslider-494 ml-slider ms-theme-default nav-hidden\" role=\"region\" aria-label=\"naus industrials\" data-height=\"400\" data-width=\"700\">\n    <div id=\"metaslider_container_494\">\n        <div id=\"metaslider_494\">\n            <ul class='slides'>\n                <li style=\"display: block; width: 100%;\" class=\"slide-498 ms-image \" aria-roledescription=\"slide\" data-date=\"2019-04-01 18:24:05\" data-filename=\"DSC02907-600x375-600x342.jpg\" data-slide-type=\"image\"><img src=\"https:\/\/nexpert.cat\/wp-content\/uploads\/2019\/04\/DSC02907-600x375-600x342.jpg\" height=\"400\" width=\"700\" alt=\"\" class=\"slider-494 slide-498 msDefaultImage\" title=\"DSC02907-600x375\" \/><\/li>\n                <li style=\"display: none; width: 100%;\" class=\"slide-499 ms-image \" aria-roledescription=\"slide\" data-date=\"2019-04-01 18:24:05\" data-filename=\"naus-industrial2-600x375-600x342.jpg\" data-slide-type=\"image\"><img src=\"https:\/\/nexpert.cat\/wp-content\/uploads\/2019\/04\/naus-industrial2-600x375-600x342.jpg\" height=\"400\" width=\"700\" alt=\"\" class=\"slider-494 slide-499 msDefaultImage\" title=\"naus-industrial2-600x375\" \/><\/li>\n                <li style=\"display: none; width: 100%;\" class=\"slide-500 ms-image \" aria-roledescription=\"slide\" data-date=\"2019-04-01 18:24:05\" data-filename=\"naus-industrials-1-600x375-600x342.jpg\" data-slide-type=\"image\"><img src=\"https:\/\/nexpert.cat\/wp-content\/uploads\/2019\/04\/naus-industrials-1-600x375-600x342.jpg\" height=\"400\" width=\"700\" alt=\"\" class=\"slider-494 slide-500 msDefaultImage\" title=\"naus-industrials-1-600x375\" \/><\/li>\n            <\/ul>\n        <\/div>\n        \n    <\/div>\n<\/div>\n\n\n\n<div style=\"height:40px\" aria-hidden=\"true\" class=\"wp-block-spacer\"><\/div>\n\n\n\n<p><strong>Efectuem el muntatge el\u00e8ctric de les instal\u00b7lacions necess\u00e0ries per al funcionament de naus industrials<\/strong>, incloent l\u2019entrada de l\u00ednia, distribuci\u00f3, enllumenat, xarxa inform\u00e0tica, entre d\u2019altres.<\/p>\n\n\n\n<p>A <strong>Nexpert, S.L.<\/strong>, comptem amb un equip t\u00e8cnic altament especialitzat i professional, preparat per afrontar les demandes cada cop m\u00e9s complexes del sector el\u00e8ctric i dels nostres clients. Disposem d\u2019un Equip T\u00e8cnic capacitat per estudiar i dissenyar tot tipus d\u2019instal\u00b7lacions, utilitzant les eines i equips m\u00e9s moderns tant en el proc\u00e9s i control com en la gesti\u00f3 de l\u2019oficina t\u00e8cnica i el magatzem.<\/p>\n\n\n\n<p>A m\u00e9s, ens enfoquem en una <strong>gesti\u00f3 eficient de l\u2019energia<\/strong>, realitzant estudis i instal\u00b7lacions per millorar l\u2019efici\u00e8ncia energ\u00e8tica de les plantes de fabricaci\u00f3. Aix\u00f2 inclou controls d\u2019enllumenat, gesti\u00f3 de consums d\u2019energia, i control d\u2019engegades i parades de motors de gran pot\u00e8ncia.<\/p>\n\n\n\n<p>Aplicacions:<\/p>\n\n\n\n<ul class=\"aplicacions-list\">\n<li>Instal\u00b7lacions de tot tipus en plantes de fabricaci\u00f3.<\/li>\n\n\n\n<li>Escomesa, enllumenat, pot\u00e8ncia, comunicacions industrials.<\/li>\n\n\n\n<li>Instal\u00b7lacions per a la millora d\u2019efici\u00e8ncia energ\u00e8tica.<\/li>\n<\/ul>\n","protected":false},"excerpt":{"rendered":"<p>Efectuem el muntatge el\u00e8ctric de les instal\u00b7lacions necess\u00e0ries per al funcionament de naus industrials, incloent l\u2019entrada de l\u00ednia, distribuci\u00f3, enllumenat, xarxa inform\u00e0tica, entre d\u2019altres. A Nexpert, S.L., comptem amb un equip t\u00e8cnic altament especialitzat i professional, preparat per afrontar les demandes cada cop m\u00e9s complexes del sector el\u00e8ctric i dels nostres clients. Disposem d\u2019un Equip [&hellip;]<\/p>\n","protected":false},"author":1,"featured_media":0,"parent":37,"menu_order":0,"comment_status":"closed","ping_status":"closed","template":"","meta":[],"aioseo_notices":[],"_links":{"self":[{"href":"https:\/\/nexpert.cat\/ca\/wp-json\/wp\/v2\/pages\/492"}],"collection":[{"href":"https:\/\/nexpert.cat\/ca\/wp-json\/wp\/v2\/pages"}],"about":[{"href":"https:\/\/nexpert.cat\/ca\/wp-json\/wp\/v2\/types\/page"}],"author":[{"embeddable":true,"href":"https:\/\/nexpert.cat\/ca\/wp-json\/wp\/v2\/users\/1"}],"replies":[{"embeddable":true,"href":"https:\/\/nexpert.cat\/ca\/wp-json\/wp\/v2\/comments?post=492"}],"version-history":[{"count":3,"href":"https:\/\/nexpert.cat\/ca\/wp-json\/wp\/v2\/pages\/492\/revisions"}],"predecessor-version":[{"id":1372,"href":"https:\/\/nexpert.cat\/ca\/wp-json\/wp\/v2\/pages\/492\/revisions\/1372"}],"up":[{"embeddable":true,"href":"https:\/\/nexpert.cat\/ca\/wp-json\/wp\/v2\/pages\/37"}],"wp:attachment":[{"href":"https:\/\/nexpert.cat\/ca\/wp-json\/wp\/v2\/media?parent=492"}],"curies":[{"name":"wp","href":"https:\/\/api.w.org\/{rel}","templated":true}]}}