{"id":477,"date":"2019-04-01T18:18:04","date_gmt":"2019-04-01T16:18:04","guid":{"rendered":"http:\/\/nexpert.cat\/?page_id=477"},"modified":"2024-08-09T10:25:49","modified_gmt":"2024-08-09T08:25:49","slug":"control-industrial","status":"publish","type":"page","link":"https:\/\/nexpert.cat\/ca\/serveis\/control-industrial\/","title":{"rendered":"Control Industrial"},"content":{"rendered":"\n<div id=\"metaslider-id-479\" style=\"width: 100%;\" class=\"ml-slider-3-108-0 metaslider metaslider-flex metaslider-479 ml-slider ms-theme-default nav-hidden\" role=\"region\" aria-label=\"control industrial\" data-height=\"400\" data-width=\"700\">\n    <div id=\"metaslider_container_479\">\n        <div id=\"metaslider_479\">\n            <ul class='slides'>\n                <li style=\"display: block; width: 100%;\" class=\"slide-484 ms-image \" aria-roledescription=\"slide\" data-date=\"2019-04-01 18:19:23\" data-filename=\"CIMG0693-600x375-600x342.jpg\" data-slide-type=\"image\"><img src=\"https:\/\/nexpert.cat\/wp-content\/uploads\/2019\/04\/CIMG0693-600x375-600x342.jpg\" height=\"400\" width=\"700\" alt=\"\" class=\"slider-479 slide-484 msDefaultImage\" title=\"CIMG0693-600x375\" \/><\/li>\n                <li style=\"display: none; width: 100%;\" class=\"slide-485 ms-image \" aria-roledescription=\"slide\" data-date=\"2019-04-01 18:19:23\" data-filename=\"DSC02851-600x375-600x342.jpg\" data-slide-type=\"image\"><img src=\"https:\/\/nexpert.cat\/wp-content\/uploads\/2019\/04\/DSC02851-600x375-600x342.jpg\" height=\"400\" width=\"700\" alt=\"\" class=\"slider-479 slide-485 msDefaultImage\" title=\"DSC02851-600x375\" \/><\/li>\n                <li style=\"display: none; width: 100%;\" class=\"slide-486 ms-image \" aria-roledescription=\"slide\" data-date=\"2019-04-01 18:19:23\" data-filename=\"quadre-control-linia-1-600x375-600x342.jpg\" data-slide-type=\"image\"><img src=\"https:\/\/nexpert.cat\/wp-content\/uploads\/2019\/04\/quadre-control-linia-1-600x375-600x342.jpg\" height=\"400\" width=\"700\" alt=\"\" class=\"slider-479 slide-486 msDefaultImage\" title=\"quadre-control-linia-1-600x375\" \/><\/li>\n                <li style=\"display: none; width: 100%;\" class=\"slide-487 ms-image \" aria-roledescription=\"slide\" data-date=\"2019-04-01 18:19:23\" data-filename=\"quadre-premses-600x375-600x342.jpg\" data-slide-type=\"image\"><img src=\"https:\/\/nexpert.cat\/wp-content\/uploads\/2019\/04\/quadre-premses-600x375-600x342.jpg\" height=\"400\" width=\"700\" alt=\"\" class=\"slider-479 slide-487 msDefaultImage\" title=\"quadre-premses-600x375\" \/><\/li>\n            <\/ul>\n        <\/div>\n        \n    <\/div>\n<\/div>\n\n\n\n<div style=\"height:40px\" aria-hidden=\"true\" class=\"wp-block-spacer\"><\/div>\n\n\n\n<p>Amb m\u00e9s de 30 anys d\u2019experi\u00e8ncia en el camp de l\u2019automatitzaci\u00f3, som especialistes en la regulaci\u00f3 i control de sistemes autom\u00e0tics. La nostra experi\u00e8ncia ens permet dissenyar i construir quadres el\u00e8ctrics de control adaptats a les necessitats espec\u00edfiques de cada projecte i ind\u00fastria.<\/p>\n\n\n\n<p>Les nostres aplicacions inclouen:<\/p>\n\n\n\n<ul class=\"aplicacions-list\">\n<li>Maniobra amb aut\u00f2mats industrials.<\/li>\n\n\n\n<li>Motion control, variadors de freq\u00fc\u00e8ncia, servomotors, velocitats de l\u00ednies, etc.<\/li>\n\n\n\n<li>Control de Temperatura i Fermentaci\u00f3: Regulaci\u00f3 precisa de processos com la temperatura i la fermentaci\u00f3, aix\u00ed com la preparaci\u00f3 de mat\u00e8ries primeres i el funcionament integrat amb bombes, cabal\u00edmetres, i electrov\u00e0lvules.<\/li>\n\n\n\n<li>Control de producci\u00f3 \/ SCADA: Desenvolupament i gesti\u00f3 de sistemes SCADA per a la supervisi\u00f3 i control de la producci\u00f3, amb interf\u00edcies HMI i pantalles t\u00e0ctils. Inclou la capacitat de salvament de dades i integraci\u00f3 amb xarxes d\u2019oficina per a una gesti\u00f3 centralitzada.<\/li>\n\n\n\n<li>Integraci\u00f3 de maquin\u00e0ria: Adaptaci\u00f3 i integraci\u00f3 de maquin\u00e0ria existent per complir amb les normatives vigents i garantir el seu funcionament \u00f2ptim.<\/li>\n\n\n\n<li>Control Centralitzat: Instal\u00b7laci\u00f3 i gesti\u00f3 de sistemes centralitzats per al control d\u2019enllumenat, reg, calefacci\u00f3, i altres serveis relacionats.<\/li>\n\n\n\n<li>Efici\u00e8ncia Energ\u00e8tica: Implementaci\u00f3 de solucions per millorar l\u2019efici\u00e8ncia energ\u00e8tica a les instal\u00b7lacions, optimitzant el consum d\u2019energia i reduint costos operatius.<\/li>\n<\/ul>\n","protected":false},"excerpt":{"rendered":"<p>Amb m\u00e9s de 30 anys d\u2019experi\u00e8ncia en el camp de l\u2019automatitzaci\u00f3, som especialistes en la regulaci\u00f3 i control de sistemes autom\u00e0tics. La nostra experi\u00e8ncia ens permet dissenyar i construir quadres el\u00e8ctrics de control adaptats a les necessitats espec\u00edfiques de cada projecte i ind\u00fastria. Les nostres aplicacions inclouen:<\/p>\n","protected":false},"author":1,"featured_media":0,"parent":37,"menu_order":0,"comment_status":"closed","ping_status":"closed","template":"","meta":[],"aioseo_notices":[],"_links":{"self":[{"href":"https:\/\/nexpert.cat\/ca\/wp-json\/wp\/v2\/pages\/477"}],"collection":[{"href":"https:\/\/nexpert.cat\/ca\/wp-json\/wp\/v2\/pages"}],"about":[{"href":"https:\/\/nexpert.cat\/ca\/wp-json\/wp\/v2\/types\/page"}],"author":[{"embeddable":true,"href":"https:\/\/nexpert.cat\/ca\/wp-json\/wp\/v2\/users\/1"}],"replies":[{"embeddable":true,"href":"https:\/\/nexpert.cat\/ca\/wp-json\/wp\/v2\/comments?post=477"}],"version-history":[{"count":3,"href":"https:\/\/nexpert.cat\/ca\/wp-json\/wp\/v2\/pages\/477\/revisions"}],"predecessor-version":[{"id":1365,"href":"https:\/\/nexpert.cat\/ca\/wp-json\/wp\/v2\/pages\/477\/revisions\/1365"}],"up":[{"embeddable":true,"href":"https:\/\/nexpert.cat\/ca\/wp-json\/wp\/v2\/pages\/37"}],"wp:attachment":[{"href":"https:\/\/nexpert.cat\/ca\/wp-json\/wp\/v2\/media?parent=477"}],"curies":[{"name":"wp","href":"https:\/\/api.w.org\/{rel}","templated":true}]}}