{"id":47,"date":"2019-01-25T14:03:11","date_gmt":"2019-01-25T13:03:11","guid":{"rendered":"http:\/\/nexpert.cat\/?page_id=47"},"modified":"2024-08-09T12:04:49","modified_gmt":"2024-08-09T10:04:49","slug":"empresa","status":"publish","type":"page","link":"https:\/\/nexpert.cat\/ca\/empresa\/","title":{"rendered":"Empresa"},"content":{"rendered":"\n<div class=\"wp-block-columns has-2-columns is-layout-flex wp-container-3\">\n<div class=\"wp-block-column is-layout-flow\">\n<p>Fundada el 1979, Nexpert S.L. \u00e9s una empresa especialitzada en l\u2019automatitzaci\u00f3 i control de processos industrials.<\/p>\n\n\n\n<p>Situada a Sant Sadurn\u00ed d\u2019Anoia, som Integration Partner oficials de la marca OMRON.<\/p>\n\n\n\n<p><\/p>\n<\/div>\n\n\n\n<div class=\"wp-block-column is-layout-flow\">\n<p>La constant evoluci\u00f3 dels mercats fa que les empreses hagin de ser cada vegada m\u00e9s competitives. El nostre equip de professionals estudia les noves tend\u00e8ncies i la tecnologia m\u00e9s avantguardista per oferir als clients un servei que els far\u00e0 m\u00e9s competitius.<br><\/p>\n<\/div>\n<\/div>\n\n\n\n<div id=\"metaslider-id-279\" style=\"width: 100%;\" class=\"ml-slider-3-109-0 metaslider metaslider-flex metaslider-279 ml-slider has-dots-nav ms-theme-default\" role=\"region\" aria-label=\"Empresa\" data-height=\"350\" data-width=\"700\">\n    <div id=\"metaslider_container_279\">\n        <div id=\"metaslider_279\" class=\"flexslider\">\n            <ul class='slides'>\n                <li style=\"display: block; width: 100%;\" class=\"slide-280 ms-image \" aria-roledescription=\"slide\" data-date=\"2019-01-31 12:34:35\" data-filename=\"13-204327-700x350.jpg\" data-slide-type=\"image\"><img src=\"https:\/\/nexpert.cat\/wp-content\/uploads\/2019\/01\/13-204327-700x350.jpg\" height=\"350\" width=\"700\" alt=\"\" class=\"slider-279 slide-280 msDefaultImage\" title=\"13-204327\" \/><\/li>\n                <li style=\"display: none; width: 100%;\" class=\"slide-281 ms-image \" aria-roledescription=\"slide\" data-date=\"2019-01-31 12:34:35\" data-filename=\"IMG_0069-700x350.jpg\" data-slide-type=\"image\"><img src=\"https:\/\/nexpert.cat\/wp-content\/uploads\/2019\/01\/IMG_0069-700x350.jpg\" height=\"350\" width=\"700\" alt=\"\" class=\"slider-279 slide-281 msDefaultImage\" title=\"IMG_0069\" \/><\/li>\n                <li style=\"display: none; width: 100%;\" class=\"slide-282 ms-image \" aria-roledescription=\"slide\" data-date=\"2019-01-31 12:34:36\" data-filename=\"slider1-700x350.jpg\" data-slide-type=\"image\"><img src=\"https:\/\/nexpert.cat\/wp-content\/uploads\/2019\/01\/slider1-700x350.jpg\" height=\"350\" width=\"700\" alt=\"\" class=\"slider-279 slide-282 msDefaultImage\" title=\"slider1\" \/><\/li>\n                <li style=\"display: none; width: 100%;\" class=\"slide-287 ms-image \" aria-roledescription=\"slide\" data-date=\"2019-01-31 12:44:22\" data-filename=\"DSC_0010-600x300.jpg\" data-slide-type=\"image\"><img src=\"https:\/\/nexpert.cat\/wp-content\/uploads\/2019\/01\/DSC_0010-600x300.jpg\" height=\"350\" width=\"700\" alt=\"\" class=\"slider-279 slide-287 msDefaultImage\" title=\"DSC_0010\" \/><\/li>\n                <li style=\"display: none; width: 100%;\" class=\"slide-286 ms-image \" aria-roledescription=\"slide\" data-date=\"2019-01-31 12:44:22\" data-filename=\"CIMG0616-600x300.jpg\" data-slide-type=\"image\"><img src=\"https:\/\/nexpert.cat\/wp-content\/uploads\/2019\/01\/CIMG0616-600x300.jpg\" height=\"350\" width=\"700\" alt=\"\" class=\"slider-279 slide-286 msDefaultImage\" title=\"CIMG0616\" \/><\/li>\n                <li style=\"display: none; width: 100%;\" class=\"slide-288 ms-image \" aria-roledescription=\"slide\" data-date=\"2019-01-31 12:44:23\" data-filename=\"DSC_0438-600x300.jpg\" data-slide-type=\"image\"><img src=\"https:\/\/nexpert.cat\/wp-content\/uploads\/2019\/01\/DSC_0438-600x300.jpg\" height=\"350\" width=\"700\" alt=\"\" class=\"slider-279 slide-288 msDefaultImage\" title=\"DSC_0438\" \/><\/li>\n            <\/ul>\n        <\/div>\n        \n    <\/div>\n<\/div>\n\n\n\n<p>Des de l&#8217;any 2002 estem ubicats en un nou edifici situat al pol\u00edgon industrial Can Ferrer II, als afores de Sant Sadurn\u00ed d&#8217;Anoia, amb un total de 1.840 m\u00b2 que es reparteixen en:<\/p>\n\n\n\n<ul class=\"llista-instalacions\">\n<li>Magatzem i recepci\u00f3 (400m\u00b2)<\/li>\n\n\n\n<li>Taller de muntatges (520m\u00b2)<\/li>\n\n\n\n<li>Oficina t\u00e8cnica, comptabilitat, aula de formaci\u00f3 i sala de presentacions (400m\u00b2)<\/li>\n\n\n\n<li>Aparcament i zona enjardinada (520m\u00b2)<\/li>\n<\/ul>\n\n\n\n<hr class=\"wp-block-separator has-css-opacity\"\/>\n\n\n\n<h3 class=\"wp-block-heading\">Activitats<\/h3>\n\n\n\n<p>Entre les nostres principals <a href=\"https:\/\/nexpert.cat\/es\/servicios\/\" title=\"activitats\">activitats<\/a> trobem tot tipus de solucions automatitzades, entre les quals destaquen:<\/p>\n\n\n\n<ul>\n<li>Disseny i muntatge de quadres el\u00e8ctrics de&nbsp;pot\u00e8ncia i control.<\/li>\n\n\n\n<li>Programaci\u00f3 de PLC\u2019s i sistemes SCADA.<\/li>\n\n\n\n<li>Regulaci\u00f3 i control de l\u00ednies de fabricaci\u00f3.<\/li>\n\n\n\n<li>Sistemes de tra\u00e7abilitat.<\/li>\n\n\n\n<li>Aplicacions de control de qualitat.<\/li>\n\n\n\n<li>Sistemes de seguretat en la maquin\u00e0ria.<\/li>\n\n\n\n<li>Adaptaci\u00f3 d\u2019instal\u00b7lacions per a la millora&nbsp;d\u2019efici\u00e8ncia energ\u00e8tica.<\/li>\n\n\n\n<li>Rob\u00f2tica industrial.<\/li>\n\n\n\n<li>Adaptaci\u00f3 de maquin\u00e0ria per al compliment de la normativa vigent.<\/li>\n<\/ul>\n\n\n\n<hr class=\"wp-block-separator has-css-opacity\"\/>\n\n\n\n<h3 class=\"wp-block-heading\">Qualitat<\/h3>\n\n\n\n<p>La Direcci\u00f3 de Nexpert, S.L., \u00e9s conscient de la necessitat de satisfer i complir les exig\u00e8ncies del client a trav\u00e9s del subministrament de productes i serveis de qualitat per tal d&#8217;aconseguir-ne la confian\u00e7a.<\/p>\n\n\n\n<p>Per aix\u00f2, ha de comptar amb:<\/p>\n\n\n\n<ul>\n<li>Personal t\u00e8cnicament competent, responsable i convenientment format.<\/li>\n\n\n\n<li>Mitjans materials adequats al proc\u00e9s productiu.<\/li>\n\n\n\n<li>Documentaci\u00f3 t\u00e8cnica adequada, actualitzada i arxivada adequadament per una r\u00e0pida localitzaci\u00f3.<\/li>\n<\/ul>\n\n\n\n<p>Que seran completats amb:<\/p>\n\n\n\n<ul>\n<li>Definici\u00f3 correcta i precisa dels procediments a seguir en tots els departaments.<\/li>\n\n\n\n<li>Definici\u00f3 correcta de les responsabilitats, les funcions i les relacions entre tot el personal que realitza, dirigeix i verifica qualsevol treball que incideixi en la qualitat.<\/li>\n\n\n\n<li>An\u00e0lisi de les desviacions succe\u00efdes per aprendre d\u2019elles i evitar-ne la repetici\u00f3.<\/li>\n\n\n\n<li>Atenci\u00f3 a la satisfacci\u00f3 de les necessitats i expectatives del client.<\/li>\n\n\n\n<li>Definici\u00f3 i satisfacci\u00f3 de tots els requisits aplicables als nostres productes i serveis.<\/li>\n\n\n\n<li>Enfocament cap a la millora cont\u00ednua dels processos.<\/li>\n\n\n\n<li>Definici\u00f3 d\u2019objectius anuals per l\u2019empresa i el seu seguiment.<\/li>\n<\/ul>\n\n\n\n<p>Per a la consecuci\u00f3 dels objectius i per mantenir implantat el sistema, la Direcci\u00f3 de <strong>Nexpert, S.L.<\/strong> delega en la persona responsable de <strong>Gesti\u00f3 de Qualitat<\/strong> la responsabilitat de:<\/p>\n\n\n\n<ul>\n<li>Assegurar que es defineixin, implantin i mantinguin els processos necessaris per al sistema de gesti\u00f3 de la qualitat.<\/li>\n\n\n\n<li>Informar a la Direcci\u00f3 sobre el desenvolupament del sistema de gesti\u00f3 de la qualitat i de qualsevol necessitat de millora.<\/li>\n\n\n\n<li>Assegurar que es promogui la consci\u00e8ncia dels requisits del conveni client a tots els nivells de l&#8217;organitzaci\u00f3.<\/li>\n\n\n\n<li>Verificar el correcte compliment de la pol\u00edtica i els objectius establerts.<\/li>\n<\/ul>\n\n\n\n<p>Per al compliment d\u2019aquesta pol\u00edtica, \u00e9s imprescindible la col\u00b7laboraci\u00f3 de tot el personal de l\u2019empresa, que ha de con\u00e8ixer-la, complir-la i estar conven\u00e7ut de la necessitat d\u2019<strong>optimitzar el servei al client<\/strong> a trav\u00e9s d\u2019un constant esfor\u00e7 de millora.<\/p>\n","protected":false},"excerpt":{"rendered":"<p>Fundada el 1979, Nexpert S.L. \u00e9s una empresa especialitzada en l\u2019automatitzaci\u00f3 i control de processos industrials. Situada a Sant Sadurn\u00ed d\u2019Anoia, som Integration Partner oficials de la marca OMRON. La constant evoluci\u00f3 dels mercats fa que les empreses hagin de ser cada vegada m\u00e9s competitives. El nostre equip de professionals estudia les noves tend\u00e8ncies i [&hellip;]<\/p>\n","protected":false},"author":1,"featured_media":48,"parent":0,"menu_order":0,"comment_status":"closed","ping_status":"closed","template":"","meta":[],"aioseo_notices":[],"_links":{"self":[{"href":"https:\/\/nexpert.cat\/ca\/wp-json\/wp\/v2\/pages\/47"}],"collection":[{"href":"https:\/\/nexpert.cat\/ca\/wp-json\/wp\/v2\/pages"}],"about":[{"href":"https:\/\/nexpert.cat\/ca\/wp-json\/wp\/v2\/types\/page"}],"author":[{"embeddable":true,"href":"https:\/\/nexpert.cat\/ca\/wp-json\/wp\/v2\/users\/1"}],"replies":[{"embeddable":true,"href":"https:\/\/nexpert.cat\/ca\/wp-json\/wp\/v2\/comments?post=47"}],"version-history":[{"count":29,"href":"https:\/\/nexpert.cat\/ca\/wp-json\/wp\/v2\/pages\/47\/revisions"}],"predecessor-version":[{"id":1400,"href":"https:\/\/nexpert.cat\/ca\/wp-json\/wp\/v2\/pages\/47\/revisions\/1400"}],"wp:featuredmedia":[{"embeddable":true,"href":"https:\/\/nexpert.cat\/ca\/wp-json\/wp\/v2\/media\/48"}],"wp:attachment":[{"href":"https:\/\/nexpert.cat\/ca\/wp-json\/wp\/v2\/media?parent=47"}],"curies":[{"name":"wp","href":"https:\/\/api.w.org\/{rel}","templated":true}]}}