{"id":466,"date":"2019-04-01T18:15:04","date_gmt":"2019-04-01T16:15:04","guid":{"rendered":"http:\/\/nexpert.cat\/?page_id=466"},"modified":"2024-08-09T10:54:03","modified_gmt":"2024-08-09T08:54:03","slug":"potencia-i-distribucio","status":"publish","type":"page","link":"https:\/\/nexpert.cat\/ca\/serveis\/potencia-i-distribucio\/","title":{"rendered":"Pot\u00e8ncia i distribuci\u00f3"},"content":{"rendered":"\n<div id=\"metaslider-id-468\" style=\"width: 100%;\" class=\"ml-slider-3-107-0 metaslider metaslider-flex metaslider-468 ml-slider ms-theme-default nav-hidden\" role=\"region\" aria-label=\"potencia-distribucio\" data-height=\"400\" data-width=\"700\">\n    <div id=\"metaslider_container_468\">\n        <div id=\"metaslider_468\">\n            <ul class='slides'>\n                <li style=\"display: block; width: 100%;\" class=\"slide-472 ms-image \" aria-roledescription=\"slide\" data-date=\"2019-04-01 18:16:04\" data-filename=\"DSC02726-600x375-600x342.jpg\" data-slide-type=\"image\"><img src=\"https:\/\/nexpert.cat\/wp-content\/uploads\/2019\/04\/DSC02726-600x375-600x342.jpg\" height=\"400\" width=\"700\" alt=\"\" class=\"slider-468 slide-472 msDefaultImage\" title=\"DSC02726-600x375\" \/><\/li>\n                <li style=\"display: none; width: 100%;\" class=\"slide-473 ms-image \" aria-roledescription=\"slide\" data-date=\"2019-04-01 18:16:04\" data-filename=\"potencia-3-600x375-600x342.jpg\" data-slide-type=\"image\"><img src=\"https:\/\/nexpert.cat\/wp-content\/uploads\/2019\/04\/potencia-3-600x375-600x342.jpg\" height=\"400\" width=\"700\" alt=\"\" class=\"slider-468 slide-473 msDefaultImage\" title=\"potencia-3-600x375\" \/><\/li>\n                <li style=\"display: none; width: 100%;\" class=\"slide-474 ms-image \" aria-roledescription=\"slide\" data-date=\"2019-04-01 18:16:04\" data-filename=\"quadre-potencia-2-600x375-600x342.jpg\" data-slide-type=\"image\"><img src=\"https:\/\/nexpert.cat\/wp-content\/uploads\/2019\/04\/quadre-potencia-2-600x375-600x342.jpg\" height=\"400\" width=\"700\" alt=\"\" class=\"slider-468 slide-474 msDefaultImage\" title=\"quadre-potencia-2-600x375\" \/><\/li>\n            <\/ul>\n        <\/div>\n        \n    <\/div>\n<\/div>\n\n\n\n<div style=\"height:40px\" aria-hidden=\"true\" class=\"wp-block-spacer\"><\/div>\n\n\n\n<p>Disposem d\u2019un ampli taller on realitzem el muntatge de tot tipus de quadres el\u00e8ctrics.<\/p>\n\n\n\n<p>Els nostres quadres el\u00e8ctrics cobreixen una gamma completa que s\u2019integra de manera efica\u00e7 en la protecci\u00f3 i control dels sistemes el\u00e8ctrics per a aplicacions dom\u00e8stiques, comercials i industrials.<\/p>\n\n\n\n<p>Cada quadre el\u00e8ctric que muntem incorpora el <strong>marcatge CE<\/strong>, confirmant que ha superat les estrictes verificacions establertes per obtenir-lo.<\/p>\n\n\n\n<ul class=\"aplicacions-list\">\n<li>Instal\u00b7lacions de gran pot\u00e8ncia.<\/li>\n\n\n\n<li>Mesura d\u2019energia activa.<\/li>\n\n\n\n<li>Compensaci\u00f3 d\u2019energia reactiva.<\/li>\n<\/ul>\n","protected":false},"excerpt":{"rendered":"<p>Disposem d\u2019un ampli taller on realitzem el muntatge de tot tipus de quadres el\u00e8ctrics. Els nostres quadres el\u00e8ctrics cobreixen una gamma completa que s\u2019integra de manera efica\u00e7 en la protecci\u00f3 i control dels sistemes el\u00e8ctrics per a aplicacions dom\u00e8stiques, comercials i industrials. Cada quadre el\u00e8ctric que muntem incorpora el marcatge CE, confirmant que ha superat [&hellip;]<\/p>\n","protected":false},"author":1,"featured_media":0,"parent":37,"menu_order":0,"comment_status":"closed","ping_status":"closed","template":"","meta":[],"aioseo_notices":[],"_links":{"self":[{"href":"https:\/\/nexpert.cat\/ca\/wp-json\/wp\/v2\/pages\/466"}],"collection":[{"href":"https:\/\/nexpert.cat\/ca\/wp-json\/wp\/v2\/pages"}],"about":[{"href":"https:\/\/nexpert.cat\/ca\/wp-json\/wp\/v2\/types\/page"}],"author":[{"embeddable":true,"href":"https:\/\/nexpert.cat\/ca\/wp-json\/wp\/v2\/users\/1"}],"replies":[{"embeddable":true,"href":"https:\/\/nexpert.cat\/ca\/wp-json\/wp\/v2\/comments?post=466"}],"version-history":[{"count":4,"href":"https:\/\/nexpert.cat\/ca\/wp-json\/wp\/v2\/pages\/466\/revisions"}],"predecessor-version":[{"id":1376,"href":"https:\/\/nexpert.cat\/ca\/wp-json\/wp\/v2\/pages\/466\/revisions\/1376"}],"up":[{"embeddable":true,"href":"https:\/\/nexpert.cat\/ca\/wp-json\/wp\/v2\/pages\/37"}],"wp:attachment":[{"href":"https:\/\/nexpert.cat\/ca\/wp-json\/wp\/v2\/media?parent=466"}],"curies":[{"name":"wp","href":"https:\/\/api.w.org\/{rel}","templated":true}]}}