{"id":452,"date":"2019-04-01T17:55:16","date_gmt":"2019-04-01T15:55:16","guid":{"rendered":"http:\/\/nexpert.cat\/?page_id=452"},"modified":"2024-08-09T11:32:36","modified_gmt":"2024-08-09T09:32:36","slug":"tracabilitat","status":"publish","type":"page","link":"https:\/\/nexpert.cat\/ca\/serveis\/tracabilitat\/","title":{"rendered":"Tra\u00e7abilitat"},"content":{"rendered":"\n<div id=\"metaslider-id-454\" style=\"width: 100%;\" class=\"ml-slider-3-107-0 metaslider metaslider-flex metaslider-454 ml-slider ms-theme-default nav-hidden\" role=\"region\" aria-label=\"tra\u00e7abilitat\" data-height=\"400\" data-width=\"700\">\n    <div id=\"metaslider_container_454\">\n        <div id=\"metaslider_454\">\n            <ul class='slides'>\n                <li style=\"display: block; width: 100%;\" class=\"slide-461 ms-image \" aria-roledescription=\"slide\" data-date=\"2019-04-01 17:56:30\" data-filename=\"lector-qr-600x375-600x342.jpg\" data-slide-type=\"image\"><img src=\"https:\/\/nexpert.cat\/wp-content\/uploads\/2019\/04\/lector-qr-600x375-600x342.jpg\" height=\"400\" width=\"700\" alt=\"\" class=\"slider-454 slide-461 msDefaultImage\" title=\"lector-qr-600x375\" \/><\/li>\n                <li style=\"display: none; width: 100%;\" class=\"slide-459 ms-image \" aria-roledescription=\"slide\" data-date=\"2019-04-01 17:56:30\" data-filename=\"codi-qr-600x375-600x342.jpg\" data-slide-type=\"image\"><img src=\"https:\/\/nexpert.cat\/wp-content\/uploads\/2019\/04\/codi-qr-600x375-600x342.jpg\" height=\"400\" width=\"700\" alt=\"\" class=\"slider-454 slide-459 msDefaultImage\" title=\"codi-qr-600x375\" \/><\/li>\n                <li style=\"display: none; width: 100%;\" class=\"slide-460 ms-image \" aria-roledescription=\"slide\" data-date=\"2019-04-01 17:56:30\" data-filename=\"codis-varis-600x375-600x342.jpg\" data-slide-type=\"image\"><img src=\"https:\/\/nexpert.cat\/wp-content\/uploads\/2019\/04\/codis-varis-600x375-600x342.jpg\" height=\"400\" width=\"700\" alt=\"\" class=\"slider-454 slide-460 msDefaultImage\" title=\"codis-varis-600x375\" \/><\/li>\n                <li style=\"display: none; width: 100%;\" class=\"slide-462 ms-image \" aria-roledescription=\"slide\" data-date=\"2019-04-01 17:56:30\" data-filename=\"x-pectia-600x375-1-600x342.jpg\" data-slide-type=\"image\"><img src=\"https:\/\/nexpert.cat\/wp-content\/uploads\/2019\/04\/x-pectia-600x375-1-600x342.jpg\" height=\"400\" width=\"700\" alt=\"\" class=\"slider-454 slide-462 msDefaultImage\" title=\"x-pectia-600x375\" \/><\/li>\n            <\/ul>\n        <\/div>\n        \n    <\/div>\n<\/div>\n\n\n\n<div style=\"height:40px\" aria-hidden=\"true\" class=\"wp-block-spacer\"><\/div>\n\n\n\n<p>La tecnologia actual de la informaci\u00f3 ens permet controlar el nostre producte des de la seva producci\u00f3 fins al moment del seu consum. Oferim una gamma de sistemes de tra\u00e7abilitat adaptats a les diverses necessitats del mercat.<\/p>\n\n\n\n<p>Un sistema de tra\u00e7abilitat permet seguir el rastre d&#8217;un producte o aliment durant totes les etapes de fabricaci\u00f3, transformaci\u00f3 i distribuci\u00f3, proporcionant aix\u00ed un control total sobre el producte.<\/p>\n\n\n\n<p><strong>Necessitat d&#8217;implantar sistemes de tra\u00e7abilitat<\/strong><\/p>\n\n\n\n<p>Quins factors poden impulsar una empresa a implementar un sistema de tra\u00e7abilitat?<\/p>\n\n\n\n<ul>\n<li><strong>Normativa legal:<\/strong> Les regulacions i lleis imposen requisits de tra\u00e7abilitat per garantir la seguretat i la qualitat dels productes.<\/li>\n\n\n\n<li><strong>Pressi\u00f3 de clients i consumidors:<\/strong> La demanda de transpar\u00e8ncia per part dels clients i consumidors impulsa les empreses a adoptar sistemes que permetin un seguiment detallat dels productes.<\/li>\n\n\n\n<li><strong>Inter\u00e8s propi de l&#8217;empresa:<\/strong> La implementaci\u00f3 d&#8217;un sistema de tra\u00e7abilitat pot millorar l&#8217;efici\u00e8ncia operativa i permetre una resposta m\u00e9s r\u00e0pida en cas de problemes o incid\u00e8ncies.<\/li>\n<\/ul>\n\n\n\n<p>A Nexpert, realitzem estudis per implantar la tra\u00e7abilitat en plantes de producci\u00f3, utilitzant diversos m\u00e8todes, com ara:<\/p>\n\n\n\n<ul>\n<li><strong>Codis de barres i Datamatrix (2D):<\/strong> Sistemes de codificaci\u00f3 que permeten un seguiment efica\u00e7 dels productes.<\/li>\n\n\n\n<li><strong>Etiquetes i sensors RFID (Radiofreq\u00fc\u00e8ncia):<\/strong> Tecnologies que faciliten la identificaci\u00f3 i el seguiment autom\u00e0tic dels productes.<\/li>\n\n\n\n<li><strong>Integraci\u00f3 amb sistemes de bases de dades:<\/strong> Permet la connexi\u00f3 amb bases de dades per al registre i l&#8217;actualitzaci\u00f3 cont\u00ednua de la informaci\u00f3 dels productes.<\/li>\n<\/ul>\n\n\n\n<p>Aplicacions:<\/p>\n\n\n\n<ul>\n<li><strong>Seguiment de productes, incloent una vegada expedits:<\/strong> Control continu de la localitzaci\u00f3 i l&#8217;estat dels productes fins al seu dest\u00ed final.<\/li>\n\n\n\n<li><strong>Control de productes mitjan\u00e7ant bases de dades actualitzables:<\/strong> Manteniment d&#8217;informaci\u00f3 actualitzada i accessible sobre els productes.<\/li>\n\n\n\n<li><strong>Control de productes a dist\u00e0ncia:<\/strong> Monitoritzaci\u00f3 i gesti\u00f3 dels productes des de qualsevol ubicaci\u00f3, millorant la flexibilitat i la resposta operativa.<\/li>\n<\/ul>\n","protected":false},"excerpt":{"rendered":"<p>La tecnologia actual de la informaci\u00f3 ens permet controlar el nostre producte des de la seva producci\u00f3 fins al moment del seu consum. Oferim una gamma de sistemes de tra\u00e7abilitat adaptats a les diverses necessitats del mercat. Un sistema de tra\u00e7abilitat permet seguir el rastre d&#8217;un producte o aliment durant totes les etapes de fabricaci\u00f3, [&hellip;]<\/p>\n","protected":false},"author":1,"featured_media":0,"parent":37,"menu_order":0,"comment_status":"closed","ping_status":"closed","template":"","meta":[],"aioseo_notices":[],"_links":{"self":[{"href":"https:\/\/nexpert.cat\/ca\/wp-json\/wp\/v2\/pages\/452"}],"collection":[{"href":"https:\/\/nexpert.cat\/ca\/wp-json\/wp\/v2\/pages"}],"about":[{"href":"https:\/\/nexpert.cat\/ca\/wp-json\/wp\/v2\/types\/page"}],"author":[{"embeddable":true,"href":"https:\/\/nexpert.cat\/ca\/wp-json\/wp\/v2\/users\/1"}],"replies":[{"embeddable":true,"href":"https:\/\/nexpert.cat\/ca\/wp-json\/wp\/v2\/comments?post=452"}],"version-history":[{"count":3,"href":"https:\/\/nexpert.cat\/ca\/wp-json\/wp\/v2\/pages\/452\/revisions"}],"predecessor-version":[{"id":1394,"href":"https:\/\/nexpert.cat\/ca\/wp-json\/wp\/v2\/pages\/452\/revisions\/1394"}],"up":[{"embeddable":true,"href":"https:\/\/nexpert.cat\/ca\/wp-json\/wp\/v2\/pages\/37"}],"wp:attachment":[{"href":"https:\/\/nexpert.cat\/ca\/wp-json\/wp\/v2\/media?parent=452"}],"curies":[{"name":"wp","href":"https:\/\/api.w.org\/{rel}","templated":true}]}}