{"id":428,"date":"2019-04-01T17:44:17","date_gmt":"2019-04-01T15:44:17","guid":{"rendered":"http:\/\/nexpert.cat\/?page_id=428"},"modified":"2024-08-09T10:55:49","modified_gmt":"2024-08-09T08:55:49","slug":"programacio-de-plcs","status":"publish","type":"page","link":"https:\/\/nexpert.cat\/ca\/serveis\/programacio-de-plcs\/","title":{"rendered":"Programaci\u00f3 de PLC"},"content":{"rendered":"\n<div id=\"metaslider-id-430\" style=\"width: 100%;\" class=\"ml-slider-3-108-0 metaslider metaslider-flex metaslider-430 ml-slider ms-theme-default nav-hidden\" role=\"region\" aria-label=\"programacio-plcs\" data-height=\"400\" data-width=\"700\">\n    <div id=\"metaslider_container_430\">\n        <div id=\"metaslider_430\">\n            <ul class='slides'>\n                <li style=\"display: block; width: 100%;\" class=\"slide-436 ms-image \" aria-roledescription=\"slide\" data-date=\"2019-04-01 17:44:47\" data-filename=\"FQM_brochure_p4p5522xX-600x375-600x342.jpg\" data-slide-type=\"image\"><img src=\"https:\/\/nexpert.cat\/wp-content\/uploads\/2019\/04\/FQM_brochure_p4p5522xX-600x375-600x342.jpg\" height=\"400\" width=\"700\" alt=\"\" class=\"slider-430 slide-436 msDefaultImage\" title=\"FQM_brochure_p4p5522xX-600x375\" \/><\/li>\n                <li style=\"display: none; width: 100%;\" class=\"slide-437 ms-image \" aria-roledescription=\"slide\" data-date=\"2019-04-01 17:44:47\" data-filename=\"P68052-600x375-600x342.jpg\" data-slide-type=\"image\"><img src=\"https:\/\/nexpert.cat\/wp-content\/uploads\/2019\/04\/P68052-600x375-600x342.jpg\" height=\"400\" width=\"700\" alt=\"\" class=\"slider-430 slide-437 msDefaultImage\" title=\"P68052-600x375\" \/><\/li>\n                <li style=\"display: none; width: 100%;\" class=\"slide-435 ms-image \" aria-roledescription=\"slide\" data-date=\"2019-04-01 17:44:47\" data-filename=\"cxone-600x375-600x342.jpg\" data-slide-type=\"image\"><img src=\"https:\/\/nexpert.cat\/wp-content\/uploads\/2019\/04\/cxone-600x375-600x342.jpg\" height=\"400\" width=\"700\" alt=\"\" class=\"slider-430 slide-435 msDefaultImage\" title=\"cxone-600x375\" \/><\/li>\n                <li style=\"display: none; width: 100%;\" class=\"slide-438 ms-image \" aria-roledescription=\"slide\" data-date=\"2019-04-01 17:44:47\" data-filename=\"programa-PLC-600x375-600x342.jpg\" data-slide-type=\"image\"><img src=\"https:\/\/nexpert.cat\/wp-content\/uploads\/2019\/04\/programa-PLC-600x375-600x342.jpg\" height=\"400\" width=\"700\" alt=\"\" class=\"slider-430 slide-438 msDefaultImage\" title=\"programa-PLC-600x375\" \/><\/li>\n            <\/ul>\n        <\/div>\n        \n    <\/div>\n<\/div>\n\n\n\n<div style=\"height:40px\" aria-hidden=\"true\" class=\"wp-block-spacer\"><\/div>\n\n\n\n<p>Tenim una \u00e0mplia experi\u00e8ncia en la programaci\u00f3 de tot tipus de projectes d\u2019automatitzaci\u00f3. La constant evoluci\u00f3 dels processos automatitzats exigeix un personal t\u00e8cnic altament qualificat, i comptem amb els millors professionals per abordar les especificacions particulars de cada client.<\/p>\n\n\n\n<p>Oferim:<\/p>\n\n\n\n<ul>\n<li><strong>Integraci\u00f3 de maquin\u00e0ria:<\/strong> Integramos equips i sistemes en processos industrials, garantint una operaci\u00f3 harmonitzada i eficient.<\/li>\n\n\n\n<li><strong>Control i regulaci\u00f3 de l\u00ednies de producci\u00f3:<\/strong> Implementem solucions per controlar i regular les l\u00ednies de producci\u00f3, assegurant la m\u00e0xima efici\u00e8ncia i qualitat.<\/li>\n\n\n\n<li><strong>Comunicacions industrials:<\/strong> Desenvolupem i configurem sistemes de comunicaci\u00f3 entre equips i sistemes per a una millor coordinaci\u00f3 i flux d&#8217;informaci\u00f3.<\/li>\n\n\n\n<li><strong>Motion control:<\/strong> Gestionem i optimitzem el control del moviment de m\u00e0quines i servomotors per a una operaci\u00f3 precisa i fiable.<\/li>\n<\/ul>\n\n\n\n<p>A m\u00e9s, tenim experi\u00e8ncia treballant amb aut\u00f2mats de diverses marques, incloent:<\/p>\n\n\n\n<ul>\n<li><strong>OMRON<\/strong><\/li>\n\n\n\n<li><strong>Siemens<\/strong><\/li>\n\n\n\n<li><strong>HITACHI<\/strong><\/li>\n\n\n\n<li><strong>Allen-Bradley<\/strong><\/li>\n\n\n\n<li><strong>Telemecanique<\/strong><\/li>\n<\/ul>\n","protected":false},"excerpt":{"rendered":"<p>Tenim una \u00e0mplia experi\u00e8ncia en la programaci\u00f3 de tot tipus de projectes d\u2019automatitzaci\u00f3. La constant evoluci\u00f3 dels processos automatitzats exigeix un personal t\u00e8cnic altament qualificat, i comptem amb els millors professionals per abordar les especificacions particulars de cada client. Oferim: A m\u00e9s, tenim experi\u00e8ncia treballant amb aut\u00f2mats de diverses marques, incloent:<\/p>\n","protected":false},"author":1,"featured_media":0,"parent":37,"menu_order":0,"comment_status":"closed","ping_status":"closed","template":"","meta":[],"aioseo_notices":[],"_links":{"self":[{"href":"https:\/\/nexpert.cat\/ca\/wp-json\/wp\/v2\/pages\/428"}],"collection":[{"href":"https:\/\/nexpert.cat\/ca\/wp-json\/wp\/v2\/pages"}],"about":[{"href":"https:\/\/nexpert.cat\/ca\/wp-json\/wp\/v2\/types\/page"}],"author":[{"embeddable":true,"href":"https:\/\/nexpert.cat\/ca\/wp-json\/wp\/v2\/users\/1"}],"replies":[{"embeddable":true,"href":"https:\/\/nexpert.cat\/ca\/wp-json\/wp\/v2\/comments?post=428"}],"version-history":[{"count":5,"href":"https:\/\/nexpert.cat\/ca\/wp-json\/wp\/v2\/pages\/428\/revisions"}],"predecessor-version":[{"id":1379,"href":"https:\/\/nexpert.cat\/ca\/wp-json\/wp\/v2\/pages\/428\/revisions\/1379"}],"up":[{"embeddable":true,"href":"https:\/\/nexpert.cat\/ca\/wp-json\/wp\/v2\/pages\/37"}],"wp:attachment":[{"href":"https:\/\/nexpert.cat\/ca\/wp-json\/wp\/v2\/media?parent=428"}],"curies":[{"name":"wp","href":"https:\/\/api.w.org\/{rel}","templated":true}]}}