{"id":417,"date":"2019-04-01T17:41:36","date_gmt":"2019-04-01T15:41:36","guid":{"rendered":"http:\/\/nexpert.cat\/?page_id=417"},"modified":"2024-08-09T10:40:16","modified_gmt":"2024-08-09T08:40:16","slug":"interficie-home-maquina","status":"publish","type":"page","link":"https:\/\/nexpert.cat\/ca\/serveis\/interficie-home-maquina\/","title":{"rendered":"Interf\u00edcie Home-M\u00e0quina"},"content":{"rendered":"\n<div id=\"metaslider-id-418\" style=\"width: 100%;\" class=\"ml-slider-3-107-0 metaslider metaslider-flex metaslider-418 ml-slider ms-theme-default nav-hidden\" role=\"region\" aria-label=\"interficie-home-maquina\" data-height=\"400\" data-width=\"700\">\n    <div id=\"metaslider_container_418\">\n        <div id=\"metaslider_418\">\n            <ul class='slides'>\n                <li style=\"display: block; width: 100%;\" class=\"slide-422 ms-image \" aria-roledescription=\"slide\" data-date=\"2019-04-01 17:41:08\" data-filename=\"hmi-lila-600x342.jpg\" data-slide-type=\"image\"><img src=\"https:\/\/nexpert.cat\/wp-content\/uploads\/2019\/04\/hmi-lila-600x342.jpg\" height=\"400\" width=\"700\" alt=\"\" class=\"slider-418 slide-422 msDefaultImage\" title=\"hmi-lila\" \/><\/li>\n                <li style=\"display: none; width: 100%;\" class=\"slide-423 ms-image \" aria-roledescription=\"slide\" data-date=\"2019-04-01 17:41:08\" data-filename=\"HMIVERD-600x342.jpg\" data-slide-type=\"image\"><img src=\"https:\/\/nexpert.cat\/wp-content\/uploads\/2019\/04\/HMIVERD-600x342.jpg\" height=\"400\" width=\"700\" alt=\"\" class=\"slider-418 slide-423 msDefaultImage\" title=\"HMIVERD\" \/><\/li>\n                <li style=\"display: none; width: 100%;\" class=\"slide-424 ms-image \" aria-roledescription=\"slide\" data-date=\"2019-04-01 17:41:08\" data-filename=\"regulacio-de-linies-600x375-600x342.jpg\" data-slide-type=\"image\"><img src=\"https:\/\/nexpert.cat\/wp-content\/uploads\/2019\/04\/regulacio-de-linies-600x375-600x342.jpg\" height=\"400\" width=\"700\" alt=\"\" class=\"slider-418 slide-424 msDefaultImage\" title=\"regulacio-de-linies-600x375\" \/><\/li>\n            <\/ul>\n        <\/div>\n        \n    <\/div>\n<\/div>\n\n\n\n<div style=\"height:40px\" aria-hidden=\"true\" class=\"wp-block-spacer\"><\/div>\n\n\n\n<p><strong>Realitzem tota la comunicaci\u00f3 necess\u00e0ria de la m\u00e0quina a trav\u00e9s d\u2019una pantalla t\u00e0ctil.<\/strong><\/p>\n\n\n\n<p>A trav\u00e9s d\u2019aquesta pantalla, podr\u00e0 visualitzar l&#8217;estat de la m\u00e0quina, les alarmes, i les senyals de marxa, reduint la necessitat de cablejat addicional, polsadors, pilots lluminosos i displays separats.<\/p>\n\n\n\n<p>A m\u00e9s, amb la tecnologia de comunicaci\u00f3 Ethernet integrada, podr\u00e0 veure i controlar la pantalla des de qualsevol ordinador connectat a la xarxa o des d&#8217;Internet mitjan\u00e7ant un dispositiu m\u00f2bil.<\/p>\n\n\n\n<p>Tamb\u00e9 \u00e9s possible emmagatzemar dades i estad\u00edstiques de producci\u00f3, proporcionant un control complet de la seva maquin\u00e0ria.<\/p>\n\n\n\n<p>Actualment, oferim pantalles t\u00e0ctils amb sistema operatiu Windows, permetent no nom\u00e9s el control de la m\u00e0quina, sin\u00f3 tamb\u00e9 la realitzaci\u00f3 de sistemes d\u2019adquisici\u00f3 de dades en temps real des de qualsevol ordinador connectat a la xarxa, aix\u00ed com la creaci\u00f3 de bases de dades amb Microsoft Access.<\/p>\n\n\n\n<p>Aplicacions:<\/p>\n\n\n\n<ul class=\"aplicacions-list\">\n<li>Control de m\u00e0quines.<\/li>\n\n\n\n<li>Control d\u2019enllumenat.<\/li>\n\n\n\n<li>Climatitzaci\u00f3.<\/li>\n\n\n\n<li>Dom\u00f2tica.<\/li>\n\n\n\n<li>Visualitzaci\u00f3 i control de consums el\u00e8ctrics.<\/li>\n\n\n\n<li>Adquisici\u00f3 de dades en processos de fabricaci\u00f3.<\/li>\n<\/ul>\n","protected":false},"excerpt":{"rendered":"<p>Realitzem tota la comunicaci\u00f3 necess\u00e0ria de la m\u00e0quina a trav\u00e9s d\u2019una pantalla t\u00e0ctil. A trav\u00e9s d\u2019aquesta pantalla, podr\u00e0 visualitzar l&#8217;estat de la m\u00e0quina, les alarmes, i les senyals de marxa, reduint la necessitat de cablejat addicional, polsadors, pilots lluminosos i displays separats. A m\u00e9s, amb la tecnologia de comunicaci\u00f3 Ethernet integrada, podr\u00e0 veure i controlar [&hellip;]<\/p>\n","protected":false},"author":1,"featured_media":0,"parent":37,"menu_order":0,"comment_status":"closed","ping_status":"closed","template":"","meta":[],"aioseo_notices":[],"_links":{"self":[{"href":"https:\/\/nexpert.cat\/ca\/wp-json\/wp\/v2\/pages\/417"}],"collection":[{"href":"https:\/\/nexpert.cat\/ca\/wp-json\/wp\/v2\/pages"}],"about":[{"href":"https:\/\/nexpert.cat\/ca\/wp-json\/wp\/v2\/types\/page"}],"author":[{"embeddable":true,"href":"https:\/\/nexpert.cat\/ca\/wp-json\/wp\/v2\/users\/1"}],"replies":[{"embeddable":true,"href":"https:\/\/nexpert.cat\/ca\/wp-json\/wp\/v2\/comments?post=417"}],"version-history":[{"count":2,"href":"https:\/\/nexpert.cat\/ca\/wp-json\/wp\/v2\/pages\/417\/revisions"}],"predecessor-version":[{"id":1370,"href":"https:\/\/nexpert.cat\/ca\/wp-json\/wp\/v2\/pages\/417\/revisions\/1370"}],"up":[{"embeddable":true,"href":"https:\/\/nexpert.cat\/ca\/wp-json\/wp\/v2\/pages\/37"}],"wp:attachment":[{"href":"https:\/\/nexpert.cat\/ca\/wp-json\/wp\/v2\/media?parent=417"}],"curies":[{"name":"wp","href":"https:\/\/api.w.org\/{rel}","templated":true}]}}