{"id":402,"date":"2019-04-01T17:38:04","date_gmt":"2019-04-01T15:38:04","guid":{"rendered":"http:\/\/nexpert.cat\/?page_id=402"},"modified":"2024-08-09T10:35:10","modified_gmt":"2024-08-09T08:35:10","slug":"disseny-de-projectes","status":"publish","type":"page","link":"https:\/\/nexpert.cat\/ca\/serveis\/disseny-de-projectes\/","title":{"rendered":"Disseny de projectes"},"content":{"rendered":"\n<div id=\"metaslider-id-403\" style=\"width: 100%;\" class=\"ml-slider-3-109-0 metaslider metaslider-flex metaslider-403 ml-slider ms-theme-default nav-hidden\" role=\"region\" aria-label=\"disseny-projectes\" data-height=\"400\" data-width=\"700\">\n    <div id=\"metaslider_container_403\">\n        <div id=\"metaslider_403\">\n            <ul class='slides'>\n                <li style=\"display: block; width: 100%;\" class=\"slide-409 ms-image \" aria-roledescription=\"slide\" data-date=\"2019-04-01 17:37:34\" data-filename=\"CAVAPALET36M4-600x375-600x342.jpg\" data-slide-type=\"image\"><img src=\"https:\/\/nexpert.cat\/wp-content\/uploads\/2019\/04\/CAVAPALET36M4-600x375-600x342.jpg\" height=\"400\" width=\"700\" alt=\"\" class=\"slider-403 slide-409 msDefaultImage\" title=\"CAVAPALET36M4-600x375\" \/><\/li>\n                <li style=\"display: none; width: 100%;\" class=\"slide-410 ms-image \" aria-roledescription=\"slide\" data-date=\"2019-04-01 17:37:34\" data-filename=\"dibuixesquema-600x375-600x342.jpg\" data-slide-type=\"image\"><img src=\"https:\/\/nexpert.cat\/wp-content\/uploads\/2019\/04\/dibuixesquema-600x375-600x342.jpg\" height=\"400\" width=\"700\" alt=\"\" class=\"slider-403 slide-410 msDefaultImage\" title=\"dibuixesquema-600x375\" \/><\/li>\n                <li style=\"display: none; width: 100%;\" class=\"slide-411 ms-image \" aria-roledescription=\"slide\" data-date=\"2019-04-01 17:37:34\" data-filename=\"fanuc-3d-600x375-600x342.jpg\" data-slide-type=\"image\"><img src=\"https:\/\/nexpert.cat\/wp-content\/uploads\/2019\/04\/fanuc-3d-600x375-600x342.jpg\" height=\"400\" width=\"700\" alt=\"\" class=\"slider-403 slide-411 msDefaultImage\" title=\"fanuc-3d-600x375\" \/><\/li>\n                <li style=\"display: none; width: 100%;\" class=\"slide-412 ms-image \" aria-roledescription=\"slide\" data-date=\"2019-04-01 17:37:34\" data-filename=\"planol-cavapal7000-600x375-600x342.jpg\" data-slide-type=\"image\"><img src=\"https:\/\/nexpert.cat\/wp-content\/uploads\/2019\/04\/planol-cavapal7000-600x375-600x342.jpg\" height=\"400\" width=\"700\" alt=\"\" class=\"slider-403 slide-412 msDefaultImage\" title=\"planol-cavapal7000-600x375\" \/><\/li>\n                <li style=\"display: none; width: 100%;\" class=\"slide-413 ms-image \" aria-roledescription=\"slide\" data-date=\"2019-04-01 17:37:34\" data-filename=\"project-600x375-600x342.jpg\" data-slide-type=\"image\"><img src=\"https:\/\/nexpert.cat\/wp-content\/uploads\/2019\/04\/project-600x375-600x342.jpg\" height=\"400\" width=\"700\" alt=\"\" class=\"slider-403 slide-413 msDefaultImage\" title=\"project-600x375\" \/><\/li>\n            <\/ul>\n        <\/div>\n        \n    <\/div>\n<\/div>\n\n\n\n<div style=\"height:40px\" aria-hidden=\"true\" class=\"wp-block-spacer\"><\/div>\n\n\n\n<p><strong>Realitzem el disseny complet de totes les fases d\u2019un projecte.<\/strong><\/p>\n\n\n\n<p>El client nom\u00e9s ha de comunicar la seva necessitat, i el nostre equip es dedicar\u00e0 a identificar i implementar les solucions automatitzades m\u00e9s innovadores i actuals. Ens encarreguem de tot el proc\u00e9s, des de l\u2019an\u00e0lisi inicial fins a la finalitzaci\u00f3 del projecte, assegurant que cada detall compleixi els est\u00e0ndards de qualitat i efic\u00e0cia.<\/p>\n\n\n\n<ul class=\"aplicacions-list\">\n<li>Estudi de viabilitat, prefer\u00e8ncies i requeriments de la proposta del client.<\/li>\n\n\n\n<li>Pressupostatges.<\/li>\n\n\n\n<li>Dibuixat d\u2019esquemes el\u00e8ctrics.<\/li>\n\n\n\n<li>Programaci\u00f3 de PLC.<\/li>\n\n\n\n<li>Disseny d\u2019interf\u00edcies home-m\u00e0quina: pantalles t\u00e0ctils, displays, etc.<\/li>\n\n\n\n<li>Disseny i programaci\u00f3 de sistemes SCADA.<\/li>\n\n\n\n<li>Projectes de rob\u00f2tica, visi\u00f3 artificial o sistemes de tra\u00e7abilitat.<\/li>\n<\/ul>\n\n\n\n<p><\/p>\n","protected":false},"excerpt":{"rendered":"<p>Realitzem el disseny complet de totes les fases d\u2019un projecte. El client nom\u00e9s ha de comunicar la seva necessitat, i el nostre equip es dedicar\u00e0 a identificar i implementar les solucions automatitzades m\u00e9s innovadores i actuals. Ens encarreguem de tot el proc\u00e9s, des de l\u2019an\u00e0lisi inicial fins a la finalitzaci\u00f3 del projecte, assegurant que cada [&hellip;]<\/p>\n","protected":false},"author":1,"featured_media":0,"parent":37,"menu_order":0,"comment_status":"closed","ping_status":"closed","template":"","meta":[],"aioseo_notices":[],"_links":{"self":[{"href":"https:\/\/nexpert.cat\/ca\/wp-json\/wp\/v2\/pages\/402"}],"collection":[{"href":"https:\/\/nexpert.cat\/ca\/wp-json\/wp\/v2\/pages"}],"about":[{"href":"https:\/\/nexpert.cat\/ca\/wp-json\/wp\/v2\/types\/page"}],"author":[{"embeddable":true,"href":"https:\/\/nexpert.cat\/ca\/wp-json\/wp\/v2\/users\/1"}],"replies":[{"embeddable":true,"href":"https:\/\/nexpert.cat\/ca\/wp-json\/wp\/v2\/comments?post=402"}],"version-history":[{"count":2,"href":"https:\/\/nexpert.cat\/ca\/wp-json\/wp\/v2\/pages\/402\/revisions"}],"predecessor-version":[{"id":1366,"href":"https:\/\/nexpert.cat\/ca\/wp-json\/wp\/v2\/pages\/402\/revisions\/1366"}],"up":[{"embeddable":true,"href":"https:\/\/nexpert.cat\/ca\/wp-json\/wp\/v2\/pages\/37"}],"wp:attachment":[{"href":"https:\/\/nexpert.cat\/ca\/wp-json\/wp\/v2\/media?parent=402"}],"curies":[{"name":"wp","href":"https:\/\/api.w.org\/{rel}","templated":true}]}}