{"id":379,"date":"2019-04-01T17:10:56","date_gmt":"2019-04-01T15:10:56","guid":{"rendered":"http:\/\/nexpert.cat\/?page_id=379"},"modified":"2024-08-09T11:35:00","modified_gmt":"2024-08-09T09:35:00","slug":"visio-artificial","status":"publish","type":"page","link":"https:\/\/nexpert.cat\/ca\/serveis\/visio-artificial\/","title":{"rendered":"Visi\u00f3 Artificial"},"content":{"rendered":"\n<div id=\"metaslider-id-380\" style=\"width: 100%;\" class=\"ml-slider-3-107-0 metaslider metaslider-flex metaslider-380 ml-slider ms-theme-default nav-hidden\" role=\"region\" aria-label=\"visio-artificial\" data-height=\"400\" data-width=\"700\">\n    <div id=\"metaslider_container_380\">\n        <div id=\"metaslider_380\">\n            <ul class='slides'>\n                <li style=\"display: block; width: 100%;\" class=\"slide-391 ms-image \" aria-roledescription=\"slide\" data-date=\"2019-04-01 17:10:34\" data-filename=\"visio-risclat1-600x375-600x342.jpg\" data-slide-type=\"image\"><img src=\"https:\/\/nexpert.cat\/wp-content\/uploads\/2019\/04\/visio-risclat1-600x375-600x342.jpg\" height=\"400\" width=\"700\" alt=\"\" class=\"slider-380 slide-391 msDefaultImage\" title=\"visio-risclat1-600x375\" \/><\/li>\n                <li style=\"display: none; width: 100%;\" class=\"slide-392 ms-image \" aria-roledescription=\"slide\" data-date=\"2019-04-01 17:10:34\" data-filename=\"visio2-600x375-600x342.jpg\" data-slide-type=\"image\"><img src=\"https:\/\/nexpert.cat\/wp-content\/uploads\/2019\/04\/visio2-600x375-600x342.jpg\" height=\"400\" width=\"700\" alt=\"\" class=\"slider-380 slide-392 msDefaultImage\" title=\"visio2-600x375\" \/><\/li>\n                <li style=\"display: none; width: 100%;\" class=\"slide-393 ms-image \" aria-roledescription=\"slide\" data-date=\"2019-04-01 17:10:34\" data-filename=\"visio3-600x375-600x342.jpg\" data-slide-type=\"image\"><img src=\"https:\/\/nexpert.cat\/wp-content\/uploads\/2019\/04\/visio3-600x375-600x342.jpg\" height=\"400\" width=\"700\" alt=\"\" class=\"slider-380 slide-393 msDefaultImage\" title=\"visio3-600x375\" \/><\/li>\n                <li style=\"display: none; width: 100%;\" class=\"slide-394 ms-image \" aria-roledescription=\"slide\" data-date=\"2019-04-01 17:10:34\" data-filename=\"visio4-600x375-600x342.jpg\" data-slide-type=\"image\"><img src=\"https:\/\/nexpert.cat\/wp-content\/uploads\/2019\/04\/visio4-600x375-600x342.jpg\" height=\"400\" width=\"700\" alt=\"\" class=\"slider-380 slide-394 msDefaultImage\" title=\"visio4-600x375\" \/><\/li>\n                <li style=\"display: none; width: 100%;\" class=\"slide-395 ms-image \" aria-roledescription=\"slide\" data-date=\"2019-04-01 17:10:34\" data-filename=\"x-pectia-600x375-600x342.jpg\" data-slide-type=\"image\"><img src=\"https:\/\/nexpert.cat\/wp-content\/uploads\/2019\/04\/x-pectia-600x375-600x342.jpg\" height=\"400\" width=\"700\" alt=\"\" class=\"slider-380 slide-395 msDefaultImage\" title=\"x-pectia-600x375\" \/><\/li>\n            <\/ul>\n        <\/div>\n        \n    <\/div>\n<\/div>\n\n\n\n<div style=\"height:40px\" aria-hidden=\"true\" class=\"wp-block-spacer\"><\/div>\n\n\n\n<p>La <strong>visi\u00f3 artificial <\/strong>permet substituir la supervisi\u00f3 visual humana mitjan\u00e7ant un sistema avan\u00e7at d\u2019adquisici\u00f3 d\u2019imatges i un programari d\u2019an\u00e0lisi especialitzat.<\/p>\n\n\n\n<p>A Nexpert, comptem amb una \u00e0mplia experi\u00e8ncia en el desenvolupament i muntatge d\u2019equips de visi\u00f3 artificial, especialment destinats al control de qualitat en les ind\u00fastries del vi i del cava. A m\u00e9s, oferim serveis per a la creaci\u00f3 d\u2019equips de visi\u00f3 artificial adaptats a una varietat d\u2019aplicacions, realitzant estudis personalitzats i confidencials per determinar la viabilitat de cada aplicaci\u00f3.<\/p>\n\n\n\n<p><strong>Aplicacions destacades en el sector del vi i el cava:<\/strong><\/p>\n\n\n\n<ul>\n<li><strong>Control de nivell de l\u00edquid i profunditat del tap:<\/strong> Assegura que els nivells i la col\u00b7locaci\u00f3 dels taps es compleixin amb les especificacions requerides.<\/li>\n\n\n\n<li><strong>Risclat del coll de l\u2019ampolla:<\/strong> Verifica possibles defectes en el coll de les ampolles per garantir la seva integritat.<\/li>\n\n\n\n<li><strong>Terbolesa del vi o del cava:<\/strong> Mesura la claredat del l\u00edquid per assegurar la qualitat del producte.<\/li>\n\n\n\n<li><strong>Comprovaci\u00f3 de l\u2019etiquetatge:<\/strong> Verifica que les etiquetes estiguin col\u00b7locades correctament i compleixin els est\u00e0ndards.<\/li>\n<\/ul>\n\n\n\n<p><strong>Altres aplicacions generals:<\/strong><\/p>\n\n\n\n<ul>\n<li><strong>Comprovaci\u00f3 de peces:<\/strong> Inspecciona peces com xapes d\u2019expedici\u00f3 del cava, obturadors i encaixat de peces per assegurar-se que compleixin amb els requisits establerts.<\/li>\n\n\n\n<li><strong>Classificaci\u00f3 de peces:<\/strong> Classifica peces segons les seves mides i formes per garantir una separaci\u00f3 adequada segons les especificacions.<\/li>\n\n\n\n<li><strong>Guiatge de cap\u00e7als rob\u00f2tics:<\/strong> Ajusta el posicionament dels cap\u00e7als rob\u00f2tics per compensar els errors en la manipulaci\u00f3 dels objectes, millorant l&#8217;efici\u00e8ncia i la precisi\u00f3 del proc\u00e9s de manipulaci\u00f3.<\/li>\n<\/ul>\n","protected":false},"excerpt":{"rendered":"<p>La visi\u00f3 artificial permet substituir la supervisi\u00f3 visual humana mitjan\u00e7ant un sistema avan\u00e7at d\u2019adquisici\u00f3 d\u2019imatges i un programari d\u2019an\u00e0lisi especialitzat. A Nexpert, comptem amb una \u00e0mplia experi\u00e8ncia en el desenvolupament i muntatge d\u2019equips de visi\u00f3 artificial, especialment destinats al control de qualitat en les ind\u00fastries del vi i del cava. A m\u00e9s, oferim serveis per [&hellip;]<\/p>\n","protected":false},"author":1,"featured_media":0,"parent":37,"menu_order":0,"comment_status":"closed","ping_status":"closed","template":"","meta":[],"aioseo_notices":[],"_links":{"self":[{"href":"https:\/\/nexpert.cat\/ca\/wp-json\/wp\/v2\/pages\/379"}],"collection":[{"href":"https:\/\/nexpert.cat\/ca\/wp-json\/wp\/v2\/pages"}],"about":[{"href":"https:\/\/nexpert.cat\/ca\/wp-json\/wp\/v2\/types\/page"}],"author":[{"embeddable":true,"href":"https:\/\/nexpert.cat\/ca\/wp-json\/wp\/v2\/users\/1"}],"replies":[{"embeddable":true,"href":"https:\/\/nexpert.cat\/ca\/wp-json\/wp\/v2\/comments?post=379"}],"version-history":[{"count":5,"href":"https:\/\/nexpert.cat\/ca\/wp-json\/wp\/v2\/pages\/379\/revisions"}],"predecessor-version":[{"id":1395,"href":"https:\/\/nexpert.cat\/ca\/wp-json\/wp\/v2\/pages\/379\/revisions\/1395"}],"up":[{"embeddable":true,"href":"https:\/\/nexpert.cat\/ca\/wp-json\/wp\/v2\/pages\/37"}],"wp:attachment":[{"href":"https:\/\/nexpert.cat\/ca\/wp-json\/wp\/v2\/media?parent=379"}],"curies":[{"name":"wp","href":"https:\/\/api.w.org\/{rel}","templated":true}]}}