{"id":37,"date":"2019-01-24T13:23:15","date_gmt":"2019-01-24T12:23:15","guid":{"rendered":"http:\/\/nexpert.cat\/?page_id=37"},"modified":"2024-08-09T12:21:30","modified_gmt":"2024-08-09T10:21:30","slug":"serveis","status":"publish","type":"page","link":"https:\/\/nexpert.cat\/ca\/serveis\/","title":{"rendered":"Serveis Nexpert"},"content":{"rendered":"\n<a name=\"robotica\"><\/a>\n\n\n\n<p class=\"width: 50%\">A Nexpert oferim tot tipus de solucions d\u2019enginyeria, automatitzaci\u00f3 i rob\u00f2tica.<br>El nostre equip de professionals estudia les noves tend\u00e8ncies i la tecnologia m\u00e9s avan\u00e7ada per oferir un servei actualitzat i adaptat a cada client.<\/p>\n\n\n\n<hr class=\"wp-block-separator has-css-opacity\"\/>\n\n\n\n<div class=\"wp-block-columns has-2-columns is-layout-flex wp-container-3\">\n<div class=\"wp-block-column is-layout-flow\">\n<h3 class=\"wp-block-heading\"><a href=\"https:\/\/nexpert.cat\/ca\/serveis\/robotica-industrial\/\">Rob\u00f2tica&nbsp;Industrial<\/a><\/h3>\n\n\n\n<p>Realitzem projectes de robotitzaci\u00f3 clau en m\u00e0, abastant totes les fases del proc\u00e9s: des de la instal\u00b7laci\u00f3 del robot i del cap\u00e7al, fins al tancament de seguretat. Tamb\u00e9 ens encarreguem de la instal\u00b7laci\u00f3 dels quadres de pot\u00e8ncia i control, aix\u00ed com de la interf\u00edcie home-m\u00e0quina corresponent.<\/p>\n\n\n\n<div class=\"wp-block-button\">\n<img decoding=\"async\" src=\"\/wp-content\/themes\/FoundationPress\/src\/assets\/images\/logo-nexrobotics.png\" width=\"120px\" style=\"width: 180px; margin-right: 10px;\">\n<a class=\"wp-block-button__link\" href=\"\/serveis\/robotica-industrial\">Conegui NexRobotics<\/a><\/div>\n<\/div>\n\n\n\n<div class=\"wp-block-column is-layout-flow\">\n<div id=\"metaslider-id-198\" style=\"width: 100%;\" class=\"ml-slider-3-107-0 metaslider metaslider-flex metaslider-198 ml-slider ms-theme-default nav-hidden\" role=\"region\" aria-label=\"Robotica\" data-height=\"350\" data-width=\"700\">\n    <div id=\"metaslider_container_198\">\n        <div id=\"metaslider_198\">\n            <ul class='slides'>\n                <li style=\"display: block; width: 100%;\" class=\"slide-199 ms-image \" aria-roledescription=\"slide\" data-date=\"2019-01-30 14:05:44\" data-filename=\"robotica-600x300.jpg\" data-slide-type=\"image\"><img src=\"https:\/\/nexpert.cat\/wp-content\/uploads\/2019\/01\/robotica-600x300.jpg\" height=\"350\" width=\"700\" alt=\"\" class=\"slider-198 slide-199 msDefaultImage\" title=\"robotica\" \/><\/li>\n                <li style=\"display: none; width: 100%;\" class=\"slide-200 ms-image \" aria-roledescription=\"slide\" data-date=\"2019-01-30 14:06:02\" data-filename=\"IMGP4004-650x325.jpg\" data-slide-type=\"image\"><img src=\"https:\/\/nexpert.cat\/wp-content\/uploads\/2019\/01\/IMGP4004-650x325.jpg\" height=\"350\" width=\"700\" alt=\"\" class=\"slider-198 slide-200 msDefaultImage\" title=\"IMGP4004\" \/><\/li>\n            <\/ul>\n        <\/div>\n        \n    <\/div>\n<\/div>\n\n\n\n<p><\/p>\n<\/div>\n<\/div>\n\n\n\n<a name=\"control-qualitat\"><\/a>\n\n\n\n<ul class=\"submenu-servei\">\n<li><a href=\"\/serveis\/robotica-industrial\/aplicacions-especials\/\">APLICACIONS ESPECIALS<\/a><\/li>\n\n\n\n<li><a href=\"\/serveis\/robotica-industrial\/alimentacio-de-maquines\/\">ALIMENTACI\u00d3 DE M\u00c0QUINES<\/a><\/li>\n\n\n\n<li><a href=\"\/serveis\/robotica-industrial\/manipulacio-pickplace\/\">MANIPULACI\u00d3 D\u2019AMPOLLES<\/a><\/li>\n\n\n\n<li><a href=\"\/serveis\/robotica-industrial\/despaletitzat\/\">DESPALETITZAT<\/a><\/li>\n\n\n\n<li><a href=\"\/serveis\/robotica-industrial\/paletitzat\/\">PALETITZAT<\/a><\/li>\n<\/ul>\n\n\n\n<hr class=\"wp-block-separator has-css-opacity\"\/>\n\n\n\n<div class=\"wp-block-columns has-2-columns is-layout-flex wp-container-6\">\n<div class=\"wp-block-column is-layout-flow\">\n<h3 class=\"wp-block-heading\"><a href=\"https:\/\/nexpert.cat\/control-de-qualitat\/\">Control&nbsp;de&nbsp;qualitat<\/a><\/h3>\n\n\n\n<p>Les diverses necessitats en el control de qualitat requereixen sistemes de control especialitzats. A Nexpert, li oferim les solucions que necessita.<\/p>\n\n\n\n<p>Disposem d\u2019aplicacions de <strong>visi\u00f3 artificial<\/strong>, sistemes de mesurament, pesatge est\u00e0tic i din\u00e0mic, entre altres.<\/p>\n<\/div>\n\n\n\n<div class=\"wp-block-column is-layout-flow\">\n<div id=\"metaslider-id-248\" style=\"width: 100%;\" class=\"ml-slider-3-107-0 metaslider metaslider-flex metaslider-248 ml-slider ms-theme-default nav-hidden nav-hidden\" role=\"region\" aria-label=\"Control Qualitat\" data-height=\"350\" data-width=\"700\">\n    <div id=\"metaslider_container_248\">\n        <div id=\"metaslider_248\">\n            <ul class='slides'>\n                <li style=\"display: block; width: 100%;\" class=\"slide-252 ms-image \" aria-roledescription=\"slide\" data-date=\"2019-01-31 12:08:03\" data-filename=\"F270_Vision_Sensor_250_x_250-600x300.jpg\" data-slide-type=\"image\"><img src=\"https:\/\/nexpert.cat\/wp-content\/uploads\/2019\/01\/F270_Vision_Sensor_250_x_250-600x300.jpg\" height=\"350\" width=\"700\" alt=\"\" class=\"slider-248 slide-252 msDefaultImage\" title=\"F270_Vision_Sensor_(250_x_250)\" \/><\/li>\n                <li style=\"display: none; width: 100%;\" class=\"slide-253 ms-image \" aria-roledescription=\"slide\" data-date=\"2019-01-31 12:08:03\" data-filename=\"CIMG0699-450x225.jpg\" data-slide-type=\"image\"><img src=\"https:\/\/nexpert.cat\/wp-content\/uploads\/2019\/01\/CIMG0699-450x225.jpg\" height=\"350\" width=\"700\" alt=\"\" class=\"slider-248 slide-253 msDefaultImage\" title=\"CIMG0699\" \/><\/li>\n                <li style=\"display: none; width: 100%;\" class=\"slide-254 ms-image \" aria-roledescription=\"slide\" data-date=\"2019-01-31 12:08:03\" data-filename=\"vision_inside_1-450x225.jpg\" data-slide-type=\"image\"><img src=\"https:\/\/nexpert.cat\/wp-content\/uploads\/2019\/01\/vision_inside_1-450x225.jpg\" height=\"350\" width=\"700\" alt=\"\" class=\"slider-248 slide-254 msDefaultImage\" title=\"vision_inside_1\" \/><\/li>\n            <\/ul>\n        <\/div>\n        \n    <\/div>\n<\/div>\n<\/div>\n<\/div>\n\n\n\n<a name=\"oficina-tecnica\"><\/a>\n\n\n\n<ul class=\"menu submenu-servei\"><li><a href=\"\/serveis\/visio-artificial\/\">VISI\u00d3 ARTIFICIAL<\/a><\/li><li><a href=\"\/serveis\/sistemes-de-medicio\/\">SISTEMES DE MEDICI\u00d3<\/a><\/li><li><a href=\"\/serveis\/pesatge-estatic-dinamic\/\">PESATGE EST\u00c0TIC I DIN\u00c0MIC<\/a><\/li><\/ul>\n\n\n\n<hr class=\"wp-block-separator has-css-opacity\"\/>\n\n\n\n<div class=\"wp-block-columns has-2-columns is-layout-flex wp-container-9\">\n<div class=\"wp-block-column is-layout-flow\">\n<h3 class=\"wp-block-heading\"><a href=\"https:\/\/nexpert.cat\/ca\/oficina-tecnica\/\">Oficina\u00a0t\u00e8cnica<\/a><\/h3>\n\n\n\n<p>La nostra oficina t\u00e8cnica est\u00e0 formada per especialistes amb una \u00e0mplia experi\u00e8ncia en tots els aspectes de les <strong>tecnologies d&#8217;automatitzaci\u00f3<\/strong>.<\/p>\n\n\n\n<p>Desenvolupem totes les fases del disseny d&#8217;un projecte, des del dibuix d&#8217;esquemes el\u00e8ctrics, la programaci\u00f3 de PLC, el disseny d&#8217;interf\u00edcies home-m\u00e0quina com pantalles t\u00e0ctils i displays, fins al disseny i la programaci\u00f3 de sistemes SCADA per al control, gesti\u00f3 i monitoritzaci\u00f3 de l\u00ednies de producci\u00f3 completes. Tamb\u00e9 treballem en projectes de rob\u00f2tica, visi\u00f3 artificial, sistemes de tra\u00e7abilitat i investigaci\u00f3 I+D+i.<\/p>\n<\/div>\n\n\n\n<div class=\"wp-block-column is-layout-flow\">\n<div id=\"metaslider-id-260\" style=\"width: 100%;\" class=\"ml-slider-3-107-0 metaslider metaslider-flex metaslider-260 ml-slider ms-theme-default nav-hidden nav-hidden nav-hidden\" role=\"region\" aria-label=\"Oficina T\u00e9cnica\" data-height=\"350\" data-width=\"700\">\n    <div id=\"metaslider_container_260\">\n        <div id=\"metaslider_260\">\n            <ul class='slides'>\n                <li style=\"display: block; width: 100%;\" class=\"slide-267 ms-image \" aria-roledescription=\"slide\" data-date=\"2019-01-31 12:27:38\" data-filename=\"CAVAPALET7000M1-700x350.jpg\" data-slide-type=\"image\"><img src=\"https:\/\/nexpert.cat\/wp-content\/uploads\/2019\/01\/CAVAPALET7000M1-700x350.jpg\" height=\"350\" width=\"700\" alt=\"\" class=\"slider-260 slide-267 msDefaultImage\" title=\"CAVAPALET7000\" \/><\/li>\n                <li style=\"display: none; width: 100%;\" class=\"slide-268 ms-image \" aria-roledescription=\"slide\" data-date=\"2019-01-31 12:27:38\" data-filename=\"CADKitViewer-screen13-700x350.jpg\" data-slide-type=\"image\"><img src=\"https:\/\/nexpert.cat\/wp-content\/uploads\/2019\/01\/CADKitViewer-screen13-700x350.jpg\" height=\"350\" width=\"700\" alt=\"\" class=\"slider-260 slide-268 msDefaultImage\" title=\"CADKitViewer-screen13\" \/><\/li>\n                <li style=\"display: none; width: 100%;\" class=\"slide-269 ms-image \" aria-roledescription=\"slide\" data-date=\"2019-01-31 12:27:38\" data-filename=\"interface-home-m\u00e0quina-PANTALLES-700x350.jpg\" data-slide-type=\"image\"><img src=\"https:\/\/nexpert.cat\/wp-content\/uploads\/2019\/01\/interface-home-m\u00e0quina-PANTALLES-700x350.jpg\" height=\"350\" width=\"700\" alt=\"\" class=\"slider-260 slide-269 msDefaultImage\" title=\"interface home-m\u00e0quina PANTALLES\" \/><\/li>\n                <li style=\"display: none; width: 100%;\" class=\"slide-270 ms-image \" aria-roledescription=\"slide\" data-date=\"2019-01-31 12:27:38\" data-filename=\"programa-PLC-700x350.jpg\" data-slide-type=\"image\"><img src=\"https:\/\/nexpert.cat\/wp-content\/uploads\/2019\/01\/programa-PLC-700x350.jpg\" height=\"350\" width=\"700\" alt=\"\" class=\"slider-260 slide-270 msDefaultImage\" title=\"programa PLC\" \/><\/li>\n                <li style=\"display: none; width: 100%;\" class=\"slide-271 ms-image \" aria-roledescription=\"slide\" data-date=\"2019-01-31 12:27:38\" data-filename=\"SCADA-2-477x238.jpg\" data-slide-type=\"image\"><img src=\"https:\/\/nexpert.cat\/wp-content\/uploads\/2019\/01\/SCADA-2-477x238.jpg\" height=\"350\" width=\"700\" alt=\"\" class=\"slider-260 slide-271 msDefaultImage\" title=\"SCADA 2\" \/><\/li>\n                <li style=\"display: none; width: 100%;\" class=\"slide-272 ms-image \" aria-roledescription=\"slide\" data-date=\"2019-01-31 12:27:38\" data-filename=\"tra\u00e7abilitat-700x350.jpg\" data-slide-type=\"image\"><img src=\"https:\/\/nexpert.cat\/wp-content\/uploads\/2019\/01\/tra\u00e7abilitat-700x350.jpg\" height=\"350\" width=\"700\" alt=\"\" class=\"slider-260 slide-272 msDefaultImage\" title=\"tra\u00e7abilitat\" \/><\/li>\n            <\/ul>\n        <\/div>\n        \n    <\/div>\n<\/div>\n\n\n\n<div style=\"height:30px\" aria-hidden=\"true\" class=\"wp-block-spacer\"><\/div>\n\n\n\n<p>Disposem d\u2019un ampli espai per atendre els nostres clients i dur a terme c\u00f2modament tots els passos conjunts que pot requerir el disseny dels projectes.<\/p>\n<\/div>\n<\/div>\n\n\n\n<a name=\"quadres-electrics\"><\/a>\n\n\n\n<ul class=\"menu submenu-servei\"><li><a href=\"\/serveis\/disseny-de-projectes\/\">DISSENY DE PROJECTES<\/a><\/li><li><a href=\"\/serveis\/programacio-de-plcs\/\">PROGRAMACI\u00d3 DE PLC\u2019S<\/a><\/li><li><a href=\"\/serveis\/interficie-home-maquina\/\">INTERF\u00cdCIE HOME-M\u00c0QUINA<\/a><\/li><li><a href=\"\/serveis\/scada\/\">SCADA<\/a><\/li><li><a href=\"\/serveis\/tracabilitat\/\">TRA\u00c7ABILITAT<\/a><\/li><\/ul>\n\n\n\n<hr class=\"wp-block-separator has-css-opacity\"\/>\n\n\n\n<div class=\"wp-block-columns has-2-columns is-layout-flex wp-container-12\">\n<div class=\"wp-block-column is-layout-flow\">\n<h3 class=\"wp-block-heading\"><a href=\"https:\/\/nexpert.cat\/quadres-electrics\/\">Quadres\u00a0el\u00e8ctrics<\/a><\/h3>\n\n\n\n<p>Disseny i muntatge de quadres el\u00e8ctrics de pot\u00e8ncia, distribuci\u00f3, control i dom\u00f2tica, entre d&#8217;altres.<\/p>\n\n\n\n<ul class=\"submenu-servei\">\n<li><a href=\"https:\/\/nexpert.cat\/serveis\/potencia-i-distribucio\/\">POT\u00c8NCIA I DISTRIBUCI\u00d3<\/a><\/li>\n\n\n\n<li><a href=\"https:\/\/nexpert.cat\/serveis\/control-industrial\/\">CONTROL INDUSTRIAL<\/a><\/li>\n<\/ul>\n<\/div>\n\n\n\n<div class=\"wp-block-column is-layout-flow\">\n<figure class=\"wp-block-image size-large\"><img decoding=\"async\" loading=\"lazy\" width=\"496\" height=\"716\" src=\"https:\/\/nexpert.cat\/wp-content\/uploads\/2019\/12\/Quadres-el\u00e8ctrics-2.png\" alt=\"\" class=\"wp-image-1127\" srcset=\"https:\/\/nexpert.cat\/wp-content\/uploads\/2019\/12\/Quadres-el\u00e8ctrics-2.png 496w, https:\/\/nexpert.cat\/wp-content\/uploads\/2019\/12\/Quadres-el\u00e8ctrics-2-208x300.png 208w\" sizes=\"(max-width: 639px) 98vw, (max-width: 1199px) 64vw, 496px\" \/><\/figure>\n<\/div>\n<\/div>\n\n\n\n<a name=\"muntatges-electrics\"><\/a>\n\n\n\n<hr class=\"wp-block-separator has-css-opacity\"\/>\n\n\n\n<div class=\"wp-block-columns has-2-columns is-layout-flex wp-container-15\">\n<div class=\"wp-block-column is-layout-flow\">\n<h3 class=\"wp-block-heading\"><a href=\"https:\/\/nexpert.cat\/muntatges-electrics\/\">Muntatges\u00a0el\u00e8ctrics<\/a><\/h3>\n\n\n\n<p>Instal\u00b7laci\u00f3 d\u2019acometides, enllumenat, xarxa i pot\u00e8ncia de naus industrials, integraci\u00f3 i automatitzaci\u00f3 de maquin\u00e0ria, entre d\u2019altres.<\/p>\n\n\n\n<ul class=\"menu vertical submenu-servei\">\n<li><a href=\"\/serveis\/naus-industrials\/\">NAUS INDUSTRIALS<\/a><\/li>\n\n\n\n<li><a href=\"\/serveis\/integracio-de-maquinaria\/\">INTEGRACI\u00d3 DE MAQUIN\u00c0RIA<\/a><\/li>\n<\/ul>\n<\/div>\n\n\n\n<div class=\"wp-block-column is-layout-flow\">\n<figure class=\"wp-block-image size-large\"><img decoding=\"async\" loading=\"lazy\" width=\"444\" height=\"400\" src=\"https:\/\/nexpert.cat\/wp-content\/uploads\/2019\/12\/Muntatges-el\u00e8ctrics-1.png\" alt=\"\" class=\"wp-image-1120\" srcset=\"https:\/\/nexpert.cat\/wp-content\/uploads\/2019\/12\/Muntatges-el\u00e8ctrics-1.png 444w, https:\/\/nexpert.cat\/wp-content\/uploads\/2019\/12\/Muntatges-el\u00e8ctrics-1-300x270.png 300w\" sizes=\"(max-width: 639px) 98vw, (max-width: 1199px) 64vw, 444px\" \/><\/figure>\n<\/div>\n<\/div>\n\n\n\n<a name=\"automatitizacio-industrial\"><\/a>\n\n\n\n<hr class=\"wp-block-separator has-css-opacity\"\/>\n\n\n\n<div class=\"wp-block-columns has-2-columns is-layout-flex wp-container-18\">\n<div class=\"wp-block-column is-layout-flow\">\n<h3 class=\"wp-block-heading\"><a href=\"https:\/\/nexpert.cat\/ca\/automatitzacio-industrial\/\">Automatitzaci\u00f3 Industrial<\/a><\/h3>\n\n\n\n<p>L\u2019automatitzaci\u00f3 juga un paper cada vegada m\u00e9s important en l\u2019economia mundial i en l\u2019experi\u00e8ncia di\u00e0ria. Disposant de les tecnologies necess\u00e0ries, juntament amb m\u00e0quines controladores i processos industrials, les empreses poden ser m\u00e9s competitives i, al mateix temps, continuar creixent i apostant per la innovaci\u00f3.<\/p>\n<\/div>\n\n\n\n<div class=\"wp-block-column is-layout-flow\">\n<figure class=\"wp-block-image size-large\"><img decoding=\"async\" loading=\"lazy\" width=\"1024\" height=\"685\" src=\"https:\/\/nexpert.cat\/wp-content\/uploads\/2019\/12\/Automatitzaci\u00f3-industrial-1024x685.jpg\" alt=\"\" class=\"wp-image-1039\" srcset=\"https:\/\/nexpert.cat\/wp-content\/uploads\/2019\/12\/Automatitzaci\u00f3-industrial-1024x685.jpg 1024w, https:\/\/nexpert.cat\/wp-content\/uploads\/2019\/12\/Automatitzaci\u00f3-industrial-300x201.jpg 300w, https:\/\/nexpert.cat\/wp-content\/uploads\/2019\/12\/Automatitzaci\u00f3-industrial-768x514.jpg 768w, https:\/\/nexpert.cat\/wp-content\/uploads\/2019\/12\/Automatitzaci\u00f3-industrial-1536x1028.jpg 1536w, https:\/\/nexpert.cat\/wp-content\/uploads\/2019\/12\/Automatitzaci\u00f3-industrial-2048x1371.jpg 2048w, https:\/\/nexpert.cat\/wp-content\/uploads\/2019\/12\/Automatitzaci\u00f3-industrial-640x428.jpg 640w, https:\/\/nexpert.cat\/wp-content\/uploads\/2019\/12\/Automatitzaci\u00f3-industrial-1200x803.jpg 1200w, https:\/\/nexpert.cat\/wp-content\/uploads\/2019\/12\/Automatitzaci\u00f3-industrial-1920x1285.jpg 1920w\" sizes=\"(max-width: 639px) 98vw, (max-width: 1199px) 64vw, 770px\" \/><\/figure>\n<\/div>\n<\/div>\n\n\n\n<a name=\"formacio\"><\/a>\n\n\n\n<p><\/p>\n\n\n\n<hr class=\"wp-block-separator has-css-opacity\"\/>\n\n\n\n<div class=\"wp-block-columns has-2-columns is-layout-flex wp-container-21\">\n<div class=\"wp-block-column is-layout-flow\">\n<h3 class=\"wp-block-heading\"><a href=\"https:\/\/nexpert.cat\/ca\/serveis\/formacio\/\">Formaci\u00f3<\/a><\/h3>\n\n\n\n<p>Cursos de formaci\u00f3 per a realitzar tasques de programaci\u00f3 d\u2019aut\u00f2mats, variadors de freq\u00fc\u00e8ncia, visi\u00f3 artificial, etc.<\/p>\n\n\n\n<p>Oferim als nostres clients <strong>programes de formaci\u00f3 <\/strong>amb les tecnologies que implantem, impartits pels nostres t\u00e8cnics o b\u00e9 amb el suport de professionals d\u2019Omron en els diversos aspectes amb els quals treballem: aut\u00f2mats programables, visi\u00f3 artificial, variadors, etc.<\/p>\n\n\n\n<div class=\"wp-block-button\">\n<br><br>\n<a class=\"wp-block-button__link\" href=\"\/serveis\/formacio\">M\u00e9s sobre Formaci\u00f3<\/a><\/div>\n<\/div>\n\n\n\n<div class=\"wp-block-column is-layout-flow\">\n<figure class=\"wp-block-image size-large\"><img decoding=\"async\" loading=\"lazy\" width=\"800\" height=\"408\" src=\"https:\/\/nexpert.cat\/wp-content\/uploads\/2019\/12\/formacio_opt-1.jpg\" alt=\"\" class=\"wp-image-1122\" srcset=\"https:\/\/nexpert.cat\/wp-content\/uploads\/2019\/12\/formacio_opt-1.jpg 800w, https:\/\/nexpert.cat\/wp-content\/uploads\/2019\/12\/formacio_opt-1-300x153.jpg 300w, https:\/\/nexpert.cat\/wp-content\/uploads\/2019\/12\/formacio_opt-1-768x392.jpg 768w, https:\/\/nexpert.cat\/wp-content\/uploads\/2019\/12\/formacio_opt-1-640x326.jpg 640w\" sizes=\"(max-width: 639px) 98vw, (max-width: 1199px) 64vw, 770px\" \/><\/figure>\n\n\n\n<p>Disposem d\u2019una aula de formaci\u00f3 amb tots els equipaments necessaris: maletes de demostracions, projectors, ordinadors, etc.<\/p>\n<\/div>\n<\/div>\n","protected":false},"excerpt":{"rendered":"<p>A Nexpert oferim tot tipus de solucions d\u2019enginyeria, automatitzaci\u00f3 i rob\u00f2tica.El nostre equip de professionals estudia les noves tend\u00e8ncies i la tecnologia m\u00e9s avan\u00e7ada per oferir un servei actualitzat i adaptat a cada client. Rob\u00f2tica&nbsp;Industrial Realitzem projectes de robotitzaci\u00f3 clau en m\u00e0, abastant totes les fases del proc\u00e9s: des de la instal\u00b7laci\u00f3 del robot i [&hellip;]<\/p>\n","protected":false},"author":1,"featured_media":0,"parent":0,"menu_order":0,"comment_status":"closed","ping_status":"closed","template":"page-templates\/serveis.php","meta":[],"aioseo_notices":[],"_links":{"self":[{"href":"https:\/\/nexpert.cat\/ca\/wp-json\/wp\/v2\/pages\/37"}],"collection":[{"href":"https:\/\/nexpert.cat\/ca\/wp-json\/wp\/v2\/pages"}],"about":[{"href":"https:\/\/nexpert.cat\/ca\/wp-json\/wp\/v2\/types\/page"}],"author":[{"embeddable":true,"href":"https:\/\/nexpert.cat\/ca\/wp-json\/wp\/v2\/users\/1"}],"replies":[{"embeddable":true,"href":"https:\/\/nexpert.cat\/ca\/wp-json\/wp\/v2\/comments?post=37"}],"version-history":[{"count":171,"href":"https:\/\/nexpert.cat\/ca\/wp-json\/wp\/v2\/pages\/37\/revisions"}],"predecessor-version":[{"id":1415,"href":"https:\/\/nexpert.cat\/ca\/wp-json\/wp\/v2\/pages\/37\/revisions\/1415"}],"wp:attachment":[{"href":"https:\/\/nexpert.cat\/ca\/wp-json\/wp\/v2\/media?parent=37"}],"curies":[{"name":"wp","href":"https:\/\/api.w.org\/{rel}","templated":true}]}}