{"id":367,"date":"2019-04-01T17:06:10","date_gmt":"2019-04-01T15:06:10","guid":{"rendered":"http:\/\/nexpert.cat\/?page_id=367"},"modified":"2024-08-09T11:27:38","modified_gmt":"2024-08-09T09:27:38","slug":"sistemes-de-medicio","status":"publish","type":"page","link":"https:\/\/nexpert.cat\/ca\/serveis\/sistemes-de-medicio\/","title":{"rendered":"Sistemes de medici\u00f3"},"content":{"rendered":"\n<div id=\"metaslider-id-369\" style=\"width: 100%;\" class=\"ml-slider-3-107-0 metaslider metaslider-flex metaslider-369 ml-slider ms-theme-default nav-hidden\" role=\"region\" aria-label=\"sistemes-medicio\" data-height=\"400\" data-width=\"700\">\n    <div id=\"metaslider_container_369\">\n        <div id=\"metaslider_369\">\n            <ul class='slides'>\n                <li style=\"display: block; width: 100%;\" class=\"slide-374 ms-image \" aria-roledescription=\"slide\" data-date=\"2019-04-01 17:06:59\" data-filename=\"medicio1-700x400.jpg\" data-slide-type=\"image\"><img src=\"https:\/\/nexpert.cat\/wp-content\/uploads\/2019\/04\/medicio1-700x400.jpg\" height=\"400\" width=\"700\" alt=\"\" class=\"slider-369 slide-374 msDefaultImage\" title=\"medicio1\" \/><\/li>\n                <li style=\"display: none; width: 100%;\" class=\"slide-375 ms-image \" aria-roledescription=\"slide\" data-date=\"2019-04-01 17:06:59\" data-filename=\"medicio2-700x400.jpg\" data-slide-type=\"image\"><img src=\"https:\/\/nexpert.cat\/wp-content\/uploads\/2019\/04\/medicio2-700x400.jpg\" height=\"400\" width=\"700\" alt=\"\" class=\"slider-369 slide-375 msDefaultImage\" title=\"medicio2\" \/><\/li>\n                <li style=\"display: none; width: 100%;\" class=\"slide-376 ms-image \" aria-roledescription=\"slide\" data-date=\"2019-04-01 17:06:59\" data-filename=\"medicio3-700x400.jpg\" data-slide-type=\"image\"><img src=\"https:\/\/nexpert.cat\/wp-content\/uploads\/2019\/04\/medicio3-700x400.jpg\" height=\"400\" width=\"700\" alt=\"\" class=\"slider-369 slide-376 msDefaultImage\" title=\"medicio3\" \/><\/li>\n                <li style=\"display: none; width: 100%;\" class=\"slide-377 ms-image \" aria-roledescription=\"slide\" data-date=\"2019-04-01 17:06:59\" data-filename=\"medicio42-700x400.jpg\" data-slide-type=\"image\"><img src=\"https:\/\/nexpert.cat\/wp-content\/uploads\/2019\/04\/medicio42-700x400.jpg\" height=\"400\" width=\"700\" alt=\"\" class=\"slider-369 slide-377 msDefaultImage\" title=\"medicio42\" \/><\/li>\n            <\/ul>\n        <\/div>\n        \n    <\/div>\n<\/div>\n\n\n\n<div style=\"height:40px\" aria-hidden=\"true\" class=\"wp-block-spacer\"><\/div>\n\n\n\n<p>Utilitzem tecnologia d\u2019\u00faltima generaci\u00f3 per a aplicacions que requereixen alta velocitat i precisi\u00f3. Amb els sistemes de medici\u00f3 m\u00e9s avan\u00e7ats, podem realitzar inspeccions detallades de perfils, curvatures, di\u00e0metres, gruixos i dist\u00e0ncies amb una precisi\u00f3 excepcional, fins i tot amb els objectes en moviment.<\/p>\n\n\n\n<p><strong>Exemples d\u2019aplicacions:<\/strong><\/p>\n\n\n\n<ul>\n<li><strong>Comprovaci\u00f3 del correcte posicionament d\u2019objectes:<\/strong> Garantim que els objectes estiguin situats exactament on es necessiten, minimitzant errors de posicionament.<\/li>\n\n\n\n<li><strong>Mesura de dist\u00e0ncies i gruixos en qualsevol material:<\/strong> Ofereix informaci\u00f3 precisa sobre les dimensions dels materials utilitzats en els processos productius.<\/li>\n\n\n\n<li><strong>Control de curvatura en qualsevol tipus de superf\u00edcie:<\/strong> Permet verificar que les superf\u00edcies corbes compleixin amb les especificacions requerides.<\/li>\n\n\n\n<li><strong>Control de dist\u00e0ncies i formes amb alta precisi\u00f3 mitjan\u00e7ant medici\u00f3 l\u00e0ser:<\/strong> Utilitzem tecnologies l\u00e0ser per obtenir mesures extremadament precises de dist\u00e0ncies i formes.<\/li>\n<\/ul>\n\n\n\n<p>Per obtenir m\u00e9s informaci\u00f3 o resoldre qualsevol dubte, no dubti a contactar amb nosaltres o consultar el <a href=\"https:\/\/industrial.omron.es\/es\/products\" title=\"cat\u00e0leg\">cat\u00e0leg<\/a> de sensors Omron.<\/p>\n","protected":false},"excerpt":{"rendered":"<p>Utilitzem tecnologia d\u2019\u00faltima generaci\u00f3 per a aplicacions que requereixen alta velocitat i precisi\u00f3. Amb els sistemes de medici\u00f3 m\u00e9s avan\u00e7ats, podem realitzar inspeccions detallades de perfils, curvatures, di\u00e0metres, gruixos i dist\u00e0ncies amb una precisi\u00f3 excepcional, fins i tot amb els objectes en moviment. Exemples d\u2019aplicacions: Per obtenir m\u00e9s informaci\u00f3 o resoldre qualsevol dubte, no dubti [&hellip;]<\/p>\n","protected":false},"author":1,"featured_media":0,"parent":37,"menu_order":0,"comment_status":"closed","ping_status":"closed","template":"","meta":[],"aioseo_notices":[],"_links":{"self":[{"href":"https:\/\/nexpert.cat\/ca\/wp-json\/wp\/v2\/pages\/367"}],"collection":[{"href":"https:\/\/nexpert.cat\/ca\/wp-json\/wp\/v2\/pages"}],"about":[{"href":"https:\/\/nexpert.cat\/ca\/wp-json\/wp\/v2\/types\/page"}],"author":[{"embeddable":true,"href":"https:\/\/nexpert.cat\/ca\/wp-json\/wp\/v2\/users\/1"}],"replies":[{"embeddable":true,"href":"https:\/\/nexpert.cat\/ca\/wp-json\/wp\/v2\/comments?post=367"}],"version-history":[{"count":5,"href":"https:\/\/nexpert.cat\/ca\/wp-json\/wp\/v2\/pages\/367\/revisions"}],"predecessor-version":[{"id":1393,"href":"https:\/\/nexpert.cat\/ca\/wp-json\/wp\/v2\/pages\/367\/revisions\/1393"}],"up":[{"embeddable":true,"href":"https:\/\/nexpert.cat\/ca\/wp-json\/wp\/v2\/pages\/37"}],"wp:attachment":[{"href":"https:\/\/nexpert.cat\/ca\/wp-json\/wp\/v2\/media?parent=367"}],"curies":[{"name":"wp","href":"https:\/\/api.w.org\/{rel}","templated":true}]}}