{"id":363,"date":"2019-04-01T17:02:31","date_gmt":"2019-04-01T15:02:31","guid":{"rendered":"http:\/\/nexpert.cat\/?page_id=363"},"modified":"2024-08-09T10:51:59","modified_gmt":"2024-08-09T08:51:59","slug":"pesatge-estatic-dinamic","status":"publish","type":"page","link":"https:\/\/nexpert.cat\/ca\/serveis\/pesatge-estatic-dinamic\/","title":{"rendered":"Pesatge est\u00e0tic\/din\u00e0mic"},"content":{"rendered":"\n<p>Confii en que el seu producte sigui expedit de manera correcta o classifiqui\u2019l en funci\u00f3 del seu pes.<\/p>\n\n\n\n<p>Oferim solucions de pesatge tant est\u00e0tic com din\u00e0mic per a una \u00e0mplia gamma d&#8217;aplicacions, incloent productes, caixes, dip\u00f2sits o premses.<\/p>\n\n\n\n<ul class=\"aplicacions-list\">\n<li>Control de premses en bodegues i caves.<\/li>\n\n\n\n<li>Control de processos de fabricaci\u00f3 i <em>packaging<\/em>.<\/li>\n\n\n\n<li>Classificaci\u00f3 de productes en funci\u00f3 del pes.<\/li>\n\n\n\n<li>Pesatge i control d\u2019ompliment i buidatge de dip\u00f2sits i sitges.<\/li>\n<\/ul>\n\n\n\n<p><\/p>\n","protected":false},"excerpt":{"rendered":"<p>Confii en que el seu producte sigui expedit de manera correcta o classifiqui\u2019l en funci\u00f3 del seu pes. Oferim solucions de pesatge tant est\u00e0tic com din\u00e0mic per a una \u00e0mplia gamma d&#8217;aplicacions, incloent productes, caixes, dip\u00f2sits o premses.<\/p>\n","protected":false},"author":1,"featured_media":0,"parent":37,"menu_order":0,"comment_status":"closed","ping_status":"closed","template":"","meta":[],"aioseo_notices":[],"_links":{"self":[{"href":"https:\/\/nexpert.cat\/ca\/wp-json\/wp\/v2\/pages\/363"}],"collection":[{"href":"https:\/\/nexpert.cat\/ca\/wp-json\/wp\/v2\/pages"}],"about":[{"href":"https:\/\/nexpert.cat\/ca\/wp-json\/wp\/v2\/types\/page"}],"author":[{"embeddable":true,"href":"https:\/\/nexpert.cat\/ca\/wp-json\/wp\/v2\/users\/1"}],"replies":[{"embeddable":true,"href":"https:\/\/nexpert.cat\/ca\/wp-json\/wp\/v2\/comments?post=363"}],"version-history":[{"count":3,"href":"https:\/\/nexpert.cat\/ca\/wp-json\/wp\/v2\/pages\/363\/revisions"}],"predecessor-version":[{"id":1374,"href":"https:\/\/nexpert.cat\/ca\/wp-json\/wp\/v2\/pages\/363\/revisions\/1374"}],"up":[{"embeddable":true,"href":"https:\/\/nexpert.cat\/ca\/wp-json\/wp\/v2\/pages\/37"}],"wp:attachment":[{"href":"https:\/\/nexpert.cat\/ca\/wp-json\/wp\/v2\/media?parent=363"}],"curies":[{"name":"wp","href":"https:\/\/api.w.org\/{rel}","templated":true}]}}