{"id":350,"date":"2019-04-01T16:55:57","date_gmt":"2019-04-01T14:55:57","guid":{"rendered":"http:\/\/nexpert.cat\/?page_id=350"},"modified":"2024-08-09T11:16:05","modified_gmt":"2024-08-09T09:16:05","slug":"paletitzat","status":"publish","type":"page","link":"https:\/\/nexpert.cat\/ca\/serveis\/robotica-industrial\/paletitzat\/","title":{"rendered":"Paletitzat"},"content":{"rendered":"\n<div id=\"metaslider-id-351\" style=\"width: 100%;\" class=\"ml-slider-3-107-0 metaslider metaslider-flex metaslider-351 ml-slider ms-theme-default nav-hidden\" role=\"region\" aria-label=\"robotica-paletitzat\" data-height=\"400\" data-width=\"700\">\n    <div id=\"metaslider_container_351\">\n        <div id=\"metaslider_351\">\n            <ul class='slides'>\n                <li style=\"display: block; width: 100%;\" class=\"slide-355 ms-image \" aria-roledescription=\"slide\" data-date=\"2019-04-01 16:55:06\" data-filename=\"paletitzat1-600x375-600x342.jpg\" data-slide-type=\"image\"><img src=\"https:\/\/nexpert.cat\/wp-content\/uploads\/2019\/04\/paletitzat1-600x375-600x342.jpg\" height=\"400\" width=\"700\" alt=\"\" class=\"slider-351 slide-355 msDefaultImage\" title=\"paletitzat1-600x375\" \/><\/li>\n                <li style=\"display: none; width: 100%;\" class=\"slide-356 ms-image \" aria-roledescription=\"slide\" data-date=\"2019-04-01 16:55:06\" data-filename=\"paletitzat2-600x375-600x342.jpg\" data-slide-type=\"image\"><img src=\"https:\/\/nexpert.cat\/wp-content\/uploads\/2019\/04\/paletitzat2-600x375-600x342.jpg\" height=\"400\" width=\"700\" alt=\"\" class=\"slider-351 slide-356 msDefaultImage\" title=\"paletitzat2-600x375\" \/><\/li>\n                <li style=\"display: none; width: 100%;\" class=\"slide-357 ms-image \" aria-roledescription=\"slide\" data-date=\"2019-04-01 16:55:06\" data-filename=\"paletitzat3-600x375-600x342.jpg\" data-slide-type=\"image\"><img src=\"https:\/\/nexpert.cat\/wp-content\/uploads\/2019\/04\/paletitzat3-600x375-600x342.jpg\" height=\"400\" width=\"700\" alt=\"\" class=\"slider-351 slide-357 msDefaultImage\" title=\"paletitzat3-600x375\" \/><\/li>\n            <\/ul>\n        <\/div>\n        \n    <\/div>\n<\/div>\n\n\n\n<div style=\"height:40px\" aria-hidden=\"true\" class=\"wp-block-spacer\"><\/div>\n\n\n\n<p>La gran varietat de models de robots disponibles permet la paletitzaci\u00f3 de tota mena de productes i caixes. La flexibilitat inherent a la rob\u00f2tica facilita l\u2019adaptaci\u00f3 a canvis en el format de les caixes o en els patrons de paletitzat.<\/p>\n\n\n\n<p>Oferim solucions vers\u00e0tils, que inclouen tant el paletitzat d\u2019un mosaic complet com la formaci\u00f3 del mosaic per unitats mitjan\u00e7ant robots. Aquesta adaptabilitat garanteix que les nostres aplicacions de paletitzaci\u00f3 puguin ajustar-se f\u00e0cilment a les necessitats espec\u00edfiques de cada client.<\/p>\n\n\n\n<p>Caracter\u00edstiques:<\/p>\n\n\n\n<ul>\n<li>Dimensions del robot en funci\u00f3 de les caracter\u00edstiques del producte.<\/li>\n\n\n\n<li>Gran flexibilitat per a diferents tipus de mosaics.<\/li>\n\n\n\n<li>Possibilitat de tra\u00e7ar traject\u00f2ries din\u00e0miques mitjan\u00e7ant visi\u00f3 artificial.<\/li>\n\n\n\n<li>Control de la instal\u00b7laci\u00f3 mitjan\u00e7ant una pantalla t\u00e0ctil.<\/li>\n<\/ul>\n\n\n\n<p>Aplicacions:<\/p>\n\n\n\n<ul class=\"aplicacions-list\">\n<li>Paletitzat de caixes de tot tipus.<\/li>\n\n\n\n<li>Paletitzat de productes: sacs, ampolles, etc.<\/li>\n<\/ul>\n","protected":false},"excerpt":{"rendered":"<p>La gran varietat de models de robots disponibles permet la paletitzaci\u00f3 de tota mena de productes i caixes. La flexibilitat inherent a la rob\u00f2tica facilita l\u2019adaptaci\u00f3 a canvis en el format de les caixes o en els patrons de paletitzat. Oferim solucions vers\u00e0tils, que inclouen tant el paletitzat d\u2019un mosaic complet com la formaci\u00f3 del [&hellip;]<\/p>\n","protected":false},"author":1,"featured_media":0,"parent":318,"menu_order":0,"comment_status":"closed","ping_status":"closed","template":"","meta":[],"aioseo_notices":[],"_links":{"self":[{"href":"https:\/\/nexpert.cat\/ca\/wp-json\/wp\/v2\/pages\/350"}],"collection":[{"href":"https:\/\/nexpert.cat\/ca\/wp-json\/wp\/v2\/pages"}],"about":[{"href":"https:\/\/nexpert.cat\/ca\/wp-json\/wp\/v2\/types\/page"}],"author":[{"embeddable":true,"href":"https:\/\/nexpert.cat\/ca\/wp-json\/wp\/v2\/users\/1"}],"replies":[{"embeddable":true,"href":"https:\/\/nexpert.cat\/ca\/wp-json\/wp\/v2\/comments?post=350"}],"version-history":[{"count":4,"href":"https:\/\/nexpert.cat\/ca\/wp-json\/wp\/v2\/pages\/350\/revisions"}],"predecessor-version":[{"id":1388,"href":"https:\/\/nexpert.cat\/ca\/wp-json\/wp\/v2\/pages\/350\/revisions\/1388"}],"up":[{"embeddable":true,"href":"https:\/\/nexpert.cat\/ca\/wp-json\/wp\/v2\/pages\/318"}],"wp:attachment":[{"href":"https:\/\/nexpert.cat\/ca\/wp-json\/wp\/v2\/media?parent=350"}],"curies":[{"name":"wp","href":"https:\/\/api.w.org\/{rel}","templated":true}]}}