{"id":343,"date":"2019-04-01T16:49:42","date_gmt":"2019-04-01T14:49:42","guid":{"rendered":"http:\/\/nexpert.cat\/?page_id=343"},"modified":"2024-08-09T11:04:16","modified_gmt":"2024-08-09T09:04:16","slug":"despaletitzat","status":"publish","type":"page","link":"https:\/\/nexpert.cat\/ca\/serveis\/robotica-industrial\/despaletitzat\/","title":{"rendered":"Despaletitzat"},"content":{"rendered":"\n<figure class=\"wp-block-image\"><img decoding=\"async\" loading=\"lazy\" width=\"600\" height=\"374\" src=\"http:\/\/nexpert.cat\/wp-content\/uploads\/2019\/04\/sarral2-600x375.jpg\" alt=\"\" class=\"wp-image-346\" srcset=\"https:\/\/nexpert.cat\/wp-content\/uploads\/2019\/04\/sarral2-600x375.jpg 600w, https:\/\/nexpert.cat\/wp-content\/uploads\/2019\/04\/sarral2-600x375-300x187.jpg 300w\" sizes=\"(max-width: 639px) 98vw, (max-width: 1199px) 64vw, 600px\" \/><\/figure>\n\n\n\n<p>Aplicaci\u00f3 per despaletitzar palets d\u2019ampolles buides i carregar la l\u00ednia d\u2019embotellament. Aquest robot no nom\u00e9s realitza la tasca de retirar les ampolles de la paleta, sin\u00f3 que tamb\u00e9 separa les plaques interm\u00e8dies, apilant-les en un palet separat. A m\u00e9s, el sistema permet la possibilitat de retirar els palets buits, utilitzant el mateix robot per simplificar i optimitzar el proc\u00e9s log\u00edstic.<\/p>\n\n\n\n<p>Aplicacions:<\/p>\n\n\n\n<ul>\n<li>Despaletitzat d\u2019ampolles de cava, vi, aigua, i tot tipus de l\u00ednies d\u2019embotellat.<\/li>\n<\/ul>\n\n\n\n<p class=\"aplicacions-list\"><\/p>\n","protected":false},"excerpt":{"rendered":"<p>Aplicaci\u00f3 per despaletitzar palets d\u2019ampolles buides i carregar la l\u00ednia d\u2019embotellament. Aquest robot no nom\u00e9s realitza la tasca de retirar les ampolles de la paleta, sin\u00f3 que tamb\u00e9 separa les plaques interm\u00e8dies, apilant-les en un palet separat. A m\u00e9s, el sistema permet la possibilitat de retirar els palets buits, utilitzant el mateix robot per simplificar [&hellip;]<\/p>\n","protected":false},"author":1,"featured_media":0,"parent":318,"menu_order":0,"comment_status":"closed","ping_status":"closed","template":"","meta":[],"aioseo_notices":[],"_links":{"self":[{"href":"https:\/\/nexpert.cat\/ca\/wp-json\/wp\/v2\/pages\/343"}],"collection":[{"href":"https:\/\/nexpert.cat\/ca\/wp-json\/wp\/v2\/pages"}],"about":[{"href":"https:\/\/nexpert.cat\/ca\/wp-json\/wp\/v2\/types\/page"}],"author":[{"embeddable":true,"href":"https:\/\/nexpert.cat\/ca\/wp-json\/wp\/v2\/users\/1"}],"replies":[{"embeddable":true,"href":"https:\/\/nexpert.cat\/ca\/wp-json\/wp\/v2\/comments?post=343"}],"version-history":[{"count":3,"href":"https:\/\/nexpert.cat\/ca\/wp-json\/wp\/v2\/pages\/343\/revisions"}],"predecessor-version":[{"id":1385,"href":"https:\/\/nexpert.cat\/ca\/wp-json\/wp\/v2\/pages\/343\/revisions\/1385"}],"up":[{"embeddable":true,"href":"https:\/\/nexpert.cat\/ca\/wp-json\/wp\/v2\/pages\/318"}],"wp:attachment":[{"href":"https:\/\/nexpert.cat\/ca\/wp-json\/wp\/v2\/media?parent=343"}],"curies":[{"name":"wp","href":"https:\/\/api.w.org\/{rel}","templated":true}]}}