{"id":330,"date":"2019-04-01T13:53:01","date_gmt":"2019-04-01T11:53:01","guid":{"rendered":"http:\/\/nexpert.cat\/?page_id=330"},"modified":"2024-08-09T11:01:42","modified_gmt":"2024-08-09T09:01:42","slug":"aplicacions-especials","status":"publish","type":"page","link":"https:\/\/nexpert.cat\/ca\/serveis\/robotica-industrial\/aplicacions-especials\/","title":{"rendered":"Aplicacions especials"},"content":{"rendered":"\n<p>Cada tipus de producte necessita el seu propi proc\u00e9s de fabricaci\u00f3, i la flexibilitat que ofereix la rob\u00f2tica ens permet cobrir una \u00e0mplia gamma d&#8217;aplicacions de manera r\u00e0pida i fiable.<\/p>\n\n\n\n<h3 class=\"wp-block-heading\">Acabats personalitzats<\/h3>\n\n\n\n<p>En l&#8217;actualitat, moltes empreses busquen diferenciar-se de la compet\u00e8ncia mitjan\u00e7ant la fabricaci\u00f3 de productes amb acabats personalitzats. A vegades, els processos de fabricaci\u00f3 poden variar, exigint una soluci\u00f3 flexible i adaptable als canvis. Les aplicacions robotitzades s\u00f3n ideals per a aquestes situacions, ja que un mateix robot pot ser reconfigurat per realitzar m\u00faltiples tasques simplement canviant el cap\u00e7al. Aquesta capacitat de modificaci\u00f3 i ajust \u00e9s una de les nostres grans fortaleses.<\/p>\n\n\n\n<p><strong>Hi ha un robot per a cada aplicaci\u00f3<\/strong><\/p>\n\n\n\n<p>Disposem de solucions rob\u00f2tiques espec\u00edfiques per a cada necessitat, assegurant-nos de trobar el robot ideal per a la seva aplicaci\u00f3 particular.<\/p>\n\n\n\n<h3 class=\"wp-block-heading\">Exclusivitat<\/h3>\n\n\n\n<p>Si el client necessita una aplicaci\u00f3 \u00fanica per aconseguir un acabat del producte molt espec\u00edfic, garantim que no es realitzaran r\u00e8pliques d&#8217;aquesta aplicaci\u00f3, respectant aix\u00ed l&#8217;exclusivitat del seu projecte.<\/p>\n","protected":false},"excerpt":{"rendered":"<p>Cada tipus de producte necessita el seu propi proc\u00e9s de fabricaci\u00f3, i la flexibilitat que ofereix la rob\u00f2tica ens permet cobrir una \u00e0mplia gamma d&#8217;aplicacions de manera r\u00e0pida i fiable. Acabats personalitzats En l&#8217;actualitat, moltes empreses busquen diferenciar-se de la compet\u00e8ncia mitjan\u00e7ant la fabricaci\u00f3 de productes amb acabats personalitzats. A vegades, els processos de fabricaci\u00f3 [&hellip;]<\/p>\n","protected":false},"author":1,"featured_media":0,"parent":318,"menu_order":0,"comment_status":"closed","ping_status":"closed","template":"","meta":[],"aioseo_notices":[],"_links":{"self":[{"href":"https:\/\/nexpert.cat\/ca\/wp-json\/wp\/v2\/pages\/330"}],"collection":[{"href":"https:\/\/nexpert.cat\/ca\/wp-json\/wp\/v2\/pages"}],"about":[{"href":"https:\/\/nexpert.cat\/ca\/wp-json\/wp\/v2\/types\/page"}],"author":[{"embeddable":true,"href":"https:\/\/nexpert.cat\/ca\/wp-json\/wp\/v2\/users\/1"}],"replies":[{"embeddable":true,"href":"https:\/\/nexpert.cat\/ca\/wp-json\/wp\/v2\/comments?post=330"}],"version-history":[{"count":2,"href":"https:\/\/nexpert.cat\/ca\/wp-json\/wp\/v2\/pages\/330\/revisions"}],"predecessor-version":[{"id":1383,"href":"https:\/\/nexpert.cat\/ca\/wp-json\/wp\/v2\/pages\/330\/revisions\/1383"}],"up":[{"embeddable":true,"href":"https:\/\/nexpert.cat\/ca\/wp-json\/wp\/v2\/pages\/318"}],"wp:attachment":[{"href":"https:\/\/nexpert.cat\/ca\/wp-json\/wp\/v2\/media?parent=330"}],"curies":[{"name":"wp","href":"https:\/\/api.w.org\/{rel}","templated":true}]}}