{"id":318,"date":"2019-04-01T13:05:35","date_gmt":"2019-04-01T11:05:35","guid":{"rendered":"http:\/\/nexpert.cat\/?page_id=318"},"modified":"2024-08-07T08:22:31","modified_gmt":"2024-08-07T06:22:31","slug":"robotica-industrial","status":"publish","type":"page","link":"https:\/\/nexpert.cat\/ca\/serveis\/robotica-industrial\/","title":{"rendered":"Rob\u00f2tica Industrial"},"content":{"rendered":"\n<div id=\"metaslider-id-198\" style=\"width: 100%;\" class=\"ml-slider-3-107-0 metaslider metaslider-flex metaslider-198 ml-slider ms-theme-default nav-hidden\" role=\"region\" aria-label=\"Robotica\" data-height=\"350\" data-width=\"700\">\n    <div id=\"metaslider_container_198\">\n        <div id=\"metaslider_198\">\n            <ul class='slides'>\n                <li style=\"display: block; width: 100%;\" class=\"slide-199 ms-image \" aria-roledescription=\"slide\" data-date=\"2019-01-30 14:05:44\" data-filename=\"robotica-600x300.jpg\" data-slide-type=\"image\"><img src=\"https:\/\/nexpert.cat\/wp-content\/uploads\/2019\/01\/robotica-600x300.jpg\" height=\"350\" width=\"700\" alt=\"\" class=\"slider-198 slide-199 msDefaultImage\" title=\"robotica\" \/><\/li>\n                <li style=\"display: none; width: 100%;\" class=\"slide-200 ms-image \" aria-roledescription=\"slide\" data-date=\"2019-01-30 14:06:02\" data-filename=\"IMGP4004-650x325.jpg\" data-slide-type=\"image\"><img src=\"https:\/\/nexpert.cat\/wp-content\/uploads\/2019\/01\/IMGP4004-650x325.jpg\" height=\"350\" width=\"700\" alt=\"\" class=\"slider-198 slide-200 msDefaultImage\" title=\"IMGP4004\" \/><\/li>\n            <\/ul>\n        <\/div>\n        \n    <\/div>\n<\/div>\n\n\n\n<div style=\"height:40px\" aria-hidden=\"true\" class=\"wp-block-spacer\"><\/div>\n\n\n\n<p>Davant d\u2019un entorn cada vegada m\u00e9s competitiu, tenim la obligaci\u00f3 d\u2019ajudar a les empreses a millorar de forma eficient els seus processos productius. La rob\u00f2tica ofereix solucions innovadores i fiables. Col\u00b7laborem amb els nostres clients per implantar-les de manera efica\u00e7 i rendible, amb projectes adaptats a les necessitats espec\u00edfiques de cada un d\u2019ells. Per aix\u00f2 des de fa m\u00e9s de 20 anys a Nexpert S.L. tenim un departament exclusiu dedicat al camp de la rob\u00f2tica.<\/p>\n\n\n\n<p>Realitzem tot tipus de projectes clau en m\u00e0: Instal\u00b7laci\u00f3 del robot, cap\u00e7al, tancat de seguretat, i instal\u00b7laci\u00f3 dels quadres de pot\u00e8ncia i control, amb la interf\u00edcie home-m\u00e0quina corresponent.<\/p>\n\n\n\n<p>La rob\u00f2tica ens permet oferir tot tipus d\u2019aplicacions, on les m\u00e9s estandarditzades que tenim s\u00f3n:<br><\/p>\n\n\n\n<ul class=\"aplicacions-list\">\n<li><strong><a href=\"http:\/\/nexpert.cat\/serveis\/robotica-industrial\/aplicacions-especials\/\">APLICACIONS ESPECIALS<\/a><\/strong><a href=\"\/serveis\/robotica\/aplicacions-especials\/\"><br><\/a>Tot tipus d\u2019aplicacions personalitzades per acabats especials de cada client amb total exclusivitat.<\/li>\n<\/ul>\n\n\n\n<ul class=\"aplicacions-list\">\n<li><strong><a href=\"http:\/\/nexpert.cat\/serveis\/robotica-industrial\/alimentacio-de-maquines\/\">ALIMENTACI\u00d3 DE M\u00c0QUINES<\/a><\/strong><br>Alimentaci\u00f3 de geladores est\u00e0tiques, capsuladores, tapadores, etc.<\/li>\n<\/ul>\n\n\n\n<ul class=\"aplicacions-list\">\n<li><strong><a href=\"http:\/\/nexpert.cat\/serveis\/robotica-industrial\/manipulacio-pickplace\/\">MANIPULACI\u00d3 PICK&amp;PLACE<\/a><\/strong><a href=\"http:\/\/www.nexpert.cat\/serveis\/robotica\/manipulacio-ampolles\/\"><br><\/a>Trasp\u00e0s d\u2019ampolles a safates i g\u00e0bies.<\/li>\n<\/ul>\n\n\n\n<ul class=\"aplicacions-list\">\n<li><strong><a href=\"http:\/\/nexpert.cat\/serveis\/robotica-industrial\/despaletitzat\/\">DESPALETITZAT<\/a><\/strong><a href=\"http:\/\/www.nexpert.cat\/serveis\/robotica\/despaletitzat-ampolles\/\"><br><\/a>Despaletitzat de productes i ampolles per alimentar l\u00ednies de producci\u00f3.<\/li>\n<\/ul>\n\n\n\n<ul class=\"aplicacions-list\">\n<li><strong><a href=\"http:\/\/nexpert.cat\/serveis\/robotica-industrial\/paletitzat\/\">PALETITZAT<\/a><\/strong><a href=\"http:\/\/www.nexpert.cat\/serveis\/robotica\/paletitzat\/\"><br><\/a>Paletitzat de productes i caixes de totes les dimensions i pesos.<\/li>\n<\/ul>\n","protected":false},"excerpt":{"rendered":"<p>Davant d\u2019un entorn cada vegada m\u00e9s competitiu, tenim la obligaci\u00f3 d\u2019ajudar a les empreses a millorar de forma eficient els seus processos productius. La rob\u00f2tica ofereix solucions innovadores i fiables. Col\u00b7laborem amb els nostres clients per implantar-les de manera efica\u00e7 i rendible, amb projectes adaptats a les necessitats espec\u00edfiques de cada un d\u2019ells. Per aix\u00f2 [&hellip;]<\/p>\n","protected":false},"author":1,"featured_media":0,"parent":37,"menu_order":0,"comment_status":"closed","ping_status":"closed","template":"","meta":[],"aioseo_notices":[],"_links":{"self":[{"href":"https:\/\/nexpert.cat\/ca\/wp-json\/wp\/v2\/pages\/318"}],"collection":[{"href":"https:\/\/nexpert.cat\/ca\/wp-json\/wp\/v2\/pages"}],"about":[{"href":"https:\/\/nexpert.cat\/ca\/wp-json\/wp\/v2\/types\/page"}],"author":[{"embeddable":true,"href":"https:\/\/nexpert.cat\/ca\/wp-json\/wp\/v2\/users\/1"}],"replies":[{"embeddable":true,"href":"https:\/\/nexpert.cat\/ca\/wp-json\/wp\/v2\/comments?post=318"}],"version-history":[{"count":13,"href":"https:\/\/nexpert.cat\/ca\/wp-json\/wp\/v2\/pages\/318\/revisions"}],"predecessor-version":[{"id":1277,"href":"https:\/\/nexpert.cat\/ca\/wp-json\/wp\/v2\/pages\/318\/revisions\/1277"}],"up":[{"embeddable":true,"href":"https:\/\/nexpert.cat\/ca\/wp-json\/wp\/v2\/pages\/37"}],"wp:attachment":[{"href":"https:\/\/nexpert.cat\/ca\/wp-json\/wp\/v2\/media?parent=318"}],"curies":[{"name":"wp","href":"https:\/\/api.w.org\/{rel}","templated":true}]}}