{"id":2,"date":"2019-01-18T19:59:31","date_gmt":"2019-01-18T17:59:31","guid":{"rendered":"http:\/\/nexpert.cat\/?page_id=2"},"modified":"2024-08-21T13:54:01","modified_gmt":"2024-08-21T11:54:01","slug":"pagina-exemple","status":"publish","type":"page","link":"https:\/\/nexpert.cat\/ca\/","title":{"rendered":"Home"},"content":{"rendered":"\n<section class=\"row benefits\">\n\t<header id=\"presentation\">\n\t\t<img decoding=\"async\" src=\"\/wp-content\/uploads\/2019\/10\/logo_nexpert_new_350px.png\" alt=\"nexpert logo\" style=\"width: 300px; margin: 1.5rem auto; \">\n\t\t<h3>M\u00e9s de 45 anys oferint els millors serveis als nostres clients.<\/h3>\n\t\t<h4>Automatitzaci\u00f3 que millora la productivitat.<\/h4>\n\t\t<p class=\"txt-benefits\">En un entorn cada vegada m\u00e9s competitiu, ajudem a les empreses a millorar de forma eficient els seus processos productius.<br> El nostre equip de professionals estudia les noves tend\u00e8ncies i la tecnologia m\u00e9s avantguardista per oferir als nostres clients les solucions m\u00e9s actuals i un servei de qualitat.<\/p>\n\t<\/header>\n\n\t<div class=\"destacat-home\">\n\t\t<img decoding=\"async\" src=\"\/wp-content\/themes\/FoundationPress\/dist\/assets\/images\/industry-2.svg\" alt=\"robotica industrial\">\n\t\t<a href=\"\/serveis\/robotica-industrial\"><h3>Rob\u00f2tica Industrial<\/h3><\/a>\n\t\t<img decoding=\"async\" src=\"\/wp-content\/themes\/FoundationPress\/dist\/assets\/images\/logo-nexrobotics.png\" alt=\"robotica industrial nexrobotics\" style=\"width: 70%; margin-top: 0; padding-top: 0;\">\n\t\t<p>El departament Nexrobotics compta amb m\u00e9s de 20 anys d\u2019experi\u00e8ncia aportant solucions mitjan\u00e7ant la rob\u00f2tica industrial. Oferim tot tipus de projectes clau en m\u00e0.<\/p>\n\t<\/div>\n\n\t<div class=\"destacat-home\">\n\t\t<img decoding=\"async\" src=\"\/wp-content\/themes\/FoundationPress\/dist\/assets\/images\/industry-3.svg\" alt=\"automatitzaci\u00f3 industrial\">\n\t\t<a href=\"automatitzacio-industrial\"><h3>Automatitzaci\u00f3 Industrial<\/h3><\/a>\n\t\t<p>Som especialistes amb una gran experi\u00e8ncia en tots els aspectes de les tecnologies de la automatitzaci\u00f3. M\u00e9s de 45 anys oferint solucions per a millorar els processos industrials.<\/p>\n\n\t<\/div>\n\n\t<div class=\"destacat-home\">\n\t\t<img decoding=\"async\" src=\"\/wp-content\/themes\/FoundationPress\/dist\/assets\/images\/industry.svg\" alt=\"productes Omron\">\n\t\t<a href=\"\/distribucio\"><h3>Integration Partner<\/h3><\/a>\n\t\t<img decoding=\"async\" src=\"\/wp-content\/themes\/FoundationPress\/dist\/assets\/images\/OMRON_Logo.svg\" alt=\"productes Omron\" style=\"margin-top: 0; padding-top: 0;\">\n\t\t<p>Som Integration Partner Oficial OMRON. Conegui l\u2019amplia gamma de productes Omron de Control i Automatitzaci\u00f3.<\/p>\n\t<\/div>\n\n\t<div class=\"destacat-home\">\n\t\t<img decoding=\"async\" src=\"\/wp-content\/themes\/FoundationPress\/dist\/assets\/images\/people.svg\" alt=\"formaci\u00f3\">\n\t\t<a href=\"\/serveis\/formacio\"><h3>Formaci\u00f3<\/h3><\/a>\n\t\t<p>Oferim als nostres clients programes de formaci\u00f3 a mida per a tots els nivells, amb les tecnologies que implantem, exercits pels nostres t\u00e8cnics o b\u00e9 amb el suport de professionals d\u2019OMRON en els diversos aspectes amb els quals treballem.<\/p>\n\t<\/div>\n\n<\/section>\n\n<div class=\"section-divider\"><hr><\/div>\n\n<section class=\"row benefits moore-services\">\n\n\t<header>\n\t\t<h3>M\u00e9s serveis que prestem als nostres clients<\/h3>\n\t\t<p class=\"txt-benefits\" style=\"text-align:center;\">Consulta&#8217;ns i t&#8217;informarem de tots els nostres serveis o descarrega&#8217;t el nostre cat\u00e0leg.<\/p>\n<a href=\"\/wp-content\/uploads\/2019\/09\/Cataleg-general-Nexpert.pdf\" target=\"_blank\" class=\"button warning text-center\" rel=\"noopener noreferrer\"><strong>Descarrega el Cat\u00e0leg<\/strong><\/a>\n\t<\/header>\n\n\t<div class=\"destacat-home\">\n\t\t<img decoding=\"async\" class=\"img-moore-services\" src=\"\/wp-content\/themes\/FoundationPress\/dist\/assets\/images\/camera.svg\" alt=\"control qualitat\">\n\t\t<a href=\"control-de-qualitat\"><h3>Control de Qualitat<\/h3><\/a>\n\t<\/div>\n\n\t<div class=\"destacat-home\">\n\t\t<img decoding=\"async\" class=\"img-moore-services\" src=\"\/wp-content\/themes\/FoundationPress\/dist\/assets\/images\/quadres-electrics.svg\" alt=\"quadres electrics\">\n\t\t<a href=\"quadres-electrics\"> <h3>Quadres El\u00e8ctrics<\/h3><\/a>\n\t<\/div>\n\n\t<div class=\"destacat-home\">\n\t\t<img decoding=\"async\" class=\"img-moore-services\" src=\"\/wp-content\/themes\/FoundationPress\/dist\/assets\/images\/muntatges-electrics.svg\" alt=\"muntatges electrics\">\n\t\t<a href=\"muntatges-electrics\"><h3>Muntatges El\u00e8ctrics<\/h3><\/a>\n\t<\/div>\n\n\t<div class=\"destacat-home\">\n\t\t<img decoding=\"async\" class=\"img-moore-services\" src=\"\/wp-content\/themes\/FoundationPress\/dist\/assets\/images\/oficina-tecnica.svg\" alt=\"oficina tecnica\">\n\t\t<a href=\"oficina-tecnica\"><h3>Oficina T\u00e9cnica<\/h3><\/a>\n\t<\/div>\n\n\t<div class=\"why-foundation lead\">\n\t\t<a href=\"\/serveis\">T&#8217;expliquem tots els serveis que oferim \u2192<\/a>\n\t<\/div>\n\n<\/section>\n","protected":false},"excerpt":{"rendered":"<p>M\u00e9s de 45 anys oferint els millors serveis als nostres clients. Automatitzaci\u00f3 que millora la productivitat. En un entorn cada vegada m\u00e9s competitiu, ajudem a les empreses a millorar de forma eficient els seus processos productius. El nostre equip de professionals estudia les noves tend\u00e8ncies i la tecnologia m\u00e9s avantguardista per oferir als nostres clients [&hellip;]<\/p>\n","protected":false},"author":1,"featured_media":0,"parent":0,"menu_order":0,"comment_status":"closed","ping_status":"closed","template":"page-templates\/front.php","meta":[],"aioseo_notices":[],"_links":{"self":[{"href":"https:\/\/nexpert.cat\/ca\/wp-json\/wp\/v2\/pages\/2"}],"collection":[{"href":"https:\/\/nexpert.cat\/ca\/wp-json\/wp\/v2\/pages"}],"about":[{"href":"https:\/\/nexpert.cat\/ca\/wp-json\/wp\/v2\/types\/page"}],"author":[{"embeddable":true,"href":"https:\/\/nexpert.cat\/ca\/wp-json\/wp\/v2\/users\/1"}],"replies":[{"embeddable":true,"href":"https:\/\/nexpert.cat\/ca\/wp-json\/wp\/v2\/comments?post=2"}],"version-history":[{"count":70,"href":"https:\/\/nexpert.cat\/ca\/wp-json\/wp\/v2\/pages\/2\/revisions"}],"predecessor-version":[{"id":1278,"href":"https:\/\/nexpert.cat\/ca\/wp-json\/wp\/v2\/pages\/2\/revisions\/1278"}],"wp:attachment":[{"href":"https:\/\/nexpert.cat\/ca\/wp-json\/wp\/v2\/media?parent=2"}],"curies":[{"name":"wp","href":"https:\/\/api.w.org\/{rel}","templated":true}]}}